{"id":275716,"date":"2025-03-07T18:52:50","date_gmt":"2025-03-20T12:41:51","guid":{"rendered":"https:\/\/staging.nbg.eu\/product\/vortex-defender-xl-micro-red-dot\/"},"modified":"2025-03-20T12:43:58","modified_gmt":"2025-03-20T12:43:58","slug":"vortex-defender-xl-punto-rojo-micro","status":"publish","type":"product","link":"https:\/\/staging.nbg.eu\/es\/producto\/vortex-defender-xl-punto-rojo-micro\/","title":{"rendered":"Vortex &#8211; Defender-XL\u2122 &#8211; Punto Rojo Micro"},"content":{"rendered":"<div class=\"product-description\">\n<h2>Vortex &#8211; Defender-XL\u2122 &#8211; Punto Rojo Micro<\/h2>\n<p>El Vortex Defender-XL\u2122 es un punto rojo micro para tiro competitivo. Este visor tiene una ventana de visi\u00f3n grande que proporciona mayor visi\u00f3n perif\u00e9rica y aumenta la velocidad para disparos de seguimiento.<\/p>\n<h2>Caracter\u00edsticas principales:<\/h2>\n<ul>\n<li><strong>Punto Rojo de 5 MOA:<\/strong> Visible para adquirir objetivos en cualquier condici\u00f3n de iluminaci\u00f3n<\/li>\n<li><strong>10 Ajustes de Brillo:<\/strong> 8 para uso diurno y 2 compatibles con visi\u00f3n nocturna<\/li>\n<li><strong>Ventana de Visi\u00f3n Grande:<\/strong> Adquisici\u00f3n r\u00e1pida de objetivos y amplio campo de visi\u00f3n<\/li>\n<li><strong>Lente Asf\u00e9rica:<\/strong> Imagen sin distorsi\u00f3n con colores m\u00e1s reales<\/li>\n<li><strong>Inserto de Pol\u00edmero ShockShield\u2122:<\/strong> Protecci\u00f3n contra uso diario intenso<\/li>\n<li><strong>Texturizado Fast-Rack\u2122:<\/strong> Textura para facilitar el montaje de la corredera<\/li>\n<li><strong>Activaci\u00f3n por Movimiento:<\/strong> Encendido autom\u00e1tico con apagado a los 10 minutos para conservar bater\u00eda<\/li>\n<li><strong>Bloqueo de Botones:<\/strong> Previene ajustes accidentales de brillo<\/li>\n<li><strong>Bater\u00eda en la Parte Superior:<\/strong> Cambio de bater\u00eda sin necesidad de recalibrar<\/li>\n<\/ul>\n<h2>Especificaciones t\u00e9cnicas:<\/h2>\n<ul>\n<li>Huella de Montaje: DeltaPoint\u00ae Pro<\/li>\n<li>Tipo de Montaje: Picatinny<\/li>\n<li>Aumento: 1x<\/li>\n<li>Tipo de Bater\u00eda: CR2032<\/li>\n<li>Duraci\u00f3n de la Bater\u00eda: 25,000 horas<\/li>\n<li>Graduaci\u00f3n de Ajuste: 1 MOA<\/li>\n<li>Ajuste M\u00e1ximo de Elevaci\u00f3n: 120 MOA<\/li>\n<li>Ajuste M\u00e1ximo de Deriva: 115 MOA<\/li>\n<li>Longitud: 5.08 cm<\/li>\n<li>Peso: 54.7 g<\/li>\n<\/ul>\n<h2>Durabilidad y Rendimiento:<\/h2>\n<ul>\n<li>Impermeable: Sellos de junta t\u00f3rica para rendimiento en todos los ambientes<\/li>\n<li>Antiniebla: Dise\u00f1ado para soportar un amplio rango de temperaturas<\/li>\n<li>Resistente a Impactos: Construcci\u00f3n para soportar retroceso e impactos<\/li>\n<li>Anodizado Negro Mate de Bajo Brillo: Acabado resistente a la corrosi\u00f3n y al desgaste<\/li>\n<li>Chasis de Una Pieza: Dise\u00f1o compacto y ligero<\/li>\n<li>Sin Paralaje: Paralaje insignificante para mayor precisi\u00f3n<\/li>\n<li>Alivio Ocular Ilimitado: Alivio ocular no cr\u00edtico para adquisici\u00f3n r\u00e1pida de objetivos<\/li>\n<\/ul>\n<p>El Vortex Defender-XL\u2122 Punto Rojo Micro es adecuado para tiradores que requieren un rendimiento de alta calidad.<\/p>\n<\/div>\n","protected":false},"excerpt":{"rendered":"<p>Mira de punto rojo resistente y compacta con ventana grande para adquisici\u00f3n r\u00e1pida del objetivo. Punto de 5 MOA, 10 niveles de brillo.<\/p>\n","protected":false},"featured_media":249123,"template":"","meta":{"_acf_changed":false},"product_brand":[11965],"product_cat":[12236,12255,12256,12235,12289],"product_tag":[],"class_list":{"0":"post-275716","1":"product","2":"type-product","3":"status-publish","4":"has-post-thumbnail","6":"product_brand-vortex","7":"product_cat-pistola","8":"product_cat-punteria","9":"product_cat-puntos-rojos","10":"product_cat-puntos-rojos-para-pistola","11":"product_cat-puntos-rojos-para-rifle","13":"first","14":"instock","15":"sale","16":"taxable","17":"shipping-taxable","18":"purchasable","19":"product-type-variable","20":"wvs-archive-product-wrapper"},"acf":[],"_links":{"self":[{"href":"https:\/\/staging.nbg.eu\/es\/wp-json\/wp\/v2\/product\/275716","targetHints":{"allow":["GET"]}}],"collection":[{"href":"https:\/\/staging.nbg.eu\/es\/wp-json\/wp\/v2\/product"}],"about":[{"href":"https:\/\/staging.nbg.eu\/es\/wp-json\/wp\/v2\/types\/product"}],"wp:featuredmedia":[{"embeddable":true,"href":"https:\/\/staging.nbg.eu\/es\/wp-json\/wp\/v2\/media\/249123"}],"wp:attachment":[{"href":"https:\/\/staging.nbg.eu\/es\/wp-json\/wp\/v2\/media?parent=275716"}],"wp:term":[{"taxonomy":"product_brand","embeddable":true,"href":"https:\/\/staging.nbg.eu\/es\/wp-json\/wp\/v2\/product_brand?post=275716"},{"taxonomy":"product_cat","embeddable":true,"href":"https:\/\/staging.nbg.eu\/es\/wp-json\/wp\/v2\/product_cat?post=275716"},{"taxonomy":"product_tag","embeddable":true,"href":"https:\/\/staging.nbg.eu\/es\/wp-json\/wp\/v2\/product_tag?post=275716"}],"curies":[{"name":"wp","href":"https:\/\/api.w.org\/{rel}","templated":true}]}}