{"id":275567,"date":"2025-03-07T11:08:39","date_gmt":"2025-03-20T12:27:16","guid":{"rendered":"https:\/\/staging.nbg.eu\/product\/ipsc-targets-mini-100pcs\/"},"modified":"2025-03-20T12:29:14","modified_gmt":"2025-03-20T12:29:14","slug":"blancos-ipsc-mini-100pcs","status":"publish","type":"product","link":"https:\/\/staging.nbg.eu\/es\/producto\/blancos-ipsc-mini-100pcs\/","title":{"rendered":"Blancos IPSC mini 100pcs"},"content":{"rendered":"<div class=\"product-description\">\n<h2>Blancos Mini IPSC de Cart\u00f3n &#8211; Paquete de 100<\/h2>\n<p>Blancos legales para IPSC, adecuados para competici\u00f3n y entrenamiento. Cada paquete contiene 100 blancos mini, dise\u00f1ados para cumplir con los est\u00e1ndares de las competiciones IPSC.<\/p>\n<ul>\n<li>Construcci\u00f3n de cart\u00f3n<\/li>\n<li>Zonas A, C y D perforadas para puntuaci\u00f3n<\/li>\n<li>Dise\u00f1o de dos colores: Frente marr\u00f3n claro, reverso blanco<\/li>\n<li>El lado blanco sirve como blanco de penalizaci\u00f3n<\/li>\n<li>L\u00edneas de puntuaci\u00f3n visibles en ambos lados<\/li>\n<\/ul>\n<p>Estos blancos son \u00fatiles para la pr\u00e1ctica de tiro. Adecuados para pr\u00e1ctica en el campo de tiro, competiciones o entrenamiento t\u00e1ctico.<\/p>\n<\/div>\n","protected":false},"excerpt":{"rendered":"<p>Blancos mini IPSC: 100 objetivos de cart\u00f3n perforados para entrenamiento y competiciones.<\/p>\n","protected":false},"featured_media":246712,"template":"","meta":{"_acf_changed":false},"product_brand":[],"product_cat":[12252,12277],"product_tag":[],"class_list":{"0":"post-275567","1":"product","2":"type-product","3":"status-publish","4":"has-post-thumbnail","6":"product_cat-blancos-de-papel","7":"product_cat-objetivos","9":"first","10":"instock","11":"taxable","12":"shipping-taxable","13":"purchasable","14":"product-type-simple"},"acf":[],"_links":{"self":[{"href":"https:\/\/staging.nbg.eu\/es\/wp-json\/wp\/v2\/product\/275567","targetHints":{"allow":["GET"]}}],"collection":[{"href":"https:\/\/staging.nbg.eu\/es\/wp-json\/wp\/v2\/product"}],"about":[{"href":"https:\/\/staging.nbg.eu\/es\/wp-json\/wp\/v2\/types\/product"}],"wp:featuredmedia":[{"embeddable":true,"href":"https:\/\/staging.nbg.eu\/es\/wp-json\/wp\/v2\/media\/246712"}],"wp:attachment":[{"href":"https:\/\/staging.nbg.eu\/es\/wp-json\/wp\/v2\/media?parent=275567"}],"wp:term":[{"taxonomy":"product_brand","embeddable":true,"href":"https:\/\/staging.nbg.eu\/es\/wp-json\/wp\/v2\/product_brand?post=275567"},{"taxonomy":"product_cat","embeddable":true,"href":"https:\/\/staging.nbg.eu\/es\/wp-json\/wp\/v2\/product_cat?post=275567"},{"taxonomy":"product_tag","embeddable":true,"href":"https:\/\/staging.nbg.eu\/es\/wp-json\/wp\/v2\/product_tag?post=275567"}],"curies":[{"name":"wp","href":"https:\/\/api.w.org\/{rel}","templated":true}]}}