{"id":275423,"date":"2025-03-07T10:54:35","date_gmt":"2025-03-07T10:54:35","guid":{"rendered":"https:\/\/staging.nbg.eu\/product\/ipsc-targets-50pcs\/"},"modified":"2025-03-20T12:11:02","modified_gmt":"2025-03-20T12:11:02","slug":"blancos-ipsc-50pcs","status":"publish","type":"product","link":"https:\/\/staging.nbg.eu\/es\/producto\/blancos-ipsc-50pcs\/","title":{"rendered":"Blancos IPSC 50pcs"},"content":{"rendered":"<div class=\"product-description\">\n<h2>Blancos de cart\u00f3n IPSC &#8211; Paquete de 50 unidades<\/h2>\n<p>Blancos legales IPSC para competici\u00f3n y entrenamiento. Cada paquete contiene 50 blancos dise\u00f1ados para cumplir con los est\u00e1ndares de las competiciones IPSC.<\/p>\n<ul>\n<li>Material: Cart\u00f3n<\/li>\n<li>Cantidad: 50 blancos por paquete<\/li>\n<li>Colores: Dise\u00f1o de doble cara marr\u00f3n claro\/blanco<\/li>\n<li>Zonas A, C y D perforadas para puntuaci\u00f3n<\/li>\n<\/ul>\n<p>Estos blancos tienen perforaciones en el lado marr\u00f3n claro, definiendo las zonas de puntuaci\u00f3n. El reverso blanco puede usarse como Blanco de Penalizaci\u00f3n, con l\u00edneas de puntuaci\u00f3n visibles a trav\u00e9s de las perforaciones.<\/p>\n<p>Para competidores y practicantes, estos blancos IPSC sirven para mejorar habilidades y medir el progreso.<\/p>\n<\/div>\n","protected":false},"excerpt":{"rendered":"<p>Objetivos IPSC: 50 blancos de cart\u00f3n premium para competici\u00f3n y entrenamiento.<\/p>\n","protected":false},"featured_media":246689,"template":"","meta":{"_acf_changed":false},"product_brand":[],"product_cat":[12252,12277],"product_tag":[],"class_list":{"0":"post-275423","1":"product","2":"type-product","3":"status-publish","4":"has-post-thumbnail","6":"product_cat-blancos-de-papel","7":"product_cat-objetivos","9":"first","10":"instock","11":"taxable","12":"shipping-taxable","13":"purchasable","14":"product-type-simple"},"acf":[],"_links":{"self":[{"href":"https:\/\/staging.nbg.eu\/es\/wp-json\/wp\/v2\/product\/275423","targetHints":{"allow":["GET"]}}],"collection":[{"href":"https:\/\/staging.nbg.eu\/es\/wp-json\/wp\/v2\/product"}],"about":[{"href":"https:\/\/staging.nbg.eu\/es\/wp-json\/wp\/v2\/types\/product"}],"wp:featuredmedia":[{"embeddable":true,"href":"https:\/\/staging.nbg.eu\/es\/wp-json\/wp\/v2\/media\/246689"}],"wp:attachment":[{"href":"https:\/\/staging.nbg.eu\/es\/wp-json\/wp\/v2\/media?parent=275423"}],"wp:term":[{"taxonomy":"product_brand","embeddable":true,"href":"https:\/\/staging.nbg.eu\/es\/wp-json\/wp\/v2\/product_brand?post=275423"},{"taxonomy":"product_cat","embeddable":true,"href":"https:\/\/staging.nbg.eu\/es\/wp-json\/wp\/v2\/product_cat?post=275423"},{"taxonomy":"product_tag","embeddable":true,"href":"https:\/\/staging.nbg.eu\/es\/wp-json\/wp\/v2\/product_tag?post=275423"}],"curies":[{"name":"wp","href":"https:\/\/api.w.org\/{rel}","templated":true}]}}