{"id":274557,"date":"2025-03-03T19:48:45","date_gmt":"2025-03-03T19:48:45","guid":{"rendered":"https:\/\/staging.nbg.eu\/product\/daa-dry-fire-target-set-classic-ipsc\/"},"modified":"2025-03-20T09:18:04","modified_gmt":"2025-03-20T09:18:04","slug":"daa-set-de-blancos-en-seco-classic-ipsc","status":"publish","type":"product","link":"https:\/\/staging.nbg.eu\/es\/producto\/daa-set-de-blancos-en-seco-classic-ipsc\/","title":{"rendered":"DAA Set de Blancos en Seco (Classic-IPSC)"},"content":{"rendered":"<h2>Conjunto de Blancos para Tiro en Seco DAA (IPSC Cl\u00e1sico)<\/h2>\n<p>Mejore sus habilidades de tiro con nuestro Conjunto de Blancos para Tiro en Seco, que incluye 20 blancos IPSC Cl\u00e1sicos a escala reducida. Adecuados para pr\u00e1ctica en interiores, estos blancos de madera cortados con l\u00e1ser simulan distancias y im\u00e1genes de mira realistas.<\/p>\n<ul>\n<li>Placas de madera de 3mm de grosor para durabilidad y color aut\u00e9ntico<\/li>\n<li>Tama\u00f1os: 32% (18.5cm), 20% (11.5cm), y 12% (6.8cm) de los blancos de tama\u00f1o completo<\/li>\n<li>Incluye 3 blancos peque\u00f1os tipo popper y blancos parciales<\/li>\n<li>Agujeros para colgar para f\u00e1cil instalaci\u00f3n<\/li>\n<\/ul>\n<p>Mejore su t\u00e9cnica de tiro sin costos de munici\u00f3n o tiempo en el campo de tiro. Entrene con su propio equipo y desarrolle habilidades subconscientes cr\u00edticas. Coloque los blancos a 2.5-3 metros para simular distancias de 15, 20 y 30 metros. Perfeccione su imagen de mira y control del gatillo en la comodidad de su hogar.<\/p>\n<p>Mejore su pr\u00e1ctica de tiro en seco hoy con el Conjunto de Blancos para Tiro en Seco DAA.<\/p>\n","protected":false},"excerpt":{"rendered":"<p>Blancos IPSC realistas y a escala para una pr\u00e1ctica efectiva de tiro en seco en casa.<\/p>\n","protected":false},"featured_media":235937,"template":"","meta":{"_acf_changed":false},"product_brand":[11277],"product_cat":[12252,12277],"product_tag":[],"class_list":{"0":"post-274557","1":"product","2":"type-product","3":"status-publish","4":"has-post-thumbnail","6":"product_brand-doublealpha","7":"product_cat-blancos-de-papel","8":"product_cat-objetivos","10":"first","11":"outofstock","12":"taxable","13":"shipping-taxable","14":"purchasable","15":"product-type-simple"},"acf":[],"_links":{"self":[{"href":"https:\/\/staging.nbg.eu\/es\/wp-json\/wp\/v2\/product\/274557","targetHints":{"allow":["GET"]}}],"collection":[{"href":"https:\/\/staging.nbg.eu\/es\/wp-json\/wp\/v2\/product"}],"about":[{"href":"https:\/\/staging.nbg.eu\/es\/wp-json\/wp\/v2\/types\/product"}],"wp:featuredmedia":[{"embeddable":true,"href":"https:\/\/staging.nbg.eu\/es\/wp-json\/wp\/v2\/media\/235937"}],"wp:attachment":[{"href":"https:\/\/staging.nbg.eu\/es\/wp-json\/wp\/v2\/media?parent=274557"}],"wp:term":[{"taxonomy":"product_brand","embeddable":true,"href":"https:\/\/staging.nbg.eu\/es\/wp-json\/wp\/v2\/product_brand?post=274557"},{"taxonomy":"product_cat","embeddable":true,"href":"https:\/\/staging.nbg.eu\/es\/wp-json\/wp\/v2\/product_cat?post=274557"},{"taxonomy":"product_tag","embeddable":true,"href":"https:\/\/staging.nbg.eu\/es\/wp-json\/wp\/v2\/product_tag?post=274557"}],"curies":[{"name":"wp","href":"https:\/\/api.w.org\/{rel}","templated":true}]}}