{"id":236104,"date":"2025-03-03T20:03:09","date_gmt":"2025-03-03T20:03:09","guid":{"rendered":"https:\/\/staging.nbg.eu\/?post_type=product&#038;p=236104"},"modified":"2025-09-30T13:43:14","modified_gmt":"2025-09-30T10:43:14","slug":"cachas-kmr-s-lija-modular-plateada","status":"publish","type":"product","link":"https:\/\/staging.nbg.eu\/es\/producto\/cachas-kmr-s-lija-modular-plateada\/","title":{"rendered":"Cachas KMR S Lija Modular Plateada"},"content":{"rendered":"<h2>Empu\u00f1aduras KMR S Modulares de Papel de Lija &#8211; Negro<\/h2>\n<p>Empu\u00f1aduras modulares de papel de lija para pistola KMR S-02. Fabricadas de duraluminio anodizado, estas empu\u00f1aduras largas ofrecen manejo y comodidad.<\/p>\n<h2>Caracter\u00edsticas:<\/h2>\n<ul>\n<li>Ajuste exclusivo para modelos KMR S-02 .22 LR<\/li>\n<li>Construcci\u00f3n de duraluminio anodizado<\/li>\n<li>Dise\u00f1adas para uso sin gu\u00eda de cargador<\/li>\n<li>Incluye tornillos torx para instalaci\u00f3n<\/li>\n<li>Acabado negro con logo KMR<\/li>\n<\/ul>\n<p>Nota: Estas empu\u00f1aduras est\u00e1n dise\u00f1adas espec\u00edficamente para el marco de aluminio de 26mm de ancho del KMR S-02 y no son compatibles con los tama\u00f1os de marco W-02 o L-02. Mejoran el agarre y la precisi\u00f3n de tiro para la pistola KMR S-02.<\/p>\n<dl class=\"data-sheet\">\n<dt class=\"name\">Para Armas KMR<\/dt>\n<dd class=\"value\">KMR S-01 LANCE (OR)<br \/>\nKMR S-02 HASTA 2023<\/dd>\n<dt class=\"name\">Selecci\u00f3n por Armas CZ<\/dt>\n<dd class=\"value\">CZ SHADOW 1<br \/>\nCZ SHADOW 2<br \/>\nCZ SHADOW 2 (OR)<br \/>\nCZ SP-01<\/dd>\n<\/dl>\n","protected":false},"excerpt":{"rendered":"<p>Empu\u00f1adura modular negra KMR S-02, compatible con armaz\u00f3n de aluminio.<br \/>\n0611-03101-0101<\/p>\n","protected":false},"featured_media":73906,"template":"","meta":{"_acf_changed":false},"product_brand":[11503],"product_cat":[12231],"product_tag":[],"class_list":{"0":"post-236104","1":"product","2":"type-product","3":"status-publish","4":"has-post-thumbnail","6":"product_brand-kmr-precision","7":"product_cat-piezas-kmr","9":"first","10":"instock","11":"taxable","12":"shipping-taxable","13":"purchasable","14":"product-type-simple"},"acf":[],"_links":{"self":[{"href":"https:\/\/staging.nbg.eu\/es\/wp-json\/wp\/v2\/product\/236104","targetHints":{"allow":["GET"]}}],"collection":[{"href":"https:\/\/staging.nbg.eu\/es\/wp-json\/wp\/v2\/product"}],"about":[{"href":"https:\/\/staging.nbg.eu\/es\/wp-json\/wp\/v2\/types\/product"}],"wp:featuredmedia":[{"embeddable":true,"href":"https:\/\/staging.nbg.eu\/es\/wp-json\/wp\/v2\/media\/73906"}],"wp:attachment":[{"href":"https:\/\/staging.nbg.eu\/es\/wp-json\/wp\/v2\/media?parent=236104"}],"wp:term":[{"taxonomy":"product_brand","embeddable":true,"href":"https:\/\/staging.nbg.eu\/es\/wp-json\/wp\/v2\/product_brand?post=236104"},{"taxonomy":"product_cat","embeddable":true,"href":"https:\/\/staging.nbg.eu\/es\/wp-json\/wp\/v2\/product_cat?post=236104"},{"taxonomy":"product_tag","embeddable":true,"href":"https:\/\/staging.nbg.eu\/es\/wp-json\/wp\/v2\/product_tag?post=236104"}],"curies":[{"name":"wp","href":"https:\/\/api.w.org\/{rel}","templated":true}]}}