{"id":211552,"date":"2024-01-24T19:30:39","date_gmt":"2025-02-19T13:02:50","guid":{"rendered":"https:\/\/staging.nbg.eu\/product\/iosso-bolt-carrier-brush\/"},"modified":"2025-02-19T13:15:32","modified_gmt":"2025-02-19T13:15:32","slug":"cepillo-para-portador-de-cerrojo-iosso","status":"publish","type":"product","link":"https:\/\/staging.nbg.eu\/es\/producto\/cepillo-para-portador-de-cerrojo-iosso\/","title":{"rendered":"Cepillo para Portador de Cerrojo Iosso"},"content":{"rendered":"<p style=\"text-align: center\"><strong><span style=\"font-size: 170%\">Cepillos para portador de cerrojo losso<\/span><\/strong><\/p>\n<p>Este kit contiene paquetes de cepillos para portador de cerrojo y c\u00e1mara. Est\u00e1n dimensionados con tolerancia ajustada para una limpieza precisa. Est\u00e1n hechos de una fibra azul, que es gruesa, r\u00edgida y mantiene bien su forma. Esto permite una acci\u00f3n de ida y vuelta a diferencia de los cepillos tradicionales de lat\u00f3n y bronce. Se pueden usar varias veces antes de desgastarse.<\/p>\n<table width=\"305\">\n<tbody>\n<tr>\n<td width=\"305\"><strong>Portador de cerrojo AR-15 con espiga, paquete de 2<\/strong><\/td>\n<\/tr>\n<tr>\n<td><strong>Portador de cerrojo de rifle AR.308 con espiga, paquete de 2<\/strong><\/td>\n<\/tr>\n<\/tbody>\n<\/table>\n","protected":false},"excerpt":{"rendered":"<p><strong>Dimensionado con estrecha tolerancia para una limpieza precisa<\/strong><\/p>\n","protected":false},"featured_media":107719,"template":"","meta":{"_acf_changed":false},"product_brand":[11484],"product_cat":[12287,12260],"product_tag":[],"class_list":{"0":"post-211552","1":"product","2":"type-product","3":"status-publish","4":"has-post-thumbnail","6":"product_brand-iosso","7":"product_cat-cepillos","8":"product_cat-limpieza-de-armas","9":"pa_model-ar-308-es-2","10":"pa_model-ar-15-es","12":"first","13":"instock","14":"taxable","15":"shipping-taxable","16":"purchasable","17":"product-type-variable","18":"wvs-archive-product-wrapper"},"acf":[],"_links":{"self":[{"href":"https:\/\/staging.nbg.eu\/es\/wp-json\/wp\/v2\/product\/211552","targetHints":{"allow":["GET"]}}],"collection":[{"href":"https:\/\/staging.nbg.eu\/es\/wp-json\/wp\/v2\/product"}],"about":[{"href":"https:\/\/staging.nbg.eu\/es\/wp-json\/wp\/v2\/types\/product"}],"wp:featuredmedia":[{"embeddable":true,"href":"https:\/\/staging.nbg.eu\/es\/wp-json\/wp\/v2\/media\/107719"}],"wp:attachment":[{"href":"https:\/\/staging.nbg.eu\/es\/wp-json\/wp\/v2\/media?parent=211552"}],"wp:term":[{"taxonomy":"product_brand","embeddable":true,"href":"https:\/\/staging.nbg.eu\/es\/wp-json\/wp\/v2\/product_brand?post=211552"},{"taxonomy":"product_cat","embeddable":true,"href":"https:\/\/staging.nbg.eu\/es\/wp-json\/wp\/v2\/product_cat?post=211552"},{"taxonomy":"product_tag","embeddable":true,"href":"https:\/\/staging.nbg.eu\/es\/wp-json\/wp\/v2\/product_tag?post=211552"}],"curies":[{"name":"wp","href":"https:\/\/api.w.org\/{rel}","templated":true}]}}