{"id":208683,"date":"2024-07-29T13:02:15","date_gmt":"2024-07-29T13:02:15","guid":{"rendered":"https:\/\/staging.nbg.eu\/product\/bore-tech-friction-guard-xp-120ml\/"},"modified":"2025-02-16T16:55:51","modified_gmt":"2025-02-16T16:55:51","slug":"protector-de-friccion-bore-tech-xp-120ml","status":"publish","type":"product","link":"https:\/\/staging.nbg.eu\/es\/producto\/protector-de-friccion-bore-tech-xp-120ml\/","title":{"rendered":"Protector de Fricci\u00f3n Bore Tech XP 120ml"},"content":{"rendered":"<h2>Aceite para armas Bore Tech Friction Guard XP &#8211; 120ml<\/h2>\n<p>El aceite para armas Bore Tech Friction Guard XP es una mezcla sint\u00e9tica que cumple con los requisitos MIL-PRF-63460E, ofreciendo:<\/p>\n<ul>\n<li>Lubricaci\u00f3n de -73\u00b0C a 315\u00b0C<\/li>\n<li>Reducci\u00f3n del 95% en fricci\u00f3n y desgaste<\/li>\n<li>Protecci\u00f3n contra la corrosi\u00f3n<\/li>\n<li>Penetraci\u00f3n y adherencia a superficies met\u00e1licas<\/li>\n<li>Capa resistente con propiedades antidesgaste<\/li>\n<li>Resistencia a temperaturas extremas<\/li>\n<li>Protecci\u00f3n de m\u00e1s de 100 horas en prueba de niebla salina<\/li>\n<li>Desplazamiento de humedad<\/li>\n<li>Repelente de polvo y residuos<\/li>\n<\/ul>\n<p>Para tiradores, cazadores y aficionados. Friction Guard XP acondiciona el ca\u00f1\u00f3n de su arma y proporciona protecci\u00f3n durante el uso y almacenamiento.<\/p>\n","protected":false},"excerpt":{"rendered":"<p>Aceite sint\u00e9tico de alto rendimiento para armas, que proporciona una lubricaci\u00f3n y protecci\u00f3n superiores.<\/p>\n","protected":false},"featured_media":150494,"template":"","meta":{"_acf_changed":false},"product_brand":[11163],"product_cat":[12260,12248],"product_tag":[],"class_list":{"0":"post-208683","1":"product","2":"type-product","3":"status-publish","4":"has-post-thumbnail","6":"product_brand-boretech","7":"product_cat-limpieza-de-armas","8":"product_cat-lubricantes","10":"first","11":"instock","12":"taxable","13":"shipping-taxable","14":"purchasable","15":"product-type-simple"},"acf":[],"_links":{"self":[{"href":"https:\/\/staging.nbg.eu\/es\/wp-json\/wp\/v2\/product\/208683","targetHints":{"allow":["GET"]}}],"collection":[{"href":"https:\/\/staging.nbg.eu\/es\/wp-json\/wp\/v2\/product"}],"about":[{"href":"https:\/\/staging.nbg.eu\/es\/wp-json\/wp\/v2\/types\/product"}],"wp:featuredmedia":[{"embeddable":true,"href":"https:\/\/staging.nbg.eu\/es\/wp-json\/wp\/v2\/media\/150494"}],"wp:attachment":[{"href":"https:\/\/staging.nbg.eu\/es\/wp-json\/wp\/v2\/media?parent=208683"}],"wp:term":[{"taxonomy":"product_brand","embeddable":true,"href":"https:\/\/staging.nbg.eu\/es\/wp-json\/wp\/v2\/product_brand?post=208683"},{"taxonomy":"product_cat","embeddable":true,"href":"https:\/\/staging.nbg.eu\/es\/wp-json\/wp\/v2\/product_cat?post=208683"},{"taxonomy":"product_tag","embeddable":true,"href":"https:\/\/staging.nbg.eu\/es\/wp-json\/wp\/v2\/product_tag?post=208683"}],"curies":[{"name":"wp","href":"https:\/\/api.w.org\/{rel}","templated":true}]}}