{"id":141510,"date":"2025-01-04T07:53:30","date_gmt":"2025-01-10T22:38:09","guid":{"rendered":"https:\/\/staging.nbg.eu\/product\/area-419-s-m-a-l-single-mlok-arcalock-rail\/"},"modified":"2025-01-10T22:39:46","modified_gmt":"2025-01-10T22:39:46","slug":"area-419-smal-riel-arcalock-mlok-individual","status":"publish","type":"product","link":"https:\/\/staging.nbg.eu\/es\/producto\/area-419-smal-riel-arcalock-mlok-individual\/","title":{"rendered":"Area 419 &#8211; S.M.A.L. &#8211; Riel ARCALOCK MLOK Individual"},"content":{"rendered":"<div class=\"product-description\">\n<h2>Area 419 &#8211; S.M.A.L. &#8211; Riel ARCALOCK MLOK Individual<\/h2>\n<p>El riel S.M.A.L. (ARCALOCK MLOK Individual) es adecuado para montar tel\u00e9metros, binoculares, visores y rifles de ca\u00f1\u00f3n corto.<\/p>\n<ul>\n<li>Puntos de montaje MLOK con herrajes incluidos<\/li>\n<li>Punto de montaje central 1\/4-20 (herrajes incluidos)<\/li>\n<li>Fabricado en Estados Unidos con aluminio 6061-T6<\/li>\n<li>Acabado anodizado negro<\/li>\n<\/ul>\n<h3>Especificaciones:<\/h3>\n<ul>\n<li>Peso: 0.18 kg<\/li>\n<li>Dimensiones: 15.24 \u00d7 10.16 \u00d7 2.54 cm<\/li>\n<\/ul>\n<p>El riel S.M.A.L. proporciona una soluci\u00f3n de montaje para su equipo de precisi\u00f3n.<\/p>\n<\/div>\n","protected":false},"excerpt":{"rendered":"<p>Riel ARCALOCK MLOK compacto para montaje vers\u00e1til. Fabricado en EE. UU. con aluminio 6061-T6.<\/p>\n","protected":false},"featured_media":115753,"template":"","meta":{"_acf_changed":false},"product_brand":[11050],"product_cat":[12227,12279,390],"product_tag":[],"class_list":{"0":"post-141510","1":"product","2":"type-product","3":"status-publish","4":"has-post-thumbnail","6":"product_brand-area-419","7":"product_cat-rieles","8":"product_cat-rifle","9":"product_cat-aiming","11":"first","12":"instock","13":"taxable","14":"shipping-taxable","15":"purchasable","16":"product-type-simple"},"acf":[],"_links":{"self":[{"href":"https:\/\/staging.nbg.eu\/es\/wp-json\/wp\/v2\/product\/141510","targetHints":{"allow":["GET"]}}],"collection":[{"href":"https:\/\/staging.nbg.eu\/es\/wp-json\/wp\/v2\/product"}],"about":[{"href":"https:\/\/staging.nbg.eu\/es\/wp-json\/wp\/v2\/types\/product"}],"wp:featuredmedia":[{"embeddable":true,"href":"https:\/\/staging.nbg.eu\/es\/wp-json\/wp\/v2\/media\/115753"}],"wp:attachment":[{"href":"https:\/\/staging.nbg.eu\/es\/wp-json\/wp\/v2\/media?parent=141510"}],"wp:term":[{"taxonomy":"product_brand","embeddable":true,"href":"https:\/\/staging.nbg.eu\/es\/wp-json\/wp\/v2\/product_brand?post=141510"},{"taxonomy":"product_cat","embeddable":true,"href":"https:\/\/staging.nbg.eu\/es\/wp-json\/wp\/v2\/product_cat?post=141510"},{"taxonomy":"product_tag","embeddable":true,"href":"https:\/\/staging.nbg.eu\/es\/wp-json\/wp\/v2\/product_tag?post=141510"}],"curies":[{"name":"wp","href":"https:\/\/api.w.org\/{rel}","templated":true}]}}