{"id":141407,"date":"2025-01-04T07:20:19","date_gmt":"2025-01-10T22:33:40","guid":{"rendered":"https:\/\/staging.nbg.eu\/product\/area-419-arcalock-clamp\/"},"modified":"2025-01-10T22:35:18","modified_gmt":"2025-01-10T22:35:18","slug":"area-419-abrazadera-arcalock","status":"publish","type":"product","link":"https:\/\/staging.nbg.eu\/es\/producto\/area-419-abrazadera-arcalock\/","title":{"rendered":"Area 419 &#8211; Abrazadera ARCALOCK"},"content":{"rendered":"<div class=\"product-description\">\n<h2>Area 419 &#8211; Abrazadera ARCALOCK<\/h2>\n<p>La abrazadera ARCALOCK de Area 419 funciona en todos los rieles de cola de milano ARCA\/1.5&#8243; est\u00e1ndar, ofreciendo una soluci\u00f3n mec\u00e1nicamente bloqueada para mayor estabilidad.<\/p>\n<ul>\n<li>Dise\u00f1o de tornillo de dos etapas para movimiento r\u00e1pido y torque adicional<\/li>\n<li>Compatible con b\u00edpodes Atlas y adaptable para b\u00edpodes Harris<\/li>\n<li>Funcionalidad de tope de barricada<\/li>\n<li>Compatible con rieles ARCA est\u00e1ndar<\/li>\n<li>Fabricado en aluminio 6061-T6 con anodizado Tipo III<\/li>\n<li>Peso de 72.5 gramos<\/li>\n<\/ul>\n<p>La abrazadera ARCALOCK de Area 419 ofrece estabilidad y precisi\u00f3n para la configuraci\u00f3n de rifles de precisi\u00f3n.<\/p>\n<\/div>\n","protected":false},"excerpt":{"rendered":"<p>Abrazadera ARCA segura con mecanismo de bloqueo para rifles de precisi\u00f3n.<\/p>\n","protected":false},"featured_media":115260,"template":"","meta":{"_acf_changed":false},"product_brand":[11050],"product_cat":[12227,12279],"product_tag":[],"class_list":{"0":"post-141407","1":"product","2":"type-product","3":"status-publish","4":"has-post-thumbnail","6":"product_brand-area-419","7":"product_cat-rieles","8":"product_cat-rifle","10":"first","11":"instock","12":"taxable","13":"shipping-taxable","14":"purchasable","15":"product-type-simple"},"acf":[],"_links":{"self":[{"href":"https:\/\/staging.nbg.eu\/es\/wp-json\/wp\/v2\/product\/141407","targetHints":{"allow":["GET"]}}],"collection":[{"href":"https:\/\/staging.nbg.eu\/es\/wp-json\/wp\/v2\/product"}],"about":[{"href":"https:\/\/staging.nbg.eu\/es\/wp-json\/wp\/v2\/types\/product"}],"wp:featuredmedia":[{"embeddable":true,"href":"https:\/\/staging.nbg.eu\/es\/wp-json\/wp\/v2\/media\/115260"}],"wp:attachment":[{"href":"https:\/\/staging.nbg.eu\/es\/wp-json\/wp\/v2\/media?parent=141407"}],"wp:term":[{"taxonomy":"product_brand","embeddable":true,"href":"https:\/\/staging.nbg.eu\/es\/wp-json\/wp\/v2\/product_brand?post=141407"},{"taxonomy":"product_cat","embeddable":true,"href":"https:\/\/staging.nbg.eu\/es\/wp-json\/wp\/v2\/product_cat?post=141407"},{"taxonomy":"product_tag","embeddable":true,"href":"https:\/\/staging.nbg.eu\/es\/wp-json\/wp\/v2\/product_tag?post=141407"}],"curies":[{"name":"wp","href":"https:\/\/api.w.org\/{rel}","templated":true}]}}