{"id":140890,"date":"2025-01-04T07:33:44","date_gmt":"2025-01-10T19:02:25","guid":{"rendered":"https:\/\/staging.nbg.eu\/product\/area-419-arcalock-qd-clamp\/"},"modified":"2025-01-10T19:04:02","modified_gmt":"2025-01-10T19:04:02","slug":"area-419-abrazadera-qd-arcalock","status":"publish","type":"product","link":"https:\/\/staging.nbg.eu\/es\/producto\/area-419-abrazadera-qd-arcalock\/","title":{"rendered":"Area 419 &#8211; Abrazadera QD ARCALOCK"},"content":{"rendered":"<div class=\"product-description\">\n<h2>Area 419 &#8211; Abrazadera QD ARCALOCK<\/h2>\n<p>La abrazadera ARCALOCK QD de Area 419 funciona en todos los rieles de cola de milano ARCA\/1.5&#8243; est\u00e1ndar, ofreciendo una soluci\u00f3n mec\u00e1nicamente bloqueada para mayor estabilidad.<\/p>\n<ul>\n<li>Dise\u00f1o de tornillo de dos etapas para movimiento r\u00e1pido y torque adicional<\/li>\n<li>Compatible con b\u00edpodes Atlas y adaptable para b\u00edpodes Harris<\/li>\n<li>Compatible con rieles ARCA est\u00e1ndar<\/li>\n<li>Fabricada en aluminio 6061-T6 con anodizado negro tipo III<\/li>\n<li>Tornillo de acero inoxidable 303 para durabilidad<\/li>\n<li>Peso ligero de 72.5 gramos<\/li>\n<\/ul>\n<p>La abrazadera QD ARCALOCK est\u00e1 dise\u00f1ada y fabricada en EE. UU. por Area 419.<\/p>\n<\/div>\n","protected":false},"excerpt":{"rendered":"<p>Abrazadera ARCA de desenganche r\u00e1pido con mecanismo de bloqueo para un montaje seguro.<\/p>\n","protected":false},"featured_media":115506,"template":"","meta":{"_acf_changed":false},"product_brand":[11050],"product_cat":[12227,12279,390],"product_tag":[],"class_list":{"0":"post-140890","1":"product","2":"type-product","3":"status-publish","4":"has-post-thumbnail","6":"product_brand-area-419","7":"product_cat-rieles","8":"product_cat-rifle","9":"product_cat-aiming","11":"first","12":"instock","13":"taxable","14":"shipping-taxable","15":"purchasable","16":"product-type-simple"},"acf":[],"_links":{"self":[{"href":"https:\/\/staging.nbg.eu\/es\/wp-json\/wp\/v2\/product\/140890","targetHints":{"allow":["GET"]}}],"collection":[{"href":"https:\/\/staging.nbg.eu\/es\/wp-json\/wp\/v2\/product"}],"about":[{"href":"https:\/\/staging.nbg.eu\/es\/wp-json\/wp\/v2\/types\/product"}],"wp:featuredmedia":[{"embeddable":true,"href":"https:\/\/staging.nbg.eu\/es\/wp-json\/wp\/v2\/media\/115506"}],"wp:attachment":[{"href":"https:\/\/staging.nbg.eu\/es\/wp-json\/wp\/v2\/media?parent=140890"}],"wp:term":[{"taxonomy":"product_brand","embeddable":true,"href":"https:\/\/staging.nbg.eu\/es\/wp-json\/wp\/v2\/product_brand?post=140890"},{"taxonomy":"product_cat","embeddable":true,"href":"https:\/\/staging.nbg.eu\/es\/wp-json\/wp\/v2\/product_cat?post=140890"},{"taxonomy":"product_tag","embeddable":true,"href":"https:\/\/staging.nbg.eu\/es\/wp-json\/wp\/v2\/product_tag?post=140890"}],"curies":[{"name":"wp","href":"https:\/\/api.w.org\/{rel}","templated":true}]}}