{"id":140617,"date":"2025-01-04T07:09:46","date_gmt":"2025-01-10T17:49:45","guid":{"rendered":"https:\/\/staging.nbg.eu\/product\/area-419-arcalock-arm-for-garmin-xero\/"},"modified":"2025-01-10T17:51:32","modified_gmt":"2025-01-10T17:51:32","slug":"area-419-brazo-arcalock-para-garmin-xero","status":"publish","type":"product","link":"https:\/\/staging.nbg.eu\/es\/producto\/area-419-brazo-arcalock-para-garmin-xero\/","title":{"rendered":"Area 419 &#8211; Brazo ARCALOCK para Garmin Xero"},"content":{"rendered":"<div class=\"product-description\">\n<h2>Area 419 &#8211; Brazo ARCALOCK para Garmin Xero C1<\/h2>\n<p>Aumente la versatilidad de su Garmin Xero C1 con nuestro brazo ARCALOCK. Este accesorio permite m\u00faltiples opciones de montaje:<\/p>\n<ul>\n<li>En l\u00ednea con el ca\u00f1\u00f3n (montaje tipo trampol\u00edn o lateral)<\/li>\n<li>Desplazado usando riel ARCA o riel picatinny alargado<\/li>\n<li>Desmontable para uso en cualquier tr\u00edpode compatible con ARCA<\/li>\n<\/ul>\n<p>Fabricado en aluminio, este brazo cuenta con un patr\u00f3n de montaje 17S compatible con nuestras abrazaderas Arcalock o abrazadera de palanca picatinny QD. Un complemento para su cron\u00f3grafo Garmin Xero C1.<\/p>\n<h3>Especificaciones:<\/h3>\n<ul>\n<li>Peso: 454 gramos<\/li>\n<li>Dimensiones: 15,24 cm \u00d7 10,16 cm \u00d7 2,54 cm<\/li>\n<\/ul>\n<\/div>\n","protected":false},"excerpt":{"rendered":"<p>Soporte vers\u00e1til para Garmin Xero C1: Compatible con ca\u00f1\u00f3n, riel o tr\u00edpode.<\/p>\n","protected":false},"featured_media":114894,"template":"","meta":{"_acf_changed":false},"product_brand":[11050],"product_cat":[12227,12279],"product_tag":[],"class_list":{"0":"post-140617","1":"product","2":"type-product","3":"status-publish","4":"has-post-thumbnail","6":"product_brand-area-419","7":"product_cat-rieles","8":"product_cat-rifle","10":"first","11":"instock","12":"taxable","13":"shipping-taxable","14":"purchasable","15":"product-type-variable","16":"wvs-archive-product-wrapper"},"acf":[],"_links":{"self":[{"href":"https:\/\/staging.nbg.eu\/es\/wp-json\/wp\/v2\/product\/140617","targetHints":{"allow":["GET"]}}],"collection":[{"href":"https:\/\/staging.nbg.eu\/es\/wp-json\/wp\/v2\/product"}],"about":[{"href":"https:\/\/staging.nbg.eu\/es\/wp-json\/wp\/v2\/types\/product"}],"wp:featuredmedia":[{"embeddable":true,"href":"https:\/\/staging.nbg.eu\/es\/wp-json\/wp\/v2\/media\/114894"}],"wp:attachment":[{"href":"https:\/\/staging.nbg.eu\/es\/wp-json\/wp\/v2\/media?parent=140617"}],"wp:term":[{"taxonomy":"product_brand","embeddable":true,"href":"https:\/\/staging.nbg.eu\/es\/wp-json\/wp\/v2\/product_brand?post=140617"},{"taxonomy":"product_cat","embeddable":true,"href":"https:\/\/staging.nbg.eu\/es\/wp-json\/wp\/v2\/product_cat?post=140617"},{"taxonomy":"product_tag","embeddable":true,"href":"https:\/\/staging.nbg.eu\/es\/wp-json\/wp\/v2\/product_tag?post=140617"}],"curies":[{"name":"wp","href":"https:\/\/api.w.org\/{rel}","templated":true}]}}