{"id":140354,"date":"2025-01-04T04:41:18","date_gmt":"2025-01-10T15:17:18","guid":{"rendered":"https:\/\/staging.nbg.eu\/product\/area-419-arcalock-12-m-lok-dovetail-rail\/"},"modified":"2025-01-10T15:19:04","modified_gmt":"2025-01-10T15:19:04","slug":"area-419-riel-dovetail-m-lok-arcalock-de-12-pulgadas","status":"publish","type":"product","link":"https:\/\/staging.nbg.eu\/es\/producto\/area-419-riel-dovetail-m-lok-arcalock-de-12-pulgadas\/","title":{"rendered":"Area 419 &#8211; Riel Dovetail M-LOK ARCALOCK de 12 pulgadas"},"content":{"rendered":"<div class=\"product-description\">\n<h2>Area 419 &#8211; Riel Dovetail ARCALOCK 12&#8243; M-LOK<\/h2>\n<p>El riel ARCALOCK 12&#8243; M-LOK Dovetail de Area 419 tiene las siguientes caracter\u00edsticas:<\/p>\n<ul>\n<li>Lados del riel serrados para bloqueo mec\u00e1nico con abrazaderas Area 419<\/li>\n<li>Compatibilidad con accesorios Arca est\u00e1ndar<\/li>\n<li>Longitud de 12 pulgadas<\/li>\n<li>Peso de 4.1 onzas<\/li>\n<li>Compatible con el est\u00e1ndar RRS 1.5&#8243; Dovetail<\/li>\n<li>Bordes biselados y esquinas redondeadas<\/li>\n<li>Acabado anodizado Tipo 3 Hard Coat<\/li>\n<li>Fabricado en EE. UU. con aluminio 6061-T6<\/li>\n<li>Ranuras M-LOK en la parte inferior para accesorios adicionales<\/li>\n<\/ul>\n<p>El riel ARCALOCK est\u00e1 dise\u00f1ado para prevenir deslizamientos bajo presi\u00f3n. Incluye todo el hardware de montaje M-LOK necesario.<\/p>\n<p><strong>Nota:<\/strong> Requiere 6 ranuras MLOK consecutivas para su fijaci\u00f3n. El tope de barricada angular trasero se vende por separado.<\/p>\n<\/div>\n","protected":false},"excerpt":{"rendered":"<p>Riel ARCA de 12&#8243; con cerradura y ranuras M-LOK. Lados dentados, ligero y duradero.<\/p>\n","protected":false},"featured_media":112423,"template":"","meta":{"_acf_changed":false},"product_brand":[11050],"product_cat":[12227,12279,390],"product_tag":[],"class_list":{"0":"post-140354","1":"product","2":"type-product","3":"status-publish","4":"has-post-thumbnail","6":"product_brand-area-419","7":"product_cat-rieles","8":"product_cat-rifle","9":"product_cat-aiming","11":"first","12":"instock","13":"taxable","14":"shipping-taxable","15":"purchasable","16":"product-type-variable","17":"wvs-archive-product-wrapper"},"acf":[],"_links":{"self":[{"href":"https:\/\/staging.nbg.eu\/es\/wp-json\/wp\/v2\/product\/140354","targetHints":{"allow":["GET"]}}],"collection":[{"href":"https:\/\/staging.nbg.eu\/es\/wp-json\/wp\/v2\/product"}],"about":[{"href":"https:\/\/staging.nbg.eu\/es\/wp-json\/wp\/v2\/types\/product"}],"wp:featuredmedia":[{"embeddable":true,"href":"https:\/\/staging.nbg.eu\/es\/wp-json\/wp\/v2\/media\/112423"}],"wp:attachment":[{"href":"https:\/\/staging.nbg.eu\/es\/wp-json\/wp\/v2\/media?parent=140354"}],"wp:term":[{"taxonomy":"product_brand","embeddable":true,"href":"https:\/\/staging.nbg.eu\/es\/wp-json\/wp\/v2\/product_brand?post=140354"},{"taxonomy":"product_cat","embeddable":true,"href":"https:\/\/staging.nbg.eu\/es\/wp-json\/wp\/v2\/product_cat?post=140354"},{"taxonomy":"product_tag","embeddable":true,"href":"https:\/\/staging.nbg.eu\/es\/wp-json\/wp\/v2\/product_tag?post=140354"}],"curies":[{"name":"wp","href":"https:\/\/api.w.org\/{rel}","templated":true}]}}