{"id":139334,"date":"2025-01-04T11:28:41","date_gmt":"2025-01-04T11:28:41","guid":{"rendered":"https:\/\/staging.nbg.eu\/product\/area-419-3-inch-stackable-drop-tube\/"},"modified":"2025-01-10T10:37:00","modified_gmt":"2025-01-10T10:37:00","slug":"area-419-tubo-de-caida-apilable-de-3-pulgadas","status":"publish","type":"product","link":"https:\/\/staging.nbg.eu\/es\/producto\/area-419-tubo-de-caida-apilable-de-3-pulgadas\/","title":{"rendered":"Area 419 &#8211; Tubo de Ca\u00edda Apilable de 3 Pulgadas"},"content":{"rendered":"<h2>Area 419 &#8211; Tubo de ca\u00edda apilable de 3 pulgadas<\/h2>\n<p>Mejore la precisi\u00f3n de su recarga con el tubo de ca\u00edda apilable de 3 pulgadas de Area 419. Dise\u00f1ado para usar con p\u00f3lvoras extruidas, esta herramienta permite un llenado m\u00e1s completo del casquillo m\u00e1s all\u00e1 de las capacidades est\u00e1ndar.<\/p>\n<h2>Caracter\u00edsticas principales:<\/h2>\n<ul>\n<li>Compatible con el sistema de embudo de p\u00f3lvora de cabezal intercambiable de Area 419<\/li>\n<li>Longitud de 3&#8243;, apilable para alturas personalizadas<\/li>\n<li>Acepta cabezales espec\u00edficos para cada calibre<\/li>\n<li>Fabricado en aluminio s\u00f3lido 6061-T6<\/li>\n<li>Acabado anodizado tipo II<\/li>\n<\/ul>\n<h2>Especificaciones:<\/h2>\n<ul>\n<li>Peso: 0.2 lbs<\/li>\n<li>Dimensiones: 3&#8243; \u00d7 0.8&#8243; \u00d7 0.8&#8243;<\/li>\n<li>Fabricante: Area 419<\/li>\n<\/ul>\n<p>Mejore su proceso de recarga con este tubo de ca\u00edda vers\u00e1til y de ingenier\u00eda precisa.<\/p>\n","protected":false},"excerpt":{"rendered":"<p>Tubo de ca\u00edda de p\u00f3lvora apilable de 3&#8243; para un llenado eficiente de cartuchos. Aluminio.<\/p>\n","protected":false},"featured_media":119174,"template":"","meta":{"_acf_changed":false},"product_brand":[11050],"product_cat":[12229,12275],"product_tag":[],"class_list":{"0":"post-139334","1":"product","2":"type-product","3":"status-publish","4":"has-post-thumbnail","6":"product_brand-area-419","7":"product_cat-accesorios-de-recarga","8":"product_cat-recarga","10":"first","11":"outofstock","12":"taxable","13":"shipping-taxable","14":"purchasable","15":"product-type-simple"},"acf":[],"_links":{"self":[{"href":"https:\/\/staging.nbg.eu\/es\/wp-json\/wp\/v2\/product\/139334","targetHints":{"allow":["GET"]}}],"collection":[{"href":"https:\/\/staging.nbg.eu\/es\/wp-json\/wp\/v2\/product"}],"about":[{"href":"https:\/\/staging.nbg.eu\/es\/wp-json\/wp\/v2\/types\/product"}],"wp:featuredmedia":[{"embeddable":true,"href":"https:\/\/staging.nbg.eu\/es\/wp-json\/wp\/v2\/media\/119174"}],"wp:attachment":[{"href":"https:\/\/staging.nbg.eu\/es\/wp-json\/wp\/v2\/media?parent=139334"}],"wp:term":[{"taxonomy":"product_brand","embeddable":true,"href":"https:\/\/staging.nbg.eu\/es\/wp-json\/wp\/v2\/product_brand?post=139334"},{"taxonomy":"product_cat","embeddable":true,"href":"https:\/\/staging.nbg.eu\/es\/wp-json\/wp\/v2\/product_cat?post=139334"},{"taxonomy":"product_tag","embeddable":true,"href":"https:\/\/staging.nbg.eu\/es\/wp-json\/wp\/v2\/product_tag?post=139334"}],"curies":[{"name":"wp","href":"https:\/\/api.w.org\/{rel}","templated":true}]}}