{"id":139208,"date":"2025-01-04T11:14:34","date_gmt":"2025-01-04T11:14:34","guid":{"rendered":"https:\/\/staging.nbg.eu\/product\/fixed-scope-level-for-area-419-rings-and-mounts\/"},"modified":"2025-01-10T10:28:41","modified_gmt":"2025-01-10T10:28:41","slug":"nivel-de-mira-fijo-para-anillos-y-monturas-area-419","status":"publish","type":"product","link":"https:\/\/staging.nbg.eu\/es\/producto\/nivel-de-mira-fijo-para-anillos-y-monturas-area-419\/","title":{"rendered":"Nivel de Mira Fijo para Anillos y Monturas Area 419"},"content":{"rendered":"<div class=\"product-description\">\n<h2>Nivel Fijo para Anillos y Monturas Area 419<\/h2>\n<p>Nuestro Nivel Fijo es simple y efectivo. Dise\u00f1ado para alta visibilidad y repetibilidad, este nivel presenta:<\/p>\n<ul>\n<li>Vial de esp\u00edritu de alta visibilidad para f\u00e1cil lectura<\/li>\n<li>Dise\u00f1o vers\u00e1til compatible con m\u00faltiples puntos de montaje<\/li>\n<li>Fabricado en aluminio 6061 duradero<\/li>\n<li>Fabricado en Estados Unidos<\/li>\n<\/ul>\n<p>Adecuado para tiradores de precisi\u00f3n que requieren exactitud. Se puede montar en cualquiera de nuestros anillos y monturas seg\u00fan su preferencia.<\/p>\n<h3>Especificaciones:<\/h3>\n<ul>\n<li>Peso: 0.23 kg<\/li>\n<li>Dimensiones: 15.24 \u00d7 10.16 \u00d7 2.54 cm<\/li>\n<\/ul>\n<p>El Nivel Fijo combina simplicidad y precisi\u00f3n.<\/p>\n<\/div>\n","protected":false},"excerpt":{"rendered":"<p>\u00abNivel de alcance visible y repetible. Aluminio fabricado en EE. UU. Montaje vers\u00e1til.\u00bb<\/p>\n","protected":false},"featured_media":118932,"template":"","meta":{"_acf_changed":false},"product_brand":[11050],"product_cat":[12212,12255],"product_tag":[],"class_list":{"0":"post-139208","1":"product","2":"type-product","3":"status-publish","4":"has-post-thumbnail","6":"product_brand-area-419","7":"product_cat-accesorios-de-punteria","8":"product_cat-punteria","10":"first","11":"instock","12":"taxable","13":"shipping-taxable","14":"purchasable","15":"product-type-simple"},"acf":[],"_links":{"self":[{"href":"https:\/\/staging.nbg.eu\/es\/wp-json\/wp\/v2\/product\/139208","targetHints":{"allow":["GET"]}}],"collection":[{"href":"https:\/\/staging.nbg.eu\/es\/wp-json\/wp\/v2\/product"}],"about":[{"href":"https:\/\/staging.nbg.eu\/es\/wp-json\/wp\/v2\/types\/product"}],"wp:featuredmedia":[{"embeddable":true,"href":"https:\/\/staging.nbg.eu\/es\/wp-json\/wp\/v2\/media\/118932"}],"wp:attachment":[{"href":"https:\/\/staging.nbg.eu\/es\/wp-json\/wp\/v2\/media?parent=139208"}],"wp:term":[{"taxonomy":"product_brand","embeddable":true,"href":"https:\/\/staging.nbg.eu\/es\/wp-json\/wp\/v2\/product_brand?post=139208"},{"taxonomy":"product_cat","embeddable":true,"href":"https:\/\/staging.nbg.eu\/es\/wp-json\/wp\/v2\/product_cat?post=139208"},{"taxonomy":"product_tag","embeddable":true,"href":"https:\/\/staging.nbg.eu\/es\/wp-json\/wp\/v2\/product_tag?post=139208"}],"curies":[{"name":"wp","href":"https:\/\/api.w.org\/{rel}","templated":true}]}}