{"id":138374,"date":"2025-01-04T04:14:08","date_gmt":"2025-01-09T20:35:41","guid":{"rendered":"https:\/\/staging.nbg.eu\/product\/area-419-remington-700-long-action-improved-scope-rail-isr-la\/"},"modified":"2025-01-09T20:37:45","modified_gmt":"2025-01-09T20:37:45","slug":"area-419-riel-de-mira-mejorado-remington-700-accion-larga-isr-la","status":"publish","type":"product","link":"https:\/\/staging.nbg.eu\/es\/producto\/area-419-riel-de-mira-mejorado-remington-700-accion-larga-isr-la\/","title":{"rendered":"Area 419 &#8211; Riel de Mira Mejorado Remington 700 Acci\u00f3n Larga (ISR-LA)"},"content":{"rendered":"<div class=\"product-description\">\n<h2>Area 419 &#8211; Riel de mira mejorado para acci\u00f3n larga Remington 700 (ISR-LA)<\/h2>\n<p>El riel de mira Area 419 ISR-LA. Fabricado con precisi\u00f3n en aluminio 7075, este riel incluye:<\/p>\n<ul>\n<li>Tope de retroceso integral para mayor estabilidad<\/li>\n<li>Disponible en dise\u00f1os de ranura completa y tope ARC<\/li>\n<li>Compatible con tornillos #6 y #8<\/li>\n<li>\u00c1ngulo de 20 MOA garantizado para mayor alcance<\/li>\n<li>Cumple con MIL-STD-1913<\/li>\n<li>Acabado anodizado negro tipo III Hardcoat<\/li>\n<\/ul>\n<p>Incluye hardware de montaje y llave Torx T10. Elija entre ranura completa para compatibilidad universal o tope ARC para una est\u00e9tica \u00fanica. Dimensiones: 8,25&#8243; \u00d7 1&#8243; \u00d7 1&#8243;, Peso: 0,2 lbs.<\/p>\n<\/div>\n","protected":false},"excerpt":{"rendered":"<p>Riel de mira de 20 MOA de ingenier\u00eda de precisi\u00f3n para rifles Remington 700 LA.<\/p>\n","protected":false},"featured_media":111616,"template":"","meta":{"_acf_changed":false},"product_brand":[11050],"product_cat":[12227,12279],"product_tag":[],"class_list":{"0":"post-138374","1":"product","2":"type-product","3":"status-publish","4":"has-post-thumbnail","6":"product_brand-area-419","7":"product_cat-rieles","8":"product_cat-rifle","10":"first","11":"instock","12":"taxable","13":"shipping-taxable","14":"purchasable","15":"product-type-variable","16":"wvs-archive-product-wrapper"},"acf":[],"_links":{"self":[{"href":"https:\/\/staging.nbg.eu\/es\/wp-json\/wp\/v2\/product\/138374","targetHints":{"allow":["GET"]}}],"collection":[{"href":"https:\/\/staging.nbg.eu\/es\/wp-json\/wp\/v2\/product"}],"about":[{"href":"https:\/\/staging.nbg.eu\/es\/wp-json\/wp\/v2\/types\/product"}],"wp:featuredmedia":[{"embeddable":true,"href":"https:\/\/staging.nbg.eu\/es\/wp-json\/wp\/v2\/media\/111616"}],"wp:attachment":[{"href":"https:\/\/staging.nbg.eu\/es\/wp-json\/wp\/v2\/media?parent=138374"}],"wp:term":[{"taxonomy":"product_brand","embeddable":true,"href":"https:\/\/staging.nbg.eu\/es\/wp-json\/wp\/v2\/product_brand?post=138374"},{"taxonomy":"product_cat","embeddable":true,"href":"https:\/\/staging.nbg.eu\/es\/wp-json\/wp\/v2\/product_cat?post=138374"},{"taxonomy":"product_tag","embeddable":true,"href":"https:\/\/staging.nbg.eu\/es\/wp-json\/wp\/v2\/product_tag?post=138374"}],"curies":[{"name":"wp","href":"https:\/\/api.w.org\/{rel}","templated":true}]}}