{"id":137815,"date":"2025-01-04T10:53:28","date_gmt":"2025-01-04T10:53:28","guid":{"rendered":"https:\/\/staging.nbg.eu\/product\/area-419-harris-bipod-adapter\/"},"modified":"2025-01-09T15:58:50","modified_gmt":"2025-01-09T15:58:50","slug":"area-419-adaptador-para-bipode-harris","status":"publish","type":"product","link":"https:\/\/staging.nbg.eu\/es\/producto\/area-419-adaptador-para-bipode-harris\/","title":{"rendered":"Area 419 &#8211; Adaptador para B\u00edpode Harris"},"content":{"rendered":"<div class=\"product-description\">\n<h2>Area 419 &#8211; Adaptador para B\u00edpode Harris<\/h2>\n<p>El Adaptador Area 419, dise\u00f1ado para b\u00edpodes Harris tipo \u00abS\u00bb (Giratorio), permite montar su b\u00edpode en bases de sujeci\u00f3n ARCALOCK o adaptadores de riel para b\u00edpodes Atlas.<\/p>\n<ul>\n<li>Reemplaza la plataforma de montaje original del perno giratorio<\/li>\n<li>Compatible con el tornillo de tensi\u00f3n de f\u00e1brica o KMW Pod Loc<\/li>\n<li>Fabricado en aluminio 6061-T6<\/li>\n<li>Acabado anodizado negro tipo III<\/li>\n<li>Peso de 0.2 libras<\/li>\n<li>Dimensiones: 1.5 \u00d7 1.5 \u00d7 1.5 pulgadas<\/li>\n<\/ul>\n<p><strong>Nota:<\/strong> B\u00edpode y abrazadera no incluidos. No compatible con Barricade Stop.<\/p>\n<\/div>\n","protected":false},"excerpt":{"rendered":"<p>Adapta los b\u00edpodes giratorios Harris a sistemas de riel ARCALOCK o Atlas.<\/p>\n","protected":false},"featured_media":117904,"template":"","meta":{"_acf_changed":false},"product_brand":[11050],"product_cat":[12272,12227,12279],"product_tag":[],"class_list":{"0":"post-137815","1":"product","2":"type-product","3":"status-publish","4":"has-post-thumbnail","6":"product_brand-area-419","7":"product_cat-bipodes","8":"product_cat-rieles","9":"product_cat-rifle","11":"first","12":"outofstock","13":"taxable","14":"shipping-taxable","15":"purchasable","16":"product-type-simple"},"acf":[],"_links":{"self":[{"href":"https:\/\/staging.nbg.eu\/es\/wp-json\/wp\/v2\/product\/137815","targetHints":{"allow":["GET"]}}],"collection":[{"href":"https:\/\/staging.nbg.eu\/es\/wp-json\/wp\/v2\/product"}],"about":[{"href":"https:\/\/staging.nbg.eu\/es\/wp-json\/wp\/v2\/types\/product"}],"wp:featuredmedia":[{"embeddable":true,"href":"https:\/\/staging.nbg.eu\/es\/wp-json\/wp\/v2\/media\/117904"}],"wp:attachment":[{"href":"https:\/\/staging.nbg.eu\/es\/wp-json\/wp\/v2\/media?parent=137815"}],"wp:term":[{"taxonomy":"product_brand","embeddable":true,"href":"https:\/\/staging.nbg.eu\/es\/wp-json\/wp\/v2\/product_brand?post=137815"},{"taxonomy":"product_cat","embeddable":true,"href":"https:\/\/staging.nbg.eu\/es\/wp-json\/wp\/v2\/product_cat?post=137815"},{"taxonomy":"product_tag","embeddable":true,"href":"https:\/\/staging.nbg.eu\/es\/wp-json\/wp\/v2\/product_tag?post=137815"}],"curies":[{"name":"wp","href":"https:\/\/api.w.org\/{rel}","templated":true}]}}