{"id":136597,"date":"2024-11-26T10:16:42","date_gmt":"2024-11-26T10:16:42","guid":{"rendered":"https:\/\/staging.nbg.eu\/product\/geissele-alg-defense-barrel-nut-wrench\/"},"modified":"2025-01-09T09:21:35","modified_gmt":"2025-01-09T09:21:35","slug":"llave-para-tuerca-de-canon-geissele-alg-defense","status":"publish","type":"product","link":"https:\/\/staging.nbg.eu\/es\/producto\/llave-para-tuerca-de-canon-geissele-alg-defense\/","title":{"rendered":"Llave para Tuerca de Ca\u00f1\u00f3n Geissele ALG Defense"},"content":{"rendered":"<div class=\"product-description\">\n<h2>Llave para tuerca de ca\u00f1\u00f3n ALG Defense<\/h2>\n<p>La llave para tuerca de ca\u00f1\u00f3n ALG Defense es una herramienta para entusiastas de armas de fuego y armeros. Esta llave permite:<\/p>\n<ul>\n<li>Aplicar el torque adecuado a la tuerca del ca\u00f1\u00f3n<\/li>\n<li>Alinear la tuerca del ca\u00f1\u00f3n con el tubo de gas simult\u00e1neamente<\/li>\n<li>Ensamblar sistemas de rieles ALG Defense sin una llave de torque<\/li>\n<\/ul>\n<p>Fabricada con precisi\u00f3n y durabilidad, esta llave simplifica el proceso de instalaci\u00f3n. Su dise\u00f1o asegura resultados consistentes y confiables, convirti\u00e9ndola en una adici\u00f3n \u00fatil a su conjunto de herramientas.<\/p>\n<p>La llave para tuerca de ca\u00f1\u00f3n ALG Defense es una soluci\u00f3n para el ensamblaje y mantenimiento de armas de fuego.<\/p>\n<\/div>\n","protected":false},"excerpt":{"rendered":"<p>Llave para tuerca de ca\u00f1\u00f3n ALG Defense: Torque e indexaci\u00f3n f\u00e1ciles, sin necesidad de extras.<\/p>\n","protected":false},"featured_media":81251,"template":"","meta":{"_acf_changed":false},"product_brand":[11388],"product_cat":[12228],"product_tag":[],"class_list":{"0":"post-136597","1":"product","2":"type-product","3":"status-publish","4":"has-post-thumbnail","6":"product_brand-geissele","7":"product_cat-ajuste-de-rifle","9":"first","10":"instock","11":"taxable","12":"shipping-taxable","13":"product-type-simple"},"acf":[],"_links":{"self":[{"href":"https:\/\/staging.nbg.eu\/es\/wp-json\/wp\/v2\/product\/136597","targetHints":{"allow":["GET"]}}],"collection":[{"href":"https:\/\/staging.nbg.eu\/es\/wp-json\/wp\/v2\/product"}],"about":[{"href":"https:\/\/staging.nbg.eu\/es\/wp-json\/wp\/v2\/types\/product"}],"wp:featuredmedia":[{"embeddable":true,"href":"https:\/\/staging.nbg.eu\/es\/wp-json\/wp\/v2\/media\/81251"}],"wp:attachment":[{"href":"https:\/\/staging.nbg.eu\/es\/wp-json\/wp\/v2\/media?parent=136597"}],"wp:term":[{"taxonomy":"product_brand","embeddable":true,"href":"https:\/\/staging.nbg.eu\/es\/wp-json\/wp\/v2\/product_brand?post=136597"},{"taxonomy":"product_cat","embeddable":true,"href":"https:\/\/staging.nbg.eu\/es\/wp-json\/wp\/v2\/product_cat?post=136597"},{"taxonomy":"product_tag","embeddable":true,"href":"https:\/\/staging.nbg.eu\/es\/wp-json\/wp\/v2\/product_tag?post=136597"}],"curies":[{"name":"wp","href":"https:\/\/api.w.org\/{rel}","templated":true}]}}