{"id":133969,"date":"2025-01-01T20:54:41","date_gmt":"2025-01-08T17:05:47","guid":{"rendered":"https:\/\/staging.nbg.eu\/product\/area-419-offset-mounts-for-match-attachment-points\/"},"modified":"2025-01-08T17:07:39","modified_gmt":"2025-01-08T17:07:39","slug":"area-419-monturas-descentradas-para-puntos-de-fijacion-match","status":"publish","type":"product","link":"https:\/\/staging.nbg.eu\/es\/producto\/area-419-monturas-descentradas-para-puntos-de-fijacion-match\/","title":{"rendered":"Area 419 Monturas Descentradas para Puntos de Fijaci\u00f3n MATCH"},"content":{"rendered":"<h2>Monturas descentradas de Area 419 para puntos de fijaci\u00f3n MATCH<\/h2>\n<p>Las monturas descentradas de Area 419 para puntos de fijaci\u00f3n MATCH ofrecen opciones de personalizaci\u00f3n para la mira de punto rojo de su carabina. Estas monturas de una pieza tienen las siguientes caracter\u00edsticas:<\/p>\n<ul>\n<li>Opciones de \u00e1ngulos de descentrado de 35\u00b0 y 45\u00b0<\/li>\n<li>M\u00faltiples ubicaciones de fijaci\u00f3n para flexibilidad<\/li>\n<li>Peso de 25 libras<\/li>\n<li>Tama\u00f1o: 6 \u00d7 4 \u00d7 1 pulgadas<\/li>\n<\/ul>\n<p>Estas monturas permiten ajustar la posici\u00f3n de la mira de punto rojo. Se pueden adaptar a diferentes situaciones de tiro.<\/p>\n","protected":false},"excerpt":{"rendered":"<p>Monturas desplazadas de 35\u00b0\/45\u00b0 personalizables para puntos MATCH. Configuraci\u00f3n vers\u00e1til.<\/p>\n","protected":false},"featured_media":109218,"template":"","meta":{"_acf_changed":false},"product_brand":[11050],"product_cat":[12212,12255,12279],"product_tag":[],"class_list":{"0":"post-133969","1":"product","2":"type-product","3":"status-publish","4":"has-post-thumbnail","6":"product_brand-area-419","7":"product_cat-accesorios-de-punteria","8":"product_cat-punteria","9":"product_cat-rifle","11":"first","12":"instock","13":"taxable","14":"shipping-taxable","15":"purchasable","16":"product-type-variable","17":"wvs-archive-product-wrapper"},"acf":[],"_links":{"self":[{"href":"https:\/\/staging.nbg.eu\/es\/wp-json\/wp\/v2\/product\/133969","targetHints":{"allow":["GET"]}}],"collection":[{"href":"https:\/\/staging.nbg.eu\/es\/wp-json\/wp\/v2\/product"}],"about":[{"href":"https:\/\/staging.nbg.eu\/es\/wp-json\/wp\/v2\/types\/product"}],"wp:featuredmedia":[{"embeddable":true,"href":"https:\/\/staging.nbg.eu\/es\/wp-json\/wp\/v2\/media\/109218"}],"wp:attachment":[{"href":"https:\/\/staging.nbg.eu\/es\/wp-json\/wp\/v2\/media?parent=133969"}],"wp:term":[{"taxonomy":"product_brand","embeddable":true,"href":"https:\/\/staging.nbg.eu\/es\/wp-json\/wp\/v2\/product_brand?post=133969"},{"taxonomy":"product_cat","embeddable":true,"href":"https:\/\/staging.nbg.eu\/es\/wp-json\/wp\/v2\/product_cat?post=133969"},{"taxonomy":"product_tag","embeddable":true,"href":"https:\/\/staging.nbg.eu\/es\/wp-json\/wp\/v2\/product_tag?post=133969"}],"curies":[{"name":"wp","href":"https:\/\/api.w.org\/{rel}","templated":true}]}}