{"id":132018,"date":"2025-01-01T20:52:41","date_gmt":"2025-01-07T17:00:03","guid":{"rendered":"https:\/\/staging.nbg.eu\/product\/area-419-match-scope-rings\/"},"modified":"2025-01-07T17:01:58","modified_gmt":"2025-01-07T17:01:58","slug":"area-419-anillos-de-mira-match","status":"publish","type":"product","link":"https:\/\/staging.nbg.eu\/es\/producto\/area-419-anillos-de-mira-match\/","title":{"rendered":"Area 419 Anillos de Mira MATCH"},"content":{"rendered":"<div class=\"product-description\">\n<h2>Anillos de mira Area 419 MATCH<\/h2>\n<p>Los anillos de mira Area 419 MATCH est\u00e1n dise\u00f1ados para proporcionar una sujeci\u00f3n confiable de su \u00f3ptica.<\/p>\n<ul>\n<li>Anillos serializados y perforados como juego para mayor precisi\u00f3n<\/li>\n<li>Interiores de aluminio sin tratar para mejor agarre de la \u00f3ptica<\/li>\n<li>Perforados con precisi\u00f3n como juegos en centros de mecanizado<\/li>\n<li>Marcados con l\u00e1ser como juegos coincidentes<\/li>\n<li>Fabricados con aluminio de grado aeroespacial 7075<\/li>\n<li>Recubrimiento anodizado Tipo 3 (interior de aluminio sin tratar)<\/li>\n<li>Disponibles para tubos de 30mm, 34mm, 35mm y 36mm de di\u00e1metro<\/li>\n<li>Alturas de montaje baja (24mm), media (28mm) y alta (32mm)<\/li>\n<\/ul>\n<p>Los anillos de mira Area 419 MATCH son una opci\u00f3n para el montaje de \u00f3pticas.<\/p>\n<\/div>\n","protected":false},"excerpt":{"rendered":"<p>Anillos de mira de precisi\u00f3n emparejados y numerados en serie para una estabilidad \u00f3ptica \u00f3ptima.<\/p>\n","protected":false},"featured_media":109102,"template":"","meta":{"_acf_changed":false},"product_brand":[11050],"product_cat":[12255],"product_tag":[],"class_list":{"0":"post-132018","1":"product","2":"type-product","3":"status-publish","4":"has-post-thumbnail","6":"product_brand-area-419","7":"product_cat-punteria","9":"first","10":"instock","11":"taxable","12":"shipping-taxable","13":"purchasable","14":"product-type-variable","15":"wvs-archive-product-wrapper"},"acf":[],"_links":{"self":[{"href":"https:\/\/staging.nbg.eu\/es\/wp-json\/wp\/v2\/product\/132018","targetHints":{"allow":["GET"]}}],"collection":[{"href":"https:\/\/staging.nbg.eu\/es\/wp-json\/wp\/v2\/product"}],"about":[{"href":"https:\/\/staging.nbg.eu\/es\/wp-json\/wp\/v2\/types\/product"}],"wp:featuredmedia":[{"embeddable":true,"href":"https:\/\/staging.nbg.eu\/es\/wp-json\/wp\/v2\/media\/109102"}],"wp:attachment":[{"href":"https:\/\/staging.nbg.eu\/es\/wp-json\/wp\/v2\/media?parent=132018"}],"wp:term":[{"taxonomy":"product_brand","embeddable":true,"href":"https:\/\/staging.nbg.eu\/es\/wp-json\/wp\/v2\/product_brand?post=132018"},{"taxonomy":"product_cat","embeddable":true,"href":"https:\/\/staging.nbg.eu\/es\/wp-json\/wp\/v2\/product_cat?post=132018"},{"taxonomy":"product_tag","embeddable":true,"href":"https:\/\/staging.nbg.eu\/es\/wp-json\/wp\/v2\/product_tag?post=132018"}],"curies":[{"name":"wp","href":"https:\/\/api.w.org\/{rel}","templated":true}]}}