{"id":130256,"date":"2024-01-30T18:12:20","date_gmt":"2025-01-07T13:16:34","guid":{"rendered":"https:\/\/staging.nbg.eu\/product\/area-419-cantilevered-tactical-one-piece-scope-mount\/"},"modified":"2025-01-07T13:18:25","modified_gmt":"2025-01-07T13:18:25","slug":"area-419-montura-de-mira-tactica-de-una-pieza-en-voladizo","status":"publish","type":"product","link":"https:\/\/staging.nbg.eu\/es\/producto\/area-419-montura-de-mira-tactica-de-una-pieza-en-voladizo\/","title":{"rendered":"Area 419 Montura de Mira T\u00e1ctica de Una Pieza en Voladizo"},"content":{"rendered":"<div class=\"product-description\">\n<h2>Montura de Mira T\u00e1ctica Cantil\u00e9ver de Una Pieza Area 419<\/h2>\n<p>La Montura de Mira T\u00e1ctica Cantil\u00e9ver de Una Pieza Area 419 ofrece fiabilidad y consistencia. Dise\u00f1ada para tiradores de precisi\u00f3n, esta montura proporciona un agarre firme en su \u00f3ptica.<\/p>\n<h2>Proceso de Fabricaci\u00f3n<\/h2>\n<ul>\n<li>Fresado CNC en Am\u00e9rica con aluminio 7075<\/li>\n<li>Perforaci\u00f3n final en conjuntos para alineaci\u00f3n perfecta<\/li>\n<li>Superficies de contacto de aluminio crudo y perforadas con precisi\u00f3n<\/li>\n<li>No se desmonta completamente despu\u00e9s de la perforaci\u00f3n<\/li>\n<\/ul>\n<h2>Caracter\u00edsticas Principales<\/h2>\n<ul>\n<li>Dise\u00f1o ligero: 8-9 onzas por montura<\/li>\n<li>M\u00faltiples puntos de montaje para accesorios<\/li>\n<li>Barras de sujeci\u00f3n separadas para el riel picatinny<\/li>\n<li>Pies de sujeci\u00f3n insertados para m\u00e1ximo ajuste de montaje<\/li>\n<li>Pines gu\u00eda de acero entre base y tapas<\/li>\n<li>Hardware de acero inoxidable nitrurado<\/li>\n<li>Accesorio superior r\u00edgido y repetible (patente pendiente)<\/li>\n<\/ul>\n<h2>Especificaciones<\/h2>\n<ul>\n<li>Peso: 1.5 lbs<\/li>\n<li>Dimensiones: 9.5 \u00d7 5.8 \u00d7 2.8 pulgadas<\/li>\n<li>Opciones de di\u00e1metro de tubo: 30mm, 34mm, 35mm, 36mm<\/li>\n<li>Opciones de altura: 34mm (1.34&#8243;), 39mm (1.54&#8243;)<\/li>\n<li>Opciones de inclinaci\u00f3n: 0 MOA, 20 MOA (5.8 MIL)<\/li>\n<\/ul>\n<p>Nuestro proceso de fabricaci\u00f3n crea una montura de mira que cumple con altos est\u00e1ndares de calidad y rendimiento. La Montura de Mira T\u00e1ctica Cantil\u00e9ver de Una Pieza Area 419 es una soluci\u00f3n de montaje robusta.<\/p>\n<\/div>\n","protected":false},"excerpt":{"rendered":"<p>Montura de mira de precisi\u00f3n: robusta, liviana, con anillos ajustados al calibre final para una precisi\u00f3n \u00f3ptima.<\/p>\n","protected":false},"featured_media":108749,"template":"","meta":{"_acf_changed":false},"product_brand":[11050],"product_cat":[12255],"product_tag":[],"class_list":{"0":"post-130256","1":"product","2":"type-product","3":"status-publish","4":"has-post-thumbnail","6":"product_brand-area-419","7":"product_cat-punteria","9":"first","10":"instock","11":"taxable","12":"shipping-taxable","13":"purchasable","14":"product-type-variable","15":"wvs-archive-product-wrapper"},"acf":[],"_links":{"self":[{"href":"https:\/\/staging.nbg.eu\/es\/wp-json\/wp\/v2\/product\/130256","targetHints":{"allow":["GET"]}}],"collection":[{"href":"https:\/\/staging.nbg.eu\/es\/wp-json\/wp\/v2\/product"}],"about":[{"href":"https:\/\/staging.nbg.eu\/es\/wp-json\/wp\/v2\/types\/product"}],"wp:featuredmedia":[{"embeddable":true,"href":"https:\/\/staging.nbg.eu\/es\/wp-json\/wp\/v2\/media\/108749"}],"wp:attachment":[{"href":"https:\/\/staging.nbg.eu\/es\/wp-json\/wp\/v2\/media?parent=130256"}],"wp:term":[{"taxonomy":"product_brand","embeddable":true,"href":"https:\/\/staging.nbg.eu\/es\/wp-json\/wp\/v2\/product_brand?post=130256"},{"taxonomy":"product_cat","embeddable":true,"href":"https:\/\/staging.nbg.eu\/es\/wp-json\/wp\/v2\/product_cat?post=130256"},{"taxonomy":"product_tag","embeddable":true,"href":"https:\/\/staging.nbg.eu\/es\/wp-json\/wp\/v2\/product_tag?post=130256"}],"curies":[{"name":"wp","href":"https:\/\/api.w.org\/{rel}","templated":true}]}}