{"id":129493,"date":"2024-11-06T20:46:32","date_gmt":"2024-11-06T20:46:32","guid":{"rendered":"https:\/\/staging.nbg.eu\/product\/vortex-optics-defender-stmicro-red-dot\/"},"modified":"2025-01-07T10:55:54","modified_gmt":"2025-01-07T10:55:54","slug":"vortex-optics-defender-st-punto-rojo-micro","status":"publish","type":"product","link":"https:\/\/staging.nbg.eu\/es\/producto\/vortex-optics-defender-st-punto-rojo-micro\/","title":{"rendered":"Vortex Optics &#8211; Defender-ST\u2122 Punto Rojo Micro"},"content":{"rendered":"<h2>Vortex Optics &#8211; Punto Rojo Micro Defender-ST\u2122<\/h2>\n<p>El punto rojo micro Vortex Optics Defender-ST\u2122 est\u00e1 dise\u00f1ado para pistolas, escopetas y como compensaci\u00f3n en carabinas, siendo \u00fatil para pr\u00e1cticas de tiro o uso profesional.<\/p>\n<h2>Caracter\u00edsticas principales:<\/h2>\n<ul>\n<li>Huella de montaje DeltaPoint\u00ae Pro<\/li>\n<li>Punto rojo de 6 MOA<\/li>\n<li>Aumento 1x con alivio ocular ilimitado<\/li>\n<li>Duraci\u00f3n de bater\u00eda de 25,000 horas con bater\u00eda CR2032<\/li>\n<li>Activaci\u00f3n por movimiento con apagado autom\u00e1tico de 10 minutos<\/li>\n<li>Tecnolog\u00eda ShockShield\u2122 para mayor durabilidad<\/li>\n<li>Textura Fast-Rack\u2122 para facilitar el accionamiento de la corredera<\/li>\n<li>Bater\u00eda montada en la parte superior para cambios convenientes<\/li>\n<li>10 configuraciones de brillo, incluidas 2 opciones compatibles con visi\u00f3n nocturna<\/li>\n<\/ul>\n<h2>Rendimiento \u00f3ptico:<\/h2>\n<p>El Defender-ST\u2122 tiene una lente asf\u00e9rica grande y recubierta para una imagen sin distorsiones. Con su dise\u00f1o sin paralaje y punto central iluminado, permite una adquisici\u00f3n de objetivos m\u00e1s r\u00e1pida en diversas condiciones de iluminaci\u00f3n.<\/p>\n<h2>Durabilidad y construcci\u00f3n:<\/h2>\n<p>Este dispositivo \u00f3ptico es resistente al agua, a la niebla y a los golpes. El cuerpo de aluminio 7075 con inserto de pol\u00edmero ShockShield\u2122 asegura durabilidad, mientras que el acabado anodizado negro mate proporciona resistencia a la corrosi\u00f3n.<\/p>\n<h2>Versatilidad y conveniencia:<\/h2>\n<p>Con su tama\u00f1o compacto (1.8&#8243; de longitud) y dise\u00f1o ligero (1.48 oz), el Defender-ST\u2122 es adecuado para varias aplicaciones. La bater\u00eda montada en la parte superior permite cambios f\u00e1ciles sin perder el ajuste, y la textura Fast-Rack\u2122 permite accionar la corredera en cualquier superficie.<\/p>\n<p>El punto rojo micro Vortex Optics Defender-ST\u2122 es resistente, preciso y adaptable para diversos escenarios de tiro.<\/p>\n","protected":false},"excerpt":{"rendered":"<p>Punto rojo micro resistente y preciso para pistolas, escopetas y carabinas.<\/p>\n","protected":false},"featured_media":78395,"template":"","meta":{"_acf_changed":false},"product_brand":[11965],"product_cat":[12236,12255,12256,12235,12289],"product_tag":[],"class_list":{"0":"post-129493","1":"product","2":"type-product","3":"status-publish","4":"has-post-thumbnail","6":"product_brand-vortex","7":"product_cat-pistola","8":"product_cat-punteria","9":"product_cat-puntos-rojos","10":"product_cat-puntos-rojos-para-pistola","11":"product_cat-puntos-rojos-para-rifle","13":"first","14":"outofstock","15":"taxable","16":"shipping-taxable","17":"purchasable","18":"product-type-simple"},"acf":[],"_links":{"self":[{"href":"https:\/\/staging.nbg.eu\/es\/wp-json\/wp\/v2\/product\/129493","targetHints":{"allow":["GET"]}}],"collection":[{"href":"https:\/\/staging.nbg.eu\/es\/wp-json\/wp\/v2\/product"}],"about":[{"href":"https:\/\/staging.nbg.eu\/es\/wp-json\/wp\/v2\/types\/product"}],"wp:featuredmedia":[{"embeddable":true,"href":"https:\/\/staging.nbg.eu\/es\/wp-json\/wp\/v2\/media\/78395"}],"wp:attachment":[{"href":"https:\/\/staging.nbg.eu\/es\/wp-json\/wp\/v2\/media?parent=129493"}],"wp:term":[{"taxonomy":"product_brand","embeddable":true,"href":"https:\/\/staging.nbg.eu\/es\/wp-json\/wp\/v2\/product_brand?post=129493"},{"taxonomy":"product_cat","embeddable":true,"href":"https:\/\/staging.nbg.eu\/es\/wp-json\/wp\/v2\/product_cat?post=129493"},{"taxonomy":"product_tag","embeddable":true,"href":"https:\/\/staging.nbg.eu\/es\/wp-json\/wp\/v2\/product_tag?post=129493"}],"curies":[{"name":"wp","href":"https:\/\/api.w.org\/{rel}","templated":true}]}}