{"id":106670,"date":"2024-01-30T18:13:57","date_gmt":"2024-12-30T09:39:39","guid":{"rendered":"https:\/\/staging.nbg.eu\/product\/tangent-theta-tt735p-7-35x56mm-professional\/"},"modified":"2024-12-30T09:41:35","modified_gmt":"2024-12-30T09:41:35","slug":"tangent-theta-tt735p-7-35x56mm-profesional","status":"publish","type":"product","link":"https:\/\/staging.nbg.eu\/es\/producto\/tangent-theta-tt735p-7-35x56mm-profesional\/","title":{"rendered":"Tangent Theta TT735P (7-35x56mm Profesional)"},"content":{"rendered":"<div class=\"product-description\">\n<p>Tangent Theta se estableci\u00f3 en 2013 en Nueva Escocia, Canad\u00e1 con el objetivo de producir los mejores visores de rifle del mundo. Los visores son ensamblados a mano, probados e inspeccionados individualmente por un equipo de dise\u00f1adores \u00f3pticos, ingenieros mec\u00e1nicos y tiradores de larga distancia de clase internacional.<\/p>\n<h2>Tangent Theta TT735P 7-35x56mm Telescopio de Rifle Profesional<\/h2>\n<p>El Tangent Theta TT735P es un visor de rifle de 7-35x56mm para tiradores profesionales. Este telescopio de rifle combina tecnolog\u00eda avanzada con durabilidad para ofrecer un rendimiento superior en condiciones exigentes.<\/p>\n<h2>Caracter\u00edsticas principales:<\/h2>\n<ul>\n<li>Rango de aumento de 7-35x para identificaci\u00f3n de objetivos a largas distancias<\/li>\n<li>Lente objetivo de 56mm para capacidades de captaci\u00f3n de luz<\/li>\n<li>Tubo principal de 36mm para integridad estructural y rango de ajuste<\/li>\n<li>Ajuste de paralaje hasta 10 metros para diversos escenarios de tiro<\/li>\n<li>11 configuraciones de iluminaci\u00f3n de ret\u00edcula para visibilidad en cualquier condici\u00f3n de luz<\/li>\n<li>Funci\u00f3n RE-ZERO\u00ae sin herramientas para puesta a cero r\u00e1pida (Patente EE. UU. # 10,591,253)<\/li>\n<li>Perillas no translativas con tope de elevaci\u00f3n cero para ajustes precisos<\/li>\n<li>Elevaci\u00f3n de doble vuelta con indicador de revoluci\u00f3n para capacidad de rango extendido<\/li>\n<li>Dioptr\u00edas de ajuste r\u00e1pido bloqueable para enfoque personalizado seguro<\/li>\n<\/ul>\n<h2>Calidad:<\/h2>\n<p>Fabricado en Canad\u00e1, el TT735P es probado para soportar condiciones ambientales adversas. Con acabado mate anodizado Tipo II, clasificaci\u00f3n de impermeabilidad de 4 horas a 10 metros y resistencia a impactos de 700g a 10,000 ciclos.<\/p>\n<\/div>\n<h2>Ret\u00edculas:<\/h2>\n<ol>\n<li data-line-height=\"xs\">Ret\u00edcula Horus Tremor3<\/li>\n<li data-line-height=\"xs\">JTAC<\/li>\n<li data-line-height=\"xs\">Gen 3 XR Fine<\/li>\n<\/ol>\n<div class=\"product-description\">\n<h2>\u00d3ptica de precisi\u00f3n:<\/h2>\n<p>Elija entre tres opciones de ret\u00edcula: Horus Tremor3, JTAC o Gen 3 XR Fine. El TT735P ofrece un alivio ocular de 90mm y un campo de visi\u00f3n de 5.41m a 100m (7x) a 1.08m a 100m (35x).<\/p>\n<h2>Ajustes profesionales:<\/h2>\n<p>Resoluci\u00f3n de ajuste de 0.1 mrad, rango de elevaci\u00f3n total de 30 mrad y rango de deriva total de 14 mrad. El ajuste de paralaje lateral y la dioptr\u00eda bloqueable aseguran una imagen n\u00edtida a cualquier distancia.<\/p>\n<p>El Tangent Theta TT735P es una opci\u00f3n para tiradores que requieren un rendimiento de alto nivel.<\/p>\n<\/div>\n","protected":false},"excerpt":{"rendered":"<p>El Tangent Theta 7-35x56mm Professional es la mira telesc\u00f3pica que eliges para el tiro a distancias extremas.<\/p>\n","protected":false},"featured_media":81009,"template":"","meta":{"_acf_changed":false},"product_brand":[11903],"product_cat":[12223,12255],"product_tag":[],"class_list":{"0":"post-106670","1":"product","2":"type-product","3":"status-publish","4":"has-post-thumbnail","6":"product_brand-tangent-theta","7":"product_cat-opticas-con-aumento","8":"product_cat-punteria","10":"first","11":"instock","12":"taxable","13":"shipping-taxable","14":"purchasable","15":"product-type-variable","16":"wvs-archive-product-wrapper"},"acf":[],"_links":{"self":[{"href":"https:\/\/staging.nbg.eu\/es\/wp-json\/wp\/v2\/product\/106670","targetHints":{"allow":["GET"]}}],"collection":[{"href":"https:\/\/staging.nbg.eu\/es\/wp-json\/wp\/v2\/product"}],"about":[{"href":"https:\/\/staging.nbg.eu\/es\/wp-json\/wp\/v2\/types\/product"}],"wp:featuredmedia":[{"embeddable":true,"href":"https:\/\/staging.nbg.eu\/es\/wp-json\/wp\/v2\/media\/81009"}],"wp:attachment":[{"href":"https:\/\/staging.nbg.eu\/es\/wp-json\/wp\/v2\/media?parent=106670"}],"wp:term":[{"taxonomy":"product_brand","embeddable":true,"href":"https:\/\/staging.nbg.eu\/es\/wp-json\/wp\/v2\/product_brand?post=106670"},{"taxonomy":"product_cat","embeddable":true,"href":"https:\/\/staging.nbg.eu\/es\/wp-json\/wp\/v2\/product_cat?post=106670"},{"taxonomy":"product_tag","embeddable":true,"href":"https:\/\/staging.nbg.eu\/es\/wp-json\/wp\/v2\/product_tag?post=106670"}],"curies":[{"name":"wp","href":"https:\/\/api.w.org\/{rel}","templated":true}]}}