{"id":84516,"date":"2024-11-17T07:25:58","date_gmt":"2024-12-18T10:04:32","guid":{"rendered":"https:\/\/staging.nbg.eu\/product\/tangent-theta-tt315m-3-15x50mm-marksman\/"},"modified":"2024-12-30T08:44:35","modified_gmt":"2024-12-30T08:44:35","slug":"tangent-theta-tt315m-3-15x50mm-marksman","status":"publish","type":"product","link":"https:\/\/staging.nbg.eu\/de\/produkt\/tangent-theta-tt315m-3-15x50mm-marksman\/","title":{"rendered":"Tangent Theta TT315M (3-15x50mm Marksman)"},"content":{"rendered":"<div class=\"product-description\">\n<p>Tangent Theta wurde 2013 in Nova Scotia, Kanada gegr\u00fcndet, um die besten Zielfernrohre der Welt herzustellen. Die Zielfernrohre werden von Hand montiert und von einem Team aus Optikdesignern, Maschinenbauingenieuren und internationalen Langstrecken-Sch\u00fctzen einzeln getestet und gepr\u00fcft.<\/p>\n<h2>Tangent Theta TT315M 3-15x50mm Zielfernrohr<\/h2>\n<p>Das Tangent Theta TT315M ist ein Pr\u00e4zisions-Zielinstrument f\u00fcr mittlere Entfernungen, entwickelt f\u00fcr Polizei und Sicherheitskr\u00e4fte. Dieses leichte professionelle Zielfernrohr kombiniert moderne Technologie mit optischer Leistung.<\/p>\n<h2>Hauptmerkmale:<\/h2>\n<ul>\n<li>50mm Objektivlinse f\u00fcr Lichtsammlung<\/li>\n<li>30mm Haupttubus f\u00fcr Haltbarkeit<\/li>\n<li>Mechanische Windrichtungsanzeige<\/li>\n<li>11 Beleuchtungsstufen f\u00fcr das Fadenkreuz<\/li>\n<li>Seitenverstellung der Parallaxe zur Fokussierung<\/li>\n<li>Nicht-translierende Kn\u00f6pfe mit H\u00f6henverstellungs-Stopp<\/li>\n<li>Doppelte H\u00f6henverstellung mit Umdrehungs- und Windrichtungsanzeige<\/li>\n<li>Vergr\u00f6\u00dferungsbereich 3-15x<\/li>\n<li>Verriegelbare Schnellverstellung der Dioptrieneinstellung<\/li>\n<\/ul>\n<h2>Optische Eigenschaften:<\/h2>\n<p>Das TT315M verf\u00fcgt \u00fcber einen optimierten optischen Pfad f\u00fcr Bildqualit\u00e4t. Dies erm\u00f6glicht Sch\u00fctzen, Zieldetails zu erkennen und l\u00e4ngere Zeit ohne Erm\u00fcdung zu zielen.<\/p>\n<h2>Pr\u00e4zisionseinstellungen:<\/h2>\n<p>Mit pr\u00e4zisen Einstellmechanismen, Nullpunkt-Stopps, mechanischen Umdrehungs- und Windrichtungsanzeigen minimiert das TT315M Einstellungsfehler f\u00fcr Genauigkeit in kritischen Situationen.<\/p>\n<h2>Fadenkreuz-Optionen:<\/h2>\n<ul>\n<li>Gen 2XR<\/li>\n<li>MoA<\/li>\n<li>Gen 2 Mil-Dot<\/li>\n<li>Gen 3XR<\/li>\n<\/ul>\n<h2>Technische Daten:<\/h2>\n<ul>\n<li>L\u00e4nge: 351mm<\/li>\n<li>Gewicht: 786g<\/li>\n<li>Sehfeld bei 3x: 7,3 Grad (12,8m auf 100m)<\/li>\n<li>Sehfeld bei 15x: 1,6 Grad (2,8m auf 100m)<\/li>\n<li>Augenabstand: 90mm<\/li>\n<li>Gesamter H\u00f6henverstellbereich: 18 mrad (60 MoA)<\/li>\n<li>Gesamter Seitenverstellbereich: +\/- 12 mrad (+\/-40 MoA)<\/li>\n<li>Einstellungsaufl\u00f6sung: 0,1 mrad oder 1\/4 MoA<\/li>\n<li>Parallaxeneinstellbereich: 50m bis unendlich<\/li>\n<\/ul>\n<h2>Haltbarkeit:<\/h2>\n<p>Das TT315M ist wasserdicht f\u00fcr 4 Stunden bei 10 Metern und sto\u00dffest bis 700g bei 10.000 Zyklen. Das \u00c4u\u00dfere hat eine Typ II eloxierte matte Oberfl\u00e4che f\u00fcr Schutz.<\/p>\n<h2>Zubeh\u00f6r:<\/h2>\n<p>Tenebraex Objektivdeckel und ARD (Anti-Reflexions-Vorrichtung) sind im Lieferumfang enthalten.<\/p>\n<\/div>\n","protected":false},"excerpt":{"rendered":"<p>Pr\u00e4zisions-Zielfernrohr 3-15x50mm f\u00fcr Sch\u00fctzen. Optimale Bildqualit\u00e4t, Nullstopp, beleuchtet.<\/p>\n","protected":false},"featured_media":167614,"template":"","meta":{"_acf_changed":false},"product_brand":[11885],"product_cat":[12051,12083],"product_tag":[],"class_list":{"0":"post-84516","1":"product","2":"type-product","3":"status-publish","4":"has-post-thumbnail","6":"product_brand-tangent-theta","7":"product_cat-vergroesserungsoptiken","8":"product_cat-zielen","10":"first","11":"instock","12":"taxable","13":"shipping-taxable","14":"purchasable","15":"product-type-variable","16":"wvs-archive-product-wrapper"},"acf":[],"_links":{"self":[{"href":"https:\/\/staging.nbg.eu\/de\/wp-json\/wp\/v2\/product\/84516","targetHints":{"allow":["GET"]}}],"collection":[{"href":"https:\/\/staging.nbg.eu\/de\/wp-json\/wp\/v2\/product"}],"about":[{"href":"https:\/\/staging.nbg.eu\/de\/wp-json\/wp\/v2\/types\/product"}],"wp:featuredmedia":[{"embeddable":true,"href":"https:\/\/staging.nbg.eu\/de\/wp-json\/wp\/v2\/media\/167614"}],"wp:attachment":[{"href":"https:\/\/staging.nbg.eu\/de\/wp-json\/wp\/v2\/media?parent=84516"}],"wp:term":[{"taxonomy":"product_brand","embeddable":true,"href":"https:\/\/staging.nbg.eu\/de\/wp-json\/wp\/v2\/product_brand?post=84516"},{"taxonomy":"product_cat","embeddable":true,"href":"https:\/\/staging.nbg.eu\/de\/wp-json\/wp\/v2\/product_cat?post=84516"},{"taxonomy":"product_tag","embeddable":true,"href":"https:\/\/staging.nbg.eu\/de\/wp-json\/wp\/v2\/product_tag?post=84516"}],"curies":[{"name":"wp","href":"https:\/\/api.w.org\/{rel}","templated":true}]}}