{"id":83666,"date":"2024-11-27T16:38:30","date_gmt":"2024-12-17T12:42:19","guid":{"rendered":"https:\/\/staging.nbg.eu\/product\/super-precision-t1-mount-absolute-co-witness-ddc\/"},"modified":"2024-12-17T12:44:18","modified_gmt":"2024-12-17T12:44:18","slug":"super-precision-t1-halterung-absolute-co-witness-ddc","status":"publish","type":"product","link":"https:\/\/staging.nbg.eu\/de\/produkt\/super-precision-t1-halterung-absolute-co-witness-ddc\/","title":{"rendered":"Super Precision T1 Halterung &#8211; Absolute Co-Witness &#8211; DDC"},"content":{"rendered":"<div class=\"product-description\">\n<h2>Pr\u00e4zisions-T1-Halterung &#8211; Absolute Co-Witness &#8211; DDC<\/h2>\n<p>Diese T1-Halterung ist f\u00fcr Aimpoint T1 oder \u00e4hnliche Rotpunktvisiere geeignet. Sie ist aus einem St\u00fcck 7075-T6 Aluminium gefertigt und bietet hohe Haltbarkeit.<\/p>\n<ul>\n<li>Absolute Co-Witness-H\u00f6he f\u00fcr optimales Sichtbild<\/li>\n<li>DDC (Desert Dirt Color) Typ 3 Harteloxal-Beschichtung<\/li>\n<li>Geissele&#8217;s aktualisierte Befestigungsmethode mit Mutter und Schraube, bietet 1.400 Pfund Klemmkraft<\/li>\n<li>3 Scherstege f\u00fcr maximale Stabilit\u00e4t und R\u00fcckkehr zum Nullpunkt<\/li>\n<li>Leichtes Design mit nur 57 Gramm<\/li>\n<\/ul>\n<p>Geissele bietet Montage-L\u00f6sungen mit Aufmerksamkeit f\u00fcr Details und Qualit\u00e4t.<\/p>\n<\/div>\n","protected":false},"excerpt":{"rendered":"<p>Pr\u00e4zisions-T1-Optikhalterung, absolute Deckung, DDC-Finish, ultrasicher<\/p>\n","protected":false},"featured_media":82838,"template":"","meta":{"_acf_changed":false},"product_brand":[11387],"product_cat":[12045,12083],"product_tag":[],"class_list":{"0":"post-83666","1":"product","2":"type-product","3":"status-publish","4":"has-post-thumbnail","6":"product_brand-geissele","7":"product_cat-montagen","8":"product_cat-zielen","10":"first","11":"instock","12":"taxable","13":"shipping-taxable","14":"product-type-simple"},"acf":[],"_links":{"self":[{"href":"https:\/\/staging.nbg.eu\/de\/wp-json\/wp\/v2\/product\/83666","targetHints":{"allow":["GET"]}}],"collection":[{"href":"https:\/\/staging.nbg.eu\/de\/wp-json\/wp\/v2\/product"}],"about":[{"href":"https:\/\/staging.nbg.eu\/de\/wp-json\/wp\/v2\/types\/product"}],"wp:featuredmedia":[{"embeddable":true,"href":"https:\/\/staging.nbg.eu\/de\/wp-json\/wp\/v2\/media\/82838"}],"wp:attachment":[{"href":"https:\/\/staging.nbg.eu\/de\/wp-json\/wp\/v2\/media?parent=83666"}],"wp:term":[{"taxonomy":"product_brand","embeddable":true,"href":"https:\/\/staging.nbg.eu\/de\/wp-json\/wp\/v2\/product_brand?post=83666"},{"taxonomy":"product_cat","embeddable":true,"href":"https:\/\/staging.nbg.eu\/de\/wp-json\/wp\/v2\/product_cat?post=83666"},{"taxonomy":"product_tag","embeddable":true,"href":"https:\/\/staging.nbg.eu\/de\/wp-json\/wp\/v2\/product_tag?post=83666"}],"curies":[{"name":"wp","href":"https:\/\/api.w.org\/{rel}","templated":true}]}}