{"id":83600,"date":"2024-11-27T16:26:53","date_gmt":"2024-12-17T12:20:11","guid":{"rendered":"https:\/\/staging.nbg.eu\/product\/super-precision-t1-mount-absolute-co-witness-black\/"},"modified":"2024-12-17T12:22:00","modified_gmt":"2024-12-17T12:22:00","slug":"super-precision-t1-halterung-absolute-co-witness-schwarz","status":"publish","type":"product","link":"https:\/\/staging.nbg.eu\/de\/produkt\/super-precision-t1-halterung-absolute-co-witness-schwarz\/","title":{"rendered":"Super Precision T1 Halterung &#8211; Absolute Co-Witness &#8211; Schwarz"},"content":{"rendered":"<h2>T1 Halterung &#8211; Absolute Co-Witness &#8211; Schwarz<\/h2>\n<p>Diese T1 Halterung ist f\u00fcr Aimpoint T1 und \u00e4hnliche Rotpunktvisiere konzipiert. Sie ist aus einem St\u00fcck 7075-T6 Aluminium gefertigt.<\/p>\n<ul>\n<li>Absolute Co-Witness H\u00f6he<\/li>\n<li>Schwarze Typ 3 Harteloxierung<\/li>\n<li>Gewicht: 57 Gramm<\/li>\n<li>Verwendet Geissele&#8217;s aktualisierte Mutter- und Schraubenmethode<\/li>\n<li>635 kg Klemmkraft<\/li>\n<li>3 Scherstege f\u00fcr Stabilit\u00e4t und R\u00fcckkehr zum Nullpunkt<\/li>\n<\/ul>\n<p>Diese Halterung bietet Stabilit\u00e4t und Pr\u00e4zision. Sie sorgt daf\u00fcr, dass Ihr Visier sicher an seinem Platz bleibt.<\/p>\n","protected":false},"excerpt":{"rendered":"<p>Pr\u00e4zisionsgefertigte T1-Halterung f\u00fcr absolute Parallelvisierung. Langlebiges Aluminium, fester Sitz.<\/p>\n","protected":false},"featured_media":82492,"template":"","meta":{"_acf_changed":false},"product_brand":[11387],"product_cat":[12045,12083],"product_tag":[],"class_list":{"0":"post-83600","1":"product","2":"type-product","3":"status-publish","4":"has-post-thumbnail","6":"product_brand-geissele","7":"product_cat-montagen","8":"product_cat-zielen","10":"first","11":"instock","12":"taxable","13":"shipping-taxable","14":"product-type-simple"},"acf":[],"_links":{"self":[{"href":"https:\/\/staging.nbg.eu\/de\/wp-json\/wp\/v2\/product\/83600","targetHints":{"allow":["GET"]}}],"collection":[{"href":"https:\/\/staging.nbg.eu\/de\/wp-json\/wp\/v2\/product"}],"about":[{"href":"https:\/\/staging.nbg.eu\/de\/wp-json\/wp\/v2\/types\/product"}],"wp:featuredmedia":[{"embeddable":true,"href":"https:\/\/staging.nbg.eu\/de\/wp-json\/wp\/v2\/media\/82492"}],"wp:attachment":[{"href":"https:\/\/staging.nbg.eu\/de\/wp-json\/wp\/v2\/media?parent=83600"}],"wp:term":[{"taxonomy":"product_brand","embeddable":true,"href":"https:\/\/staging.nbg.eu\/de\/wp-json\/wp\/v2\/product_brand?post=83600"},{"taxonomy":"product_cat","embeddable":true,"href":"https:\/\/staging.nbg.eu\/de\/wp-json\/wp\/v2\/product_cat?post=83600"},{"taxonomy":"product_tag","embeddable":true,"href":"https:\/\/staging.nbg.eu\/de\/wp-json\/wp\/v2\/product_tag?post=83600"}],"curies":[{"name":"wp","href":"https:\/\/api.w.org\/{rel}","templated":true}]}}