{"id":83436,"date":"2024-11-16T09:53:46","date_gmt":"2024-12-16T10:50:47","guid":{"rendered":"https:\/\/staging.nbg.eu\/product\/elcan-specterdr-1x-4x\/"},"modified":"2024-12-16T10:53:22","modified_gmt":"2024-12-16T10:53:22","slug":"elcan-specterdr-1x4x","status":"publish","type":"product","link":"https:\/\/staging.nbg.eu\/de\/produkt\/elcan-specterdr-1x4x\/","title":{"rendered":"ELCAN SpecterDR 1x\/4x"},"content":{"rendered":"<h2>ELCAN SpecterDR 1x\/4x Optisches Doppelrollen-Visier<\/h2>\n<p>Vorstellung des ELCAN SpecterDR 1x\/4x 2024 &#8211; ein optisches Kampfvisier mit dualem Sichtfeld.<\/p>\n<h2>Hauptmerkmale:<\/h2>\n<ul>\n<li>Integrierte Picatinny-Schienen<\/li>\n<li>Beidseitige Vergr\u00f6\u00dferungshebel<\/li>\n<li>Verbesserte Batterieabdeckungen<\/li>\n<li>CERAKOTE\u00ae Beschichtungen in Schwarz oder Flaches Dunkelbraun (FDE)<\/li>\n<li>Sofortiger Wechsel zwischen 4x Vergr\u00f6\u00dferung und 1x Nahkampfvisier<\/li>\n<li>Optimierter optischer Pfad und identischer Augenabstand in beiden Modi<\/li>\n<li>Beleuchtetes Fadenkreuz oder roter Mittelpunkt<\/li>\n<li>Gr\u00f6\u00dftes Sichtfeld im 1x Modus<\/li>\n<li>Klares Bild im 4x Modus<\/li>\n<\/ul>\n<h2>Absehen:<\/h2>\n<ul>\n<li>5,56 (CX5395)<\/li>\n<li>7,62 (CX5396)<\/li>\n<\/ul>\n<h2>Technische Spezifikationen:<\/h2>\n<ul>\n<li>Vergr\u00f6\u00dferung: 4x \/ 1x<\/li>\n<li>Abmessungen: 153mm x 68mm x 72mm (nominal)<\/li>\n<li>Gewicht: 655g (nominal)<\/li>\n<li>Absehen: Ballistisches Fadenkreuz mit w\u00e4hlbarem roten Punkt<\/li>\n<li>Sichtfeld: 26\u00b0 bei 1x, 6,5\u00b0 bei 4x<\/li>\n<li>Augenabstand: 70mm<\/li>\n<li>Batterie: CR2032 (3V Lithium)<\/li>\n<li>Batterielaufzeit: Bis zu 1730 Stunden<\/li>\n<li>Einstellbereich: 120 Winkelminuten<\/li>\n<\/ul>\n<h2>Optionales XOPTEK\u2122 Micro Reflexvisier<\/h2>\n<p>Erweitern Sie Ihr SpecterDR 1-4 mit dem XOPTEK\u2122 Micro Reflexvisier, einem leichten Zielger\u00e4t f\u00fcr kurze bis mittlere Entfernungen.<\/p>\n<p>Das ELCAN SpecterDR 1x\/4x ist f\u00fcr den professionellen Einsatz konzipiert und bietet eine L\u00f6sung f\u00fcr mittlere Entfernungen und Nahkampf.<\/p>\n","protected":false},"excerpt":{"rendered":"<p>ELCAN SpecterDR 1x\/4x: Zweifach-Visier mit sofortigem Vergr\u00f6\u00dferungswechsel.<\/p>\n","protected":false},"featured_media":79340,"template":"","meta":{"_acf_changed":false},"product_brand":[11289],"product_cat":[12051,12083],"product_tag":[],"class_list":{"0":"post-83436","1":"product","2":"type-product","3":"status-publish","4":"has-post-thumbnail","6":"product_brand-elcan","7":"product_cat-vergroesserungsoptiken","8":"product_cat-zielen","10":"first","11":"instock","12":"taxable","13":"shipping-taxable","14":"purchasable","15":"product-type-variable","16":"wvs-archive-product-wrapper"},"acf":[],"_links":{"self":[{"href":"https:\/\/staging.nbg.eu\/de\/wp-json\/wp\/v2\/product\/83436","targetHints":{"allow":["GET"]}}],"collection":[{"href":"https:\/\/staging.nbg.eu\/de\/wp-json\/wp\/v2\/product"}],"about":[{"href":"https:\/\/staging.nbg.eu\/de\/wp-json\/wp\/v2\/types\/product"}],"wp:featuredmedia":[{"embeddable":true,"href":"https:\/\/staging.nbg.eu\/de\/wp-json\/wp\/v2\/media\/79340"}],"wp:attachment":[{"href":"https:\/\/staging.nbg.eu\/de\/wp-json\/wp\/v2\/media?parent=83436"}],"wp:term":[{"taxonomy":"product_brand","embeddable":true,"href":"https:\/\/staging.nbg.eu\/de\/wp-json\/wp\/v2\/product_brand?post=83436"},{"taxonomy":"product_cat","embeddable":true,"href":"https:\/\/staging.nbg.eu\/de\/wp-json\/wp\/v2\/product_cat?post=83436"},{"taxonomy":"product_tag","embeddable":true,"href":"https:\/\/staging.nbg.eu\/de\/wp-json\/wp\/v2\/product_tag?post=83436"}],"curies":[{"name":"wp","href":"https:\/\/api.w.org\/{rel}","templated":true}]}}