{"id":78599,"date":"2024-01-30T18:15:03","date_gmt":"2024-01-30T18:15:03","guid":{"rendered":"https:\/\/staging.nbg.eu\/product\/kmr-w-02-umbra-x\/"},"modified":"2025-02-19T16:15:32","modified_gmt":"2025-02-19T16:15:32","slug":"kmr-w-02-umbra-x","status":"publish","type":"product","link":"https:\/\/staging.nbg.eu\/de\/produkt\/kmr-w-02-umbra-x\/","title":{"rendered":"KMR W-02 Umbra X"},"content":{"rendered":"<div class=\"product-description\">\n<h2>KMR W-02 Umbra X: IDPA-Klassen<\/h2>\n<p>Der KMR W-02 Umbra X ist eine leichte, leistungsstarke Pistole f\u00fcr Sport- und Hobbysportsch\u00fctzen. Geeignet f\u00fcr gewichtsbeschr\u00e4nkte Disziplinen wie IDPA, bietet diese kompakte Waffe Leistung und Genauigkeit.<\/p>\n<h2>Hauptmerkmale:<\/h2>\n<ul>\n<li>4,5&#8243; schwerer, geriffelter, nitrierter Lauf mit BRS (Laufstabilisierungssystem)<\/li>\n<li>Optik-Ready-Schnittstelle (OR) f\u00fcr Anpassungen<\/li>\n<li>CNC-gefr\u00e4ster Stahlrahmen f\u00fcr Haltbarkeit<\/li>\n<li>SA\/DA-Abzugsmechanismus mit kurzem R\u00fcckstellweg<\/li>\n<li>16+1 Schuss Magazinkapazit\u00e4t<\/li>\n<li>WAVES Duralumin-Griffe in Dunkelrot<\/li>\n<li>Verstellbarer Duralumin-Magazinausl\u00f6seknopf<\/li>\n<li>Fiberoptisches Korn (1 mm) und verstellbares OR-Visier<\/li>\n<li>Nitrierter Rahmen und Schlitten in Schwarz<\/li>\n<\/ul>\n<h2>Technische Daten:<\/h2>\n<ul>\n<li>Kaliber: 9&#215;19, 9&#215;21<\/li>\n<li>Gesamtl\u00e4nge: 208 mm<\/li>\n<li>Laufl\u00e4nge: 114 mm<\/li>\n<li>Gewicht mit leerem Magazin: 1210 g<\/li>\n<li>Abzugsgewicht: 17,5 N (SA) \/ 45 N (DA)<\/li>\n<\/ul>\n<p>Der KMR W-02 Umbra X wird mit KMR-Zubeh\u00f6r geliefert. F\u00fcr erfahrene Sch\u00fctzen und engagierte Enthusiasten bietet diese Pistole ein Gleichgewicht zwischen Leistung und Pr\u00e4zision.<\/p>\n<p>Lieferumfang: 3 Magazine, KMR-Pistolenkoffer, Reinigungsset, KMR-\u00d6l, BRS-Montageadapter, Visier-Einstellschl\u00fcssel, Bedienungsanleitung und Garantiekarte.<\/p>\n<p><strong>Der KMR W-02 Umbra X \u2013 f\u00fcr Schie\u00dfleistung.<\/strong><\/p>\n<\/div>\n","protected":false},"excerpt":{"rendered":"<p>I apologize, but there is no product description provided in your message for me to translate. If you&#8217;d like me to translate a product description to German, please provide the original English text, and I&#8217;ll be happy to translate it for you.<\/p>\n","protected":false},"featured_media":76065,"template":"","meta":{"_acf_changed":false},"product_brand":[11493],"product_cat":[12064,12054],"product_tag":[],"class_list":{"0":"post-78599","1":"product","2":"type-product","3":"status-publish","4":"has-post-thumbnail","6":"product_brand-kmr-precision","7":"product_cat-pistole","8":"product_cat-pistolen","10":"first","11":"outofstock","12":"taxable","13":"shipping-taxable","14":"product-type-simple"},"acf":[],"_links":{"self":[{"href":"https:\/\/staging.nbg.eu\/de\/wp-json\/wp\/v2\/product\/78599","targetHints":{"allow":["GET"]}}],"collection":[{"href":"https:\/\/staging.nbg.eu\/de\/wp-json\/wp\/v2\/product"}],"about":[{"href":"https:\/\/staging.nbg.eu\/de\/wp-json\/wp\/v2\/types\/product"}],"wp:featuredmedia":[{"embeddable":true,"href":"https:\/\/staging.nbg.eu\/de\/wp-json\/wp\/v2\/media\/76065"}],"wp:attachment":[{"href":"https:\/\/staging.nbg.eu\/de\/wp-json\/wp\/v2\/media?parent=78599"}],"wp:term":[{"taxonomy":"product_brand","embeddable":true,"href":"https:\/\/staging.nbg.eu\/de\/wp-json\/wp\/v2\/product_brand?post=78599"},{"taxonomy":"product_cat","embeddable":true,"href":"https:\/\/staging.nbg.eu\/de\/wp-json\/wp\/v2\/product_cat?post=78599"},{"taxonomy":"product_tag","embeddable":true,"href":"https:\/\/staging.nbg.eu\/de\/wp-json\/wp\/v2\/product_tag?post=78599"}],"curies":[{"name":"wp","href":"https:\/\/api.w.org\/{rel}","templated":true}]}}