{"id":75419,"date":"2024-10-30T18:55:52","date_gmt":"2024-11-01T09:40:26","guid":{"rendered":"https:\/\/staging.nbg.eu\/product\/rhh-201-iwb-magazine\/"},"modified":"2024-11-01T09:45:38","modified_gmt":"2024-11-01T09:45:38","slug":"rhh-201-iwb-magazin","status":"publish","type":"product","link":"https:\/\/staging.nbg.eu\/de\/produkt\/rhh-201-iwb-magazin\/","title":{"rendered":"# Rhh .201 IWB Magazin"},"content":{"rendered":"<div class=\"product-description\">\n<h2>Rhh .201 IWB Magazin-Holster<\/h2>\n<p>Unser Rhh .201 IWB Magazin-Holster ist f\u00fcr die Trageweise innerhalb des Hosenbundes konzipiert. Es bietet folgende Eigenschaften:<\/p>\n<ul>\n<li>Kydex-Konstruktion f\u00fcr pr\u00e4zise Passform<\/li>\n<li>Handgeschnittene Kanten<\/li>\n<li>Einstellbarer Griff f\u00fcr individuelle Haltekraft<\/li>\n<li>Gestaltung f\u00fcr einfache Reinigung<\/li>\n<li>2mm d\u00fcnnes Kydex-Material<\/li>\n<li>Verschiedene Trageoptionen am G\u00fcrtel<\/li>\n<li>Ganzj\u00e4hrig verwendbar, besonders im Sommer<\/li>\n<li>Erh\u00e4ltlich mit Stahlclips in 40mm und 45mm Gr\u00f6\u00dfen<\/li>\n<li>Optionaler Schwei\u00dfschutz<\/li>\n<\/ul>\n<p>Erm\u00f6glicht verdecktes Tragen mit minimaler Sichtbarkeit unter der Kleidung. F\u00fcr Rechtsh\u00e4nder in der 9-Uhr-Position geeignet.<\/p>\n<\/div>\n","protected":false},"excerpt":{"rendered":"<p>Schlankes, verdeckbares IWB-Magazinholster mit verstellbarem Griff und Schwei\u00dfschutz.<\/p>\n","protected":false},"featured_media":74445,"template":"","meta":{"_acf_changed":false},"product_brand":[11634],"product_cat":[12061,12050],"product_tag":[],"class_list":{"0":"post-75419","1":"product","2":"type-product","3":"status-publish","4":"has-post-thumbnail","6":"product_brand-rh-holsters","7":"product_cat-holster","8":"product_cat-magazinhalter","9":"pa_belt-size-40mm-de","10":"pa_model-glock-17-22-31-de","11":"pa_model-glock-19-23-32-de","12":"pa_model-glock-26-27-de","13":"pa_strong-hand-right-de","15":"first","16":"instock","17":"taxable","18":"shipping-taxable","19":"purchasable","20":"product-type-variable","21":"wvs-archive-product-wrapper"},"acf":[],"_links":{"self":[{"href":"https:\/\/staging.nbg.eu\/de\/wp-json\/wp\/v2\/product\/75419","targetHints":{"allow":["GET"]}}],"collection":[{"href":"https:\/\/staging.nbg.eu\/de\/wp-json\/wp\/v2\/product"}],"about":[{"href":"https:\/\/staging.nbg.eu\/de\/wp-json\/wp\/v2\/types\/product"}],"wp:featuredmedia":[{"embeddable":true,"href":"https:\/\/staging.nbg.eu\/de\/wp-json\/wp\/v2\/media\/74445"}],"wp:attachment":[{"href":"https:\/\/staging.nbg.eu\/de\/wp-json\/wp\/v2\/media?parent=75419"}],"wp:term":[{"taxonomy":"product_brand","embeddable":true,"href":"https:\/\/staging.nbg.eu\/de\/wp-json\/wp\/v2\/product_brand?post=75419"},{"taxonomy":"product_cat","embeddable":true,"href":"https:\/\/staging.nbg.eu\/de\/wp-json\/wp\/v2\/product_cat?post=75419"},{"taxonomy":"product_tag","embeddable":true,"href":"https:\/\/staging.nbg.eu\/de\/wp-json\/wp\/v2\/product_tag?post=75419"}],"curies":[{"name":"wp","href":"https:\/\/api.w.org\/{rel}","templated":true}]}}