{"id":74924,"date":"2024-10-21T09:31:15","date_gmt":"2024-10-31T11:15:24","guid":{"rendered":"https:\/\/staging.nbg.eu\/product\/grips-kmr-s-dotmatrix-ergo-silver\/"},"modified":"2024-10-31T11:17:07","modified_gmt":"2024-10-31T11:17:07","slug":"griffe-kmr-s-dotmatrix-ergo-silber","status":"publish","type":"product","link":"https:\/\/staging.nbg.eu\/de\/produkt\/griffe-kmr-s-dotmatrix-ergo-silber\/","title":{"rendered":"GRIFFE KMR S DotMatrix &#8211; Ergo Silber"},"content":{"rendered":"<h2>GRIPS KMR S DotMatrix &#8211; Ergo Silber<\/h2>\n<p>Griffe f\u00fcr KMR S-02 Pistolen. Hergestellt aus anodisiertem Duralumin, diese langen Griffe haben ein ergonomisches Design und ein Golfball-Muster f\u00fcr verbesserten Halt und Kontrolle.<\/p>\n<ul>\n<li>Kompatibel mit KMR S-02 Rahmen (26mm breit)<\/li>\n<li>Anodisiertes Duralumin f\u00fcr Haltbarkeit und geringes Gewicht<\/li>\n<li>Ergonomisches Design f\u00fcr verbesserte Handhabung<\/li>\n<li>Golfball-Muster f\u00fcr besseren Halt<\/li>\n<li>Silberne Oberfl\u00e4che mit KMR Logo<\/li>\n<li>Inklusive Torx-Schrauben f\u00fcr die Installation<\/li>\n<\/ul>\n<p>Griffe f\u00fcr die KMR S-02 .22 LR Pistole. Nicht kompatibel mit W-02 oder L-02 Rahmengr\u00f6\u00dfen.<\/p>\n<dl class=\"data-sheet\">\n<dt class=\"name\">F\u00fcr Waffen KMR<\/dt>\n<dd class=\"value\">KMR S-01 LANCE (OR)<br \/>\nKMR S-02 BIS 2023<\/dd>\n<dt class=\"name\">Auswahl nach Waffen CZ<\/dt>\n<dd class=\"value\">CZ SHADOW 1<br \/>\nCZ SHADOW 2<br \/>\nCZ SHADOW 2 (OR)<br \/>\nCZ SP-01<\/dd>\n<\/dl>\n","protected":false},"excerpt":{"rendered":"<p>Ergonomische silberne Griffe f\u00fcr KMR S-02 Pistolen.<br \/>\n0611-03001-0102<\/p>\n","protected":false},"featured_media":73846,"template":"","meta":{"_acf_changed":false},"product_brand":[11493],"product_cat":[12059],"product_tag":[],"class_list":{"0":"post-74924","1":"product","2":"type-product","3":"status-publish","4":"has-post-thumbnail","6":"product_brand-kmr-precision","7":"product_cat-kmr-teile","9":"first","10":"instock","11":"taxable","12":"shipping-taxable","13":"purchasable","14":"product-type-simple"},"acf":[],"_links":{"self":[{"href":"https:\/\/staging.nbg.eu\/de\/wp-json\/wp\/v2\/product\/74924","targetHints":{"allow":["GET"]}}],"collection":[{"href":"https:\/\/staging.nbg.eu\/de\/wp-json\/wp\/v2\/product"}],"about":[{"href":"https:\/\/staging.nbg.eu\/de\/wp-json\/wp\/v2\/types\/product"}],"wp:featuredmedia":[{"embeddable":true,"href":"https:\/\/staging.nbg.eu\/de\/wp-json\/wp\/v2\/media\/73846"}],"wp:attachment":[{"href":"https:\/\/staging.nbg.eu\/de\/wp-json\/wp\/v2\/media?parent=74924"}],"wp:term":[{"taxonomy":"product_brand","embeddable":true,"href":"https:\/\/staging.nbg.eu\/de\/wp-json\/wp\/v2\/product_brand?post=74924"},{"taxonomy":"product_cat","embeddable":true,"href":"https:\/\/staging.nbg.eu\/de\/wp-json\/wp\/v2\/product_cat?post=74924"},{"taxonomy":"product_tag","embeddable":true,"href":"https:\/\/staging.nbg.eu\/de\/wp-json\/wp\/v2\/product_tag?post=74924"}],"curies":[{"name":"wp","href":"https:\/\/api.w.org\/{rel}","templated":true}]}}