{"id":74814,"date":"2024-10-21T09:29:53","date_gmt":"2024-10-31T10:55:06","guid":{"rendered":"https:\/\/staging.nbg.eu\/product\/grips-kmr-s-dotmatrix-black\/"},"modified":"2024-10-31T10:56:50","modified_gmt":"2024-10-31T10:56:50","slug":"griffe-kmr-s-dotmatrix-schwarz","status":"publish","type":"product","link":"https:\/\/staging.nbg.eu\/de\/produkt\/griffe-kmr-s-dotmatrix-schwarz\/","title":{"rendered":"GRIFFE KMR S DotMatrix &#8211; Schwarz"},"content":{"rendered":"<div class=\"product-description\">\n<h2>GRIPS KMR S DotMatrix &#8211; Schwarz<\/h2>\n<p>GRIPS KMR S DotMatrix in Schwarz f\u00fcr Ihre Pistole. Diese Griffe bieten eine strukturierte Oberfl\u00e4che f\u00fcr sicheren Halt. Geeignet zur Aufr\u00fcstung Ihrer Pistole oder f\u00fcr Wettkampfwaffen.<\/p>\n<h3>Hauptmerkmale:<\/h3>\n<ul>\n<li>Lange Gr\u00f6\u00dfe f\u00fcr optimalen Griff<\/li>\n<li>Aus eloxiertem Duralumin f\u00fcr Haltbarkeit<\/li>\n<li>Golfballmuster f\u00fcr verbesserte Textur<\/li>\n<li>Entwickelt f\u00fcr Verwendung ohne Magazinf\u00fchrung<\/li>\n<li>Torx-Schrauben f\u00fcr einfache Montage enthalten<\/li>\n<li>Mit KMR-Logo<\/li>\n<\/ul>\n<p>Ausschlie\u00dflich kompatibel mit KMR S-02 Modellen mit 26mm breitem Aluminiumrahmen. Nicht geeignet f\u00fcr W-02 oder L-02 Rahmengr\u00f6\u00dfen. F\u00fcr KMR S-02 .22 LR Pistolen zur Verbesserung der Kontrolle und Leistung.<\/p>\n<\/div>\n<dl class=\"data-sheet\">\n<dt class=\"name\">F\u00fcr Waffen KMR<\/dt>\n<dd class=\"value\">KMR S-01 LANCE (OR)<br \/>\nKMR S-02 BIS 2023<\/dd>\n<dt class=\"name\">Auswahl nach Waffen CZ<\/dt>\n<dd class=\"value\">CZ SHADOW 1<br \/>\nCZ SHADOW 2<br \/>\nCZ SHADOW 2 (OR)<br \/>\nCZ SP-01<\/dd>\n<\/dl>\n","protected":false},"excerpt":{"rendered":"<p>Langlebige eloxierte Duralumin-Pistolengriffe. Aggressive Textur.<\/p>\n<p>0611-02801-0101<\/p>\n","protected":false},"featured_media":73822,"template":"","meta":{"_acf_changed":false},"product_brand":[11493],"product_cat":[12059],"product_tag":[],"class_list":{"0":"post-74814","1":"product","2":"type-product","3":"status-publish","4":"has-post-thumbnail","6":"product_brand-kmr-precision","7":"product_cat-kmr-teile","9":"first","10":"instock","11":"taxable","12":"shipping-taxable","13":"purchasable","14":"product-type-simple"},"acf":[],"_links":{"self":[{"href":"https:\/\/staging.nbg.eu\/de\/wp-json\/wp\/v2\/product\/74814","targetHints":{"allow":["GET"]}}],"collection":[{"href":"https:\/\/staging.nbg.eu\/de\/wp-json\/wp\/v2\/product"}],"about":[{"href":"https:\/\/staging.nbg.eu\/de\/wp-json\/wp\/v2\/types\/product"}],"wp:featuredmedia":[{"embeddable":true,"href":"https:\/\/staging.nbg.eu\/de\/wp-json\/wp\/v2\/media\/73822"}],"wp:attachment":[{"href":"https:\/\/staging.nbg.eu\/de\/wp-json\/wp\/v2\/media?parent=74814"}],"wp:term":[{"taxonomy":"product_brand","embeddable":true,"href":"https:\/\/staging.nbg.eu\/de\/wp-json\/wp\/v2\/product_brand?post=74814"},{"taxonomy":"product_cat","embeddable":true,"href":"https:\/\/staging.nbg.eu\/de\/wp-json\/wp\/v2\/product_cat?post=74814"},{"taxonomy":"product_tag","embeddable":true,"href":"https:\/\/staging.nbg.eu\/de\/wp-json\/wp\/v2\/product_tag?post=74814"}],"curies":[{"name":"wp","href":"https:\/\/api.w.org\/{rel}","templated":true}]}}