{"id":74364,"date":"2024-10-19T08:43:18","date_gmt":"2024-10-19T08:43:18","guid":{"rendered":"https:\/\/staging.nbg.eu\/product\/sg-timer-go\/"},"modified":"2025-10-01T15:43:21","modified_gmt":"2025-10-01T12:43:21","slug":"sg-timer-go","status":"publish","type":"product","link":"https:\/\/staging.nbg.eu\/de\/produkt\/sg-timer-go\/","title":{"rendered":"SG Timer Go"},"content":{"rendered":"<h2>SG Timer Go: Timer mit vielen Funktionen<\/h2>\n<p>Der SG Timer Go ist ein kompaktes, benutzerfreundliches Ger\u00e4t mit fortschrittlicher Technologie. Er verf\u00fcgt \u00fcber den gleichen intelligenten Sensor und die Erkennungsalgorithmen wie sein Vorg\u00e4nger.<\/p>\n<h2>Hauptmerkmale:<\/h2>\n<ul>\n<li>Bluetooth-Konnektivit\u00e4t<\/li>\n<li>Kompatibilit\u00e4t mit \u00dcbungs-App f\u00fcr erweiterte Funktionen<\/li>\n<li>Trockenfeuer-Erkennung mit Leistungsr\u00fcckmeldung<\/li>\n<li>Echofilterung f\u00fcr genaue Schusserkennung<\/li>\n<li>Integrierter Speicher f\u00fcr 1.000.000 Sch\u00fcsse<\/li>\n<li>Anpassbare PAR-Zeiten<\/li>\n<li>Einstellbare Empfindlichkeit f\u00fcr alle Kaliber<\/li>\n<li>Variable Lautst\u00e4rkeregelung (5-100)<\/li>\n<li>&#8222;Spy-Modus&#8220; zur Synchronisierung mit anderen Timern<\/li>\n<\/ul>\n<h2>Benutzerfreundliches Design:<\/h2>\n<ul>\n<li>Obenseitige Anzeige f\u00fcr einfache Sichtbarkeit<\/li>\n<li>Vereinfachte 2-Tasten-Schnittstelle<\/li>\n<li>Schnellverschluss-G\u00fcrtelclip zur sicheren Befestigung<\/li>\n<li>Taschenclip f\u00fcr vielseitige Tragem\u00f6glichkeiten<\/li>\n<\/ul>\n<h2>Langlebige Leistung:<\/h2>\n<p>Mit bis zu 80 Stunden Dauerbetrieb mit einer einzigen Ladung und einem USB-C-Anschluss ist der SG Timer Go f\u00fcr den t\u00e4glichen Gebrauch geeignet.<\/p>\n<p>Der SG Timer Go kombiniert Einfachheit mit fortschrittlichen Funktionen.<\/p>\n","protected":false},"excerpt":{"rendered":"<p>Kompakter intelligenter Schie\u00dftimer mit Bluetooth, fortschrittlichen Funktionen und langer Akkulaufzeit.<\/p>\n","protected":false},"featured_media":73218,"template":"","meta":{"_acf_changed":false},"product_brand":[11797],"product_cat":[12074,12087],"product_tag":[],"class_list":{"0":"post-74364","1":"product","2":"type-product","3":"status-publish","4":"has-post-thumbnail","6":"product_brand-shooters-global","7":"product_cat-ausruestung","8":"product_cat-schuss-timer","10":"first","11":"outofstock","12":"taxable","13":"shipping-taxable","14":"purchasable","15":"product-type-simple"},"acf":[],"_links":{"self":[{"href":"https:\/\/staging.nbg.eu\/de\/wp-json\/wp\/v2\/product\/74364","targetHints":{"allow":["GET"]}}],"collection":[{"href":"https:\/\/staging.nbg.eu\/de\/wp-json\/wp\/v2\/product"}],"about":[{"href":"https:\/\/staging.nbg.eu\/de\/wp-json\/wp\/v2\/types\/product"}],"wp:featuredmedia":[{"embeddable":true,"href":"https:\/\/staging.nbg.eu\/de\/wp-json\/wp\/v2\/media\/73218"}],"wp:attachment":[{"href":"https:\/\/staging.nbg.eu\/de\/wp-json\/wp\/v2\/media?parent=74364"}],"wp:term":[{"taxonomy":"product_brand","embeddable":true,"href":"https:\/\/staging.nbg.eu\/de\/wp-json\/wp\/v2\/product_brand?post=74364"},{"taxonomy":"product_cat","embeddable":true,"href":"https:\/\/staging.nbg.eu\/de\/wp-json\/wp\/v2\/product_cat?post=74364"},{"taxonomy":"product_tag","embeddable":true,"href":"https:\/\/staging.nbg.eu\/de\/wp-json\/wp\/v2\/product_tag?post=74364"}],"curies":[{"name":"wp","href":"https:\/\/api.w.org\/{rel}","templated":true}]}}