{"id":74321,"date":"2024-10-18T19:45:03","date_gmt":"2024-10-18T19:45:03","guid":{"rendered":"https:\/\/staging.nbg.eu\/product\/sordin-supreme-pro-x-led-gel\/"},"modified":"2025-10-01T16:10:03","modified_gmt":"2025-10-01T13:10:03","slug":"sordin-supreme-pro-x-led-gel","status":"publish","type":"product","link":"https:\/\/staging.nbg.eu\/de\/produkt\/sordin-supreme-pro-x-led-gel\/","title":{"rendered":"Sordin Supreme Pro-X LED GEL"},"content":{"rendered":"<h2>Sordin Supreme Pro-X LED<\/h2>\n<p>Der Sordin Supreme Pro-X LED ist ein elektronischer Geh\u00f6rschutz f\u00fcr J\u00e4ger und Sch\u00fctzen. Er verf\u00fcgt \u00fcber das SordinHEAR2 Soundsystem mit vier Audioprofilen und bietet Schallqualit\u00e4t und Schutz.<\/p>\n<h2>Hauptmerkmale:<\/h2>\n<ul>\n<li>Eingebaute LED-Leuchte f\u00fcr bessere Sichtbarkeit bei Dunkelheit<\/li>\n<li>GEL-Dichtungsringe f\u00fcr Tragekomfort<\/li>\n<li>IP67 wasserdicht<\/li>\n<li>Kompaktes Kapseldesign f\u00fcr einfaches Tragen und Schie\u00dfen<\/li>\n<li>Pegelabh\u00e4ngige Funktion f\u00fcr Umgebungsger\u00e4uschwahrnehmung<\/li>\n<li>400 Stunden Batterielaufzeit mit zwei AAA-Batterien<\/li>\n<li>AUX-Eingang f\u00fcr externe Audioquellen<\/li>\n<\/ul>\n<p>Erm\u00f6glicht Klangwiedergabe mit Lautsprechern bei gleichzeitigem Schutz vor sch\u00e4dlichem L\u00e4rm. Der Supreme Pro-X LED verst\u00e4rkt schwache Ger\u00e4usche und begrenzt die Ausgabe auf 82 dB f\u00fcr Geh\u00f6rschutz.<\/p>\n<p>Mit Tarnstoff-Kopfband, leichtem Design (376g) und effektiver D\u00e4mpfung auch beim Tragen von Brillen ist der Sordin Supreme Pro-X LED f\u00fcr Jagd- und Schie\u00dfaktivit\u00e4ten geeignet.<\/p>\n<p>NRR: 21 | SNR: 27 | H: 29 | M: 24 | L: 19<\/p>\n","protected":false},"excerpt":{"rendered":"<p>Elektronischer Geh\u00f6rschutz mit LED-Licht, 4 Audioprofilen und Geldichtungen.<\/p>\n","protected":false},"featured_media":72216,"template":"","meta":{"_acf_changed":false},"product_brand":[11844],"product_cat":[12074,12069],"product_tag":[],"class_list":{"0":"post-74321","1":"product","2":"type-product","3":"status-publish","4":"has-post-thumbnail","6":"product_brand-sordin","7":"product_cat-ausruestung","8":"product_cat-gehoerschutz","10":"first","11":"instock","12":"taxable","13":"shipping-taxable","14":"purchasable","15":"product-type-simple"},"acf":[],"_links":{"self":[{"href":"https:\/\/staging.nbg.eu\/de\/wp-json\/wp\/v2\/product\/74321","targetHints":{"allow":["GET"]}}],"collection":[{"href":"https:\/\/staging.nbg.eu\/de\/wp-json\/wp\/v2\/product"}],"about":[{"href":"https:\/\/staging.nbg.eu\/de\/wp-json\/wp\/v2\/types\/product"}],"wp:featuredmedia":[{"embeddable":true,"href":"https:\/\/staging.nbg.eu\/de\/wp-json\/wp\/v2\/media\/72216"}],"wp:attachment":[{"href":"https:\/\/staging.nbg.eu\/de\/wp-json\/wp\/v2\/media?parent=74321"}],"wp:term":[{"taxonomy":"product_brand","embeddable":true,"href":"https:\/\/staging.nbg.eu\/de\/wp-json\/wp\/v2\/product_brand?post=74321"},{"taxonomy":"product_cat","embeddable":true,"href":"https:\/\/staging.nbg.eu\/de\/wp-json\/wp\/v2\/product_cat?post=74321"},{"taxonomy":"product_tag","embeddable":true,"href":"https:\/\/staging.nbg.eu\/de\/wp-json\/wp\/v2\/product_tag?post=74321"}],"curies":[{"name":"wp","href":"https:\/\/api.w.org\/{rel}","templated":true}]}}