{"id":74210,"date":"2024-10-18T20:28:40","date_gmt":"2024-10-30T08:47:54","guid":{"rendered":"https:\/\/staging.nbg.eu\/product\/extractor-l-02-40sw-kmr\/"},"modified":"2024-10-30T08:49:36","modified_gmt":"2024-10-30T08:49:36","slug":"auszieher-l-02-40sw-kmr","status":"publish","type":"product","link":"https:\/\/staging.nbg.eu\/de\/produkt\/auszieher-l-02-40sw-kmr\/","title":{"rendered":"Auszieher L-02 .40SW &#8211; KMR"},"content":{"rendered":"<div class=\"product-description\">\n<h2>Auszieher L-02 .40SW &#8211; KMR<\/h2>\n<p>Dieser Auszieher ist f\u00fcr die KMR L-02 Pistole im Kaliber .40 S&amp;W konzipiert. Er dient als Ersatzteil und sorgt f\u00fcr zuverl\u00e4ssige H\u00fclsenextraktion und reibungslosen Betrieb. Hergestellt aus haltbarem Material, ist er f\u00fcr intensive Nutzung ausgelegt und beh\u00e4lt seine Funktionalit\u00e4t bei. Dieses Bauteil verbessert die Genauigkeit und Zuverl\u00e4ssigkeit der Waffe.<\/p>\n<\/div>\n","protected":false},"excerpt":{"rendered":"<p>Pr\u00e4zisions-Auszieher f\u00fcr 40 S&amp;W f\u00fcr KMR L-02 Pistole.<\/p>\n","protected":false},"featured_media":72589,"template":"","meta":{"_acf_changed":false},"product_brand":[],"product_cat":[12059],"product_tag":[],"class_list":{"0":"post-74210","1":"product","2":"type-product","3":"status-publish","4":"has-post-thumbnail","6":"product_cat-kmr-teile","8":"first","9":"instock","10":"taxable","11":"shipping-taxable","12":"purchasable","13":"product-type-simple"},"acf":[],"_links":{"self":[{"href":"https:\/\/staging.nbg.eu\/de\/wp-json\/wp\/v2\/product\/74210","targetHints":{"allow":["GET"]}}],"collection":[{"href":"https:\/\/staging.nbg.eu\/de\/wp-json\/wp\/v2\/product"}],"about":[{"href":"https:\/\/staging.nbg.eu\/de\/wp-json\/wp\/v2\/types\/product"}],"wp:featuredmedia":[{"embeddable":true,"href":"https:\/\/staging.nbg.eu\/de\/wp-json\/wp\/v2\/media\/72589"}],"wp:attachment":[{"href":"https:\/\/staging.nbg.eu\/de\/wp-json\/wp\/v2\/media?parent=74210"}],"wp:term":[{"taxonomy":"product_brand","embeddable":true,"href":"https:\/\/staging.nbg.eu\/de\/wp-json\/wp\/v2\/product_brand?post=74210"},{"taxonomy":"product_cat","embeddable":true,"href":"https:\/\/staging.nbg.eu\/de\/wp-json\/wp\/v2\/product_cat?post=74210"},{"taxonomy":"product_tag","embeddable":true,"href":"https:\/\/staging.nbg.eu\/de\/wp-json\/wp\/v2\/product_tag?post=74210"}],"curies":[{"name":"wp","href":"https:\/\/api.w.org\/{rel}","templated":true}]}}