{"id":74098,"date":"2024-10-18T19:05:21","date_gmt":"2024-10-29T10:03:29","guid":{"rendered":"https:\/\/staging.nbg.eu\/product\/casio-prg-340t-7er\/"},"modified":"2024-10-29T10:05:14","modified_gmt":"2024-10-29T10:05:14","slug":"casio-prg-340t-7er","status":"publish","type":"product","link":"https:\/\/staging.nbg.eu\/de\/produkt\/casio-prg-340t-7er\/","title":{"rendered":"Casio PRG-340T-7ER"},"content":{"rendered":"<h2>Casio PRG-340T-7ER<\/h2>\n<p>Die Casio PRG-340T-7ER ist eine Uhr f\u00fcr den Au\u00dfenbereich. Sie verf\u00fcgt \u00fcber folgende Funktionen:<\/p>\n<ul>\n<li>Digitaler Kompass zur Richtungsbestimmung<\/li>\n<li>H\u00f6henmesser und Barometer f\u00fcr H\u00f6hen- und Druckmessungen<\/li>\n<li>Thermometer zur Temperaturmessung<\/li>\n<li>Duplex-LCD f\u00fcr bessere Lesbarkeit<\/li>\n<li>Hergestellt aus Biokunststoffen<\/li>\n<li>Direkte Funktionstasten f\u00fcr einfache Bedienung<\/li>\n<li>Solarbetrieb<\/li>\n<li>Beleuchtung f\u00fcr gute Sichtbarkeit bei schwachem Licht<\/li>\n<\/ul>\n<p>Mit 10 Bar Wasserdichtigkeit, K\u00e4ltebest\u00e4ndigkeit und zus\u00e4tzlichen Funktionen wie Weltzeit und Sonnenauf-\/untergangsanzeige ist die PRG-340T-7ER ein Instrument f\u00fcr Outdoor-Aktivit\u00e4ten und umweltbewusste Nutzer.<\/p>\n","protected":false},"excerpt":{"rendered":"<p>Robuste Outdoor-Uhr mit Kompass, H\u00f6henmesser und umweltfreundlichem Design.<\/p>\n","protected":false},"featured_media":71753,"template":"","meta":{"_acf_changed":false},"product_brand":[11198],"product_cat":[12097,12073],"product_tag":[],"class_list":{"0":"post-74098","1":"product","2":"type-product","3":"status-publish","4":"has-post-thumbnail","6":"product_brand-casio","7":"product_cat-edc","8":"product_cat-uhren","10":"first","11":"instock","12":"taxable","13":"shipping-taxable","14":"purchasable","15":"product-type-simple"},"acf":[],"_links":{"self":[{"href":"https:\/\/staging.nbg.eu\/de\/wp-json\/wp\/v2\/product\/74098","targetHints":{"allow":["GET"]}}],"collection":[{"href":"https:\/\/staging.nbg.eu\/de\/wp-json\/wp\/v2\/product"}],"about":[{"href":"https:\/\/staging.nbg.eu\/de\/wp-json\/wp\/v2\/types\/product"}],"wp:featuredmedia":[{"embeddable":true,"href":"https:\/\/staging.nbg.eu\/de\/wp-json\/wp\/v2\/media\/71753"}],"wp:attachment":[{"href":"https:\/\/staging.nbg.eu\/de\/wp-json\/wp\/v2\/media?parent=74098"}],"wp:term":[{"taxonomy":"product_brand","embeddable":true,"href":"https:\/\/staging.nbg.eu\/de\/wp-json\/wp\/v2\/product_brand?post=74098"},{"taxonomy":"product_cat","embeddable":true,"href":"https:\/\/staging.nbg.eu\/de\/wp-json\/wp\/v2\/product_cat?post=74098"},{"taxonomy":"product_tag","embeddable":true,"href":"https:\/\/staging.nbg.eu\/de\/wp-json\/wp\/v2\/product_tag?post=74098"}],"curies":[{"name":"wp","href":"https:\/\/api.w.org\/{rel}","templated":true}]}}