{"id":74076,"date":"2024-10-18T18:54:11","date_gmt":"2024-10-29T10:01:34","guid":{"rendered":"https:\/\/staging.nbg.eu\/product\/casio-prg-270-1er\/"},"modified":"2024-10-29T10:03:17","modified_gmt":"2024-10-29T10:03:17","slug":"casio-prg-270-1er","status":"publish","type":"product","link":"https:\/\/staging.nbg.eu\/de\/produkt\/casio-prg-270-1er\/","title":{"rendered":"Casio PRG-270-1ER"},"content":{"rendered":"<div class=\"product-description\">\n<h2>Casio PRG-270-1ER: Outdoor-Uhr<\/h2>\n<p>Die Casio PRG-270-1ER verf\u00fcgt \u00fcber den Triple Sensor Version 3. Dieses PRO TREK Modell liefert H\u00f6hen-, Luftdruck- und Richtungsmessungen.<\/p>\n<ul>\n<li>Solar-Betrieb<\/li>\n<li>Dreifach-Sensor: Kompass, Barometer\/Thermometer, H\u00f6henmesser<\/li>\n<li>K\u00e4lteresistent (-10\u00baC\/14\u00baF)<\/li>\n<li>Wasserdicht bis 100 Meter<\/li>\n<li>Luftdrucktendenz-Alarm<\/li>\n<li>Gro\u00dfe seitliche Kn\u00f6pfe<\/li>\n<li>Anzeige von Sonnenauf- und -untergangszeiten<\/li>\n<li>Automatische Beleuchtung bei schlechten Lichtverh\u00e4ltnissen<\/li>\n<\/ul>\n<p>Diese Uhr ist f\u00fcr Outdoor-Aktivit\u00e4ten konzipiert.<\/p>\n<\/div>\n","protected":false},"excerpt":{"rendered":"<p>Robuste Outdoor-Uhr mit Triple Sensor und Tough Solar-Energieversorgung.<\/p>\n","protected":false},"featured_media":71522,"template":"","meta":{"_acf_changed":false},"product_brand":[11198],"product_cat":[12097,12073],"product_tag":[],"class_list":{"0":"post-74076","1":"product","2":"type-product","3":"status-publish","4":"has-post-thumbnail","6":"product_brand-casio","7":"product_cat-edc","8":"product_cat-uhren","10":"first","11":"instock","12":"taxable","13":"shipping-taxable","14":"purchasable","15":"product-type-simple"},"acf":[],"_links":{"self":[{"href":"https:\/\/staging.nbg.eu\/de\/wp-json\/wp\/v2\/product\/74076","targetHints":{"allow":["GET"]}}],"collection":[{"href":"https:\/\/staging.nbg.eu\/de\/wp-json\/wp\/v2\/product"}],"about":[{"href":"https:\/\/staging.nbg.eu\/de\/wp-json\/wp\/v2\/types\/product"}],"wp:featuredmedia":[{"embeddable":true,"href":"https:\/\/staging.nbg.eu\/de\/wp-json\/wp\/v2\/media\/71522"}],"wp:attachment":[{"href":"https:\/\/staging.nbg.eu\/de\/wp-json\/wp\/v2\/media?parent=74076"}],"wp:term":[{"taxonomy":"product_brand","embeddable":true,"href":"https:\/\/staging.nbg.eu\/de\/wp-json\/wp\/v2\/product_brand?post=74076"},{"taxonomy":"product_cat","embeddable":true,"href":"https:\/\/staging.nbg.eu\/de\/wp-json\/wp\/v2\/product_cat?post=74076"},{"taxonomy":"product_tag","embeddable":true,"href":"https:\/\/staging.nbg.eu\/de\/wp-json\/wp\/v2\/product_tag?post=74076"}],"curies":[{"name":"wp","href":"https:\/\/api.w.org\/{rel}","templated":true}]}}