{"id":73962,"date":"2024-10-16T20:13:36","date_gmt":"2024-10-25T10:17:06","guid":{"rendered":"https:\/\/staging.nbg.eu\/product\/casio-gbd-800uc-5er\/"},"modified":"2024-10-25T10:18:44","modified_gmt":"2024-10-25T10:18:44","slug":"casio-gbd-800uc-5er","status":"publish","type":"product","link":"https:\/\/staging.nbg.eu\/de\/produkt\/casio-gbd-800uc-5er\/","title":{"rendered":"Casio GBD-800UC-5ER"},"content":{"rendered":"<div class=\"product-description\">\n<h2>Casio GBD-800UC-5ER: Fitness-Uhr<\/h2>\n<p>Die Casio GBD-800UC-5ER vereint Stil und Funktionalit\u00e4t. Diese Uhr hat ein Geh\u00e4use und Armband aus Harz, entwickelt f\u00fcr einen aktiven Lebensstil.<\/p>\n<ul>\n<li>Ma\u00dfe: 54,1 \u00d7 48,6 \u00d7 15,5 mm, Gewicht: 59g<\/li>\n<li>Sto\u00dffeste Konstruktion f\u00fcr erh\u00f6hte Haltbarkeit<\/li>\n<li>200 Meter Wasserdichtigkeit<\/li>\n<li>3 Jahre Batterielebensdauer mit CR2025<\/li>\n<li>Schrittz\u00e4hler mit 3-Achsen-Beschleunigungssensor<\/li>\n<li>Anzeige des Schrittziels und 7-Stunden-Schrittgraph<\/li>\n<li>Energiesparfunktion<\/li>\n<\/ul>\n<p>Die GBD-800UC-5ER erm\u00f6glicht die Verfolgung Ihrer Fitness-Aktivit\u00e4ten.<\/p>\n<\/div>\n","protected":false},"excerpt":{"rendered":"<p>Robuste G-Shock mit Schrittz\u00e4hler, 200 m wasserdicht, 3 Jahre Batterielaufzeit.<\/p>\n","protected":false},"featured_media":71242,"template":"","meta":{"_acf_changed":false},"product_brand":[11198],"product_cat":[12097,12073],"product_tag":[],"class_list":{"0":"post-73962","1":"product","2":"type-product","3":"status-publish","4":"has-post-thumbnail","6":"product_brand-casio","7":"product_cat-edc","8":"product_cat-uhren","10":"first","11":"instock","12":"taxable","13":"shipping-taxable","14":"purchasable","15":"product-type-simple"},"acf":[],"_links":{"self":[{"href":"https:\/\/staging.nbg.eu\/de\/wp-json\/wp\/v2\/product\/73962","targetHints":{"allow":["GET"]}}],"collection":[{"href":"https:\/\/staging.nbg.eu\/de\/wp-json\/wp\/v2\/product"}],"about":[{"href":"https:\/\/staging.nbg.eu\/de\/wp-json\/wp\/v2\/types\/product"}],"wp:featuredmedia":[{"embeddable":true,"href":"https:\/\/staging.nbg.eu\/de\/wp-json\/wp\/v2\/media\/71242"}],"wp:attachment":[{"href":"https:\/\/staging.nbg.eu\/de\/wp-json\/wp\/v2\/media?parent=73962"}],"wp:term":[{"taxonomy":"product_brand","embeddable":true,"href":"https:\/\/staging.nbg.eu\/de\/wp-json\/wp\/v2\/product_brand?post=73962"},{"taxonomy":"product_cat","embeddable":true,"href":"https:\/\/staging.nbg.eu\/de\/wp-json\/wp\/v2\/product_cat?post=73962"},{"taxonomy":"product_tag","embeddable":true,"href":"https:\/\/staging.nbg.eu\/de\/wp-json\/wp\/v2\/product_tag?post=73962"}],"curies":[{"name":"wp","href":"https:\/\/api.w.org\/{rel}","templated":true}]}}