{"id":70615,"date":"2023-11-21T14:46:08","date_gmt":"2024-09-20T13:24:47","guid":{"rendered":"https:\/\/staging.nbg.eu\/product\/kmr-l-02-orca\/"},"modified":"2025-02-19T16:04:02","modified_gmt":"2025-02-19T16:04:02","slug":"kmr-l-02-orca","status":"publish","type":"product","link":"https:\/\/staging.nbg.eu\/de\/produkt\/kmr-l-02-orca\/","title":{"rendered":"KMR L-02 ORCA"},"content":{"rendered":"<div class=\"product-description\">\n<h2>KMR L-02 ORCA: Sportpistole &#8211; IPSC Standard Division<\/h2>\n<p>Die KMR L-02 ORCA ist eine Pistole f\u00fcr Sportsch\u00fctzen. Sie ist mit KMR-Zubeh\u00f6r und dem BRS-Laufstabilisierungssystem ausgestattet.<\/p>\n<h2>Hauptmerkmale:<\/h2>\n<ul>\n<li>5&#8243; schwerer, geriffelter, polierter Lauf<\/li>\n<li>BRS &#8211; Laufstabilisierungssystem im Schlitten integriert<\/li>\n<li>CNC-gefr\u00e4ster Stahlrahmen<\/li>\n<li>Linke Daumenauflage<\/li>\n<li>Geriffelte flache SA-Abzug mit einstellbarem Abzugsweg und Reset<\/li>\n<li>9&#215;19 Kaliber mit 19+1 Schuss Kapazit\u00e4t<\/li>\n<li>CERAKOTE Oberfl\u00e4chenbehandlung auf Rahmen und Schlitten<\/li>\n<\/ul>\n<h2>Spezifikationen:<\/h2>\n<table>\n<tbody>\n<tr>\n<td>Kaliber:<\/td>\n<td>9\u00d719<\/td>\n<\/tr>\n<tr>\n<td>Gesamtl\u00e4nge:<\/td>\n<td>223 mm<\/td>\n<\/tr>\n<tr>\n<td>Laufl\u00e4nge:<\/td>\n<td>127 mm<\/td>\n<\/tr>\n<tr>\n<td>Gewicht (mit leerem Magazin):<\/td>\n<td>1350 g<\/td>\n<\/tr>\n<tr>\n<td>Abzugsgewicht:<\/td>\n<td>&gt; 13,5 N<\/td>\n<\/tr>\n<\/tbody>\n<\/table>\n<h2>Zus\u00e4tzliche Merkmale:<\/h2>\n<ul>\n<li>DiamondCut Duralumin Griffe<\/li>\n<li>Einstellbarer Duralumin Magazinausl\u00f6seknopf<\/li>\n<li>Verl\u00e4ngerte linke manuelle Sicherung und flache rechte manuelle Sicherung<\/li>\n<li>Fiberoptisches Korn (1 mm) und einstellbare Kimme<\/li>\n<li>3 Magazine enthalten<\/li>\n<\/ul>\n<p>Die KMR L-02 ORCA wird mit einem KMR Pistolenkoffer, Reinigungsset, KMR \u00d6l, Bedienungsanleitung und Garantiekarte geliefert.<\/p>\n<\/div>\n","protected":false},"excerpt":{"rendered":"<p>Hochleistungs-Sportpistole mit fortschrittlicher Stabilisierung und anpassbaren Funktionen.<\/p>\n","protected":false},"featured_media":93417,"template":"","meta":{"_acf_changed":false},"product_brand":[11493],"product_cat":[12064,12054],"product_tag":[],"class_list":{"0":"post-70615","1":"product","2":"type-product","3":"status-publish","4":"has-post-thumbnail","6":"product_brand-kmr-precision","7":"product_cat-pistole","8":"product_cat-pistolen","10":"first","11":"instock","12":"taxable","13":"shipping-taxable","14":"product-type-variable","15":"wvs-archive-product-wrapper"},"acf":[],"_links":{"self":[{"href":"https:\/\/staging.nbg.eu\/de\/wp-json\/wp\/v2\/product\/70615","targetHints":{"allow":["GET"]}}],"collection":[{"href":"https:\/\/staging.nbg.eu\/de\/wp-json\/wp\/v2\/product"}],"about":[{"href":"https:\/\/staging.nbg.eu\/de\/wp-json\/wp\/v2\/types\/product"}],"wp:featuredmedia":[{"embeddable":true,"href":"https:\/\/staging.nbg.eu\/de\/wp-json\/wp\/v2\/media\/93417"}],"wp:attachment":[{"href":"https:\/\/staging.nbg.eu\/de\/wp-json\/wp\/v2\/media?parent=70615"}],"wp:term":[{"taxonomy":"product_brand","embeddable":true,"href":"https:\/\/staging.nbg.eu\/de\/wp-json\/wp\/v2\/product_brand?post=70615"},{"taxonomy":"product_cat","embeddable":true,"href":"https:\/\/staging.nbg.eu\/de\/wp-json\/wp\/v2\/product_cat?post=70615"},{"taxonomy":"product_tag","embeddable":true,"href":"https:\/\/staging.nbg.eu\/de\/wp-json\/wp\/v2\/product_tag?post=70615"}],"curies":[{"name":"wp","href":"https:\/\/api.w.org\/{rel}","templated":true}]}}