{"id":68931,"date":"2023-11-26T17:56:23","date_gmt":"2023-11-26T17:56:23","guid":{"rendered":"https:\/\/staging.nbg.eu\/product\/geissele-super-duty-rifle-14-5-5-56mm-luna-black\/"},"modified":"2024-09-27T10:20:17","modified_gmt":"2024-09-27T10:20:17","slug":"geissele-super-duty-gewehr-145-556mm-luna-schwarz","status":"publish","type":"product","link":"https:\/\/staging.nbg.eu\/de\/produkt\/geissele-super-duty-gewehr-145-556mm-luna-schwarz\/","title":{"rendered":"Geissele Super Duty Gewehr, 14,5&#8243;, 5,56MM &#8211; Luna Schwarz"},"content":{"rendered":"<h2>Geissele Super Duty &#8211; 14,5&#8243; 5,56MM<\/h2>\n<p>Das Geissele Super Duty ist ein 14,5-Zoll-Gewehr im Kaliber 5,56 NATO, das fortschrittliche Technologie mit Handwerkskunst kombiniert.<\/p>\n<h2>Hauptmerkmale:<\/h2>\n<ul>\n<li>14,5&#8243; kaltgeschmiedeter, verchromter Lauf (1:7&#8243; Drall)<\/li>\n<li>In Geisseles Anlage in North Wales, PA gefertigt<\/li>\n<li>Gasystem in Karabinerl\u00e4nge mit kompaktem Gasblock<\/li>\n<li>14&#8243; SMR MK14.5 modulare Schiene mit M-LOK-Kompatibilit\u00e4t<\/li>\n<li>Unterer Receiver aus 7075-T6 Aluminium mit Ultra Duty Teilesatz<\/li>\n<li>Beidseitig bedienbarer konfigurierbarer Sicherungshebel<\/li>\n<li>Super-42 Actionfeder und H3-Puffer<\/li>\n<\/ul>\n<h2>Spezifikationen:<\/h2>\n<ul>\n<li>Kaliber: 5,56 NATO<\/li>\n<li>Lauf: Geissele kaltgeschmiedet, verchromt, 1\/7 Drall<\/li>\n<li>Receiver: Geschmiedetes 7075-T6, Typ III harteloxiert<\/li>\n<li>Verschlusstr\u00e4ger: REBCG (Reliability Enhanced Bolt Carrier Group)<\/li>\n<li>Abzug: SSA-X mit Lightning Bow<\/li>\n<li>M\u00fcndungsger\u00e4t: Geissele Sparkout M\u00fcndungsfeuerd\u00e4mpfer<\/li>\n<li>Ladehebel: Airborne<\/li>\n<li>Farbe: DDC (Desert Dirt Color)*<\/li>\n<\/ul>\n<p><em>*Hinweis: DDC-Eloxierung kann in der Schattierung variieren<\/em><\/p>\n<p>Das Geissele Super Duty Gewehr bietet Pr\u00e4zision und Zuverl\u00e4ssigkeit in einem kompakten Paket.<\/p>\n","protected":false},"excerpt":{"rendered":"<p>Geissele Super Duty: 14,5&#8243; 5,56MM, fortschrittliche Technologie, pr\u00e4zisionsgefertigt.<\/p>\n","protected":false},"featured_media":4379,"template":"","meta":{"_acf_changed":false},"product_brand":[11387],"product_cat":[12107,12104],"product_tag":[],"class_list":{"0":"post-68931","1":"product","2":"type-product","3":"status-publish","4":"has-post-thumbnail","6":"product_brand-geissele","7":"product_cat-gewehr","8":"product_cat-karabiner","10":"first","11":"outofstock","12":"taxable","13":"shipping-taxable","14":"product-type-simple"},"acf":[],"_links":{"self":[{"href":"https:\/\/staging.nbg.eu\/de\/wp-json\/wp\/v2\/product\/68931","targetHints":{"allow":["GET"]}}],"collection":[{"href":"https:\/\/staging.nbg.eu\/de\/wp-json\/wp\/v2\/product"}],"about":[{"href":"https:\/\/staging.nbg.eu\/de\/wp-json\/wp\/v2\/types\/product"}],"wp:featuredmedia":[{"embeddable":true,"href":"https:\/\/staging.nbg.eu\/de\/wp-json\/wp\/v2\/media\/4379"}],"wp:attachment":[{"href":"https:\/\/staging.nbg.eu\/de\/wp-json\/wp\/v2\/media?parent=68931"}],"wp:term":[{"taxonomy":"product_brand","embeddable":true,"href":"https:\/\/staging.nbg.eu\/de\/wp-json\/wp\/v2\/product_brand?post=68931"},{"taxonomy":"product_cat","embeddable":true,"href":"https:\/\/staging.nbg.eu\/de\/wp-json\/wp\/v2\/product_cat?post=68931"},{"taxonomy":"product_tag","embeddable":true,"href":"https:\/\/staging.nbg.eu\/de\/wp-json\/wp\/v2\/product_tag?post=68931"}],"curies":[{"name":"wp","href":"https:\/\/api.w.org\/{rel}","templated":true}]}}