{"id":68336,"date":"2023-12-10T10:23:45","date_gmt":"2023-12-10T10:23:45","guid":{"rendered":"https:\/\/staging.nbg.eu\/product\/alg-defense-el-jefe-16-5-56mm-black\/"},"modified":"2025-02-07T08:22:10","modified_gmt":"2025-02-07T08:22:10","slug":"alg-defense-el-jefe-16-556mm-schwarz","status":"publish","type":"product","link":"https:\/\/staging.nbg.eu\/de\/produkt\/alg-defense-el-jefe-16-556mm-schwarz\/","title":{"rendered":"ALG Defense El Jefe, 16&#8243;, 5,56MM &#8211; Schwarz"},"content":{"rendered":"<h2>ALG Defense El Jefe, 16&#8243;, 5,56MM &#8211; Schwarz<\/h2>\n<p>Das ALG Defense El Jefe Gewehr ist f\u00fcr Sch\u00fctzen, die ein Gewehr nach Milit\u00e4rstandard zu einem erschwinglichen Preis suchen. Dieses komplette Gewehrsystem wird mit einem Trageriemen und einem Warner &amp; Swasey Rotpunktvisier geliefert.<\/p>\n<h2>Hauptmerkmale:<\/h2>\n<ul>\n<li>Receiver aus 7075 Aluminium, geschmiedet und CNC-gefr\u00e4st<\/li>\n<li>Mil-Spec Typ 3 hartcoat anodisierte Oberfl\u00e4che in mattschwarz<\/li>\n<li>ALG V3X Handschutz mit M-LOK-Slots f\u00fcr Anbauoptionen<\/li>\n<li>B5 Systems SOPMOD Schaft<\/li>\n<li>Geissele Super 42 Pufferfeder und H1 Puffer<\/li>\n<li>Mil-Spec Verschlusstr\u00e4gergruppe mit Hartverchromung<\/li>\n<li>ALG Defense Advanced Combat Trigger (ACT)<\/li>\n<li>Gezogener, verchromter Lauf mit 5,56 NATO Kammer<\/li>\n<li>Geissele Gasblock und verl\u00e4ngertes Mid-Length Gasrohr<\/li>\n<li>Inklusive M4 Karabiner Mil-Spec Trageriemen und QD-Wirbel<\/li>\n<li>Warner and Swasey 3 MOA Rotpunktvisier mit integrierter Notvisierung<\/li>\n<\/ul>\n<p>El Jefe kombiniert hochwertige Komponenten und Verarbeitung zu einem zuverl\u00e4ssigen, pr\u00e4zisen und haltbaren Gewehr f\u00fcr Sportschie\u00dfen, Strafverfolgung und Heimverteidigung. Mit seiner Konstruktion und dem mitgelieferten Zubeh\u00f6r ist das ALG Defense El Jefe ein preiswertes AR-15.<\/p>\n","protected":false},"excerpt":{"rendered":"<p>ALG Defense El Jefe: Hochwertiges 5,56mm AR-15 mit erstklassigen Funktionen.<\/p>\n","protected":false},"featured_media":4516,"template":"","meta":{"_acf_changed":false},"product_brand":[11387],"product_cat":[12107,12104],"product_tag":[],"class_list":{"0":"post-68336","1":"product","2":"type-product","3":"status-publish","4":"has-post-thumbnail","6":"product_brand-geissele","7":"product_cat-gewehr","8":"product_cat-karabiner","10":"first","11":"instock","12":"taxable","13":"shipping-taxable","14":"product-type-simple"},"acf":[],"_links":{"self":[{"href":"https:\/\/staging.nbg.eu\/de\/wp-json\/wp\/v2\/product\/68336","targetHints":{"allow":["GET"]}}],"collection":[{"href":"https:\/\/staging.nbg.eu\/de\/wp-json\/wp\/v2\/product"}],"about":[{"href":"https:\/\/staging.nbg.eu\/de\/wp-json\/wp\/v2\/types\/product"}],"wp:featuredmedia":[{"embeddable":true,"href":"https:\/\/staging.nbg.eu\/de\/wp-json\/wp\/v2\/media\/4516"}],"wp:attachment":[{"href":"https:\/\/staging.nbg.eu\/de\/wp-json\/wp\/v2\/media?parent=68336"}],"wp:term":[{"taxonomy":"product_brand","embeddable":true,"href":"https:\/\/staging.nbg.eu\/de\/wp-json\/wp\/v2\/product_brand?post=68336"},{"taxonomy":"product_cat","embeddable":true,"href":"https:\/\/staging.nbg.eu\/de\/wp-json\/wp\/v2\/product_cat?post=68336"},{"taxonomy":"product_tag","embeddable":true,"href":"https:\/\/staging.nbg.eu\/de\/wp-json\/wp\/v2\/product_tag?post=68336"}],"curies":[{"name":"wp","href":"https:\/\/api.w.org\/{rel}","templated":true}]}}