{"id":67836,"date":"2024-01-13T10:41:33","date_gmt":"2024-09-20T12:17:39","guid":{"rendered":"https:\/\/staging.nbg.eu\/product\/surefire-m340dft-pro\/"},"modified":"2024-09-20T12:18:31","modified_gmt":"2024-09-20T12:18:31","slug":"surefire-m340dft-pro","status":"publish","type":"product","link":"https:\/\/staging.nbg.eu\/de\/produkt\/surefire-m340dft-pro\/","title":{"rendered":"SureFire M340DFT-PRO"},"content":{"rendered":"<div class=\"product-description\">\n<h2>SureFire M340DFT-PRO Turbo Mini Scout Light Pro<\/h2>\n<p>Die M340DFT-PRO bietet:<\/p>\n<ul>\n<li>95.000 Candela Spitzenstrahlintensit\u00e4t mit mitgelieferter SF18350 Batterie<\/li>\n<li>Turbo-Strahlmuster f\u00fcr Zielidentifikation auf extreme Entfernungen<\/li>\n<li>Vielseitige Niedrigprofil-Halterung f\u00fcr optimale Positionierung<\/li>\n<li>Dual Fuel-F\u00e4higkeit: SF18350 wiederaufladbar oder 123A Lithium-Prim\u00e4rbatterie<\/li>\n<li>Hohe Haltbarkeit und umfassende Fernschaltoptionen<\/li>\n<\/ul>\n<p>Die M340DFT-PRO hat eine kompakte Form. Der Pr\u00e4zisionsreflektor erzeugt einen konzentrierten Strahl, geeignet f\u00fcr Anwendungen auf gro\u00dfe Entfernungen. Hergestellt aus Luftfahrtaluminium und mit Mil-Spec hartanodisiert, ist diese Waffenleuchte f\u00fcr harte Bedingungen konzipiert.<\/p>\n<\/div>\n","protected":false},"excerpt":{"rendered":"<p>Kompakte, leistungsstarke WeaponLight mit einer maximalen Strahlintensit\u00e4t von 95.000 Candela.<\/p>\n","protected":false},"featured_media":4615,"template":"","meta":{"_acf_changed":false},"product_brand":[11870],"product_cat":[12107,12058,12098],"product_tag":[],"class_list":{"0":"post-67836","1":"product","2":"type-product","3":"status-publish","4":"has-post-thumbnail","6":"product_brand-surefire","7":"product_cat-gewehr","8":"product_cat-gewehrlampen","9":"product_cat-lampen","11":"first","12":"instock","13":"taxable","14":"shipping-taxable","15":"purchasable","16":"product-type-variable","17":"wvs-archive-product-wrapper"},"acf":[],"_links":{"self":[{"href":"https:\/\/staging.nbg.eu\/de\/wp-json\/wp\/v2\/product\/67836","targetHints":{"allow":["GET"]}}],"collection":[{"href":"https:\/\/staging.nbg.eu\/de\/wp-json\/wp\/v2\/product"}],"about":[{"href":"https:\/\/staging.nbg.eu\/de\/wp-json\/wp\/v2\/types\/product"}],"wp:featuredmedia":[{"embeddable":true,"href":"https:\/\/staging.nbg.eu\/de\/wp-json\/wp\/v2\/media\/4615"}],"wp:attachment":[{"href":"https:\/\/staging.nbg.eu\/de\/wp-json\/wp\/v2\/media?parent=67836"}],"wp:term":[{"taxonomy":"product_brand","embeddable":true,"href":"https:\/\/staging.nbg.eu\/de\/wp-json\/wp\/v2\/product_brand?post=67836"},{"taxonomy":"product_cat","embeddable":true,"href":"https:\/\/staging.nbg.eu\/de\/wp-json\/wp\/v2\/product_cat?post=67836"},{"taxonomy":"product_tag","embeddable":true,"href":"https:\/\/staging.nbg.eu\/de\/wp-json\/wp\/v2\/product_tag?post=67836"}],"curies":[{"name":"wp","href":"https:\/\/api.w.org\/{rel}","templated":true}]}}