{"id":66359,"date":"2024-01-16T19:29:25","date_gmt":"2024-09-20T11:50:59","guid":{"rendered":"https:\/\/staging.nbg.eu\/product\/surefire-x300t-b-weaponlight\/"},"modified":"2024-09-20T11:51:51","modified_gmt":"2024-09-20T11:51:51","slug":"surefire-x300t-b-waffenlampe","status":"publish","type":"product","link":"https:\/\/staging.nbg.eu\/de\/produkt\/surefire-x300t-b-waffenlampe\/","title":{"rendered":"SureFire X300T-B Waffenlampe"},"content":{"rendered":"<div class=\"product-description\">\n<h2>SureFire X300T-B WAFFENLAMPE<\/h2>\n<p>Die SureFire X300T-B WAFFENLAMPE ist eine Beleuchtungsl\u00f6sung f\u00fcr professionelle Anwender. Diese Turbo-Serie-Version unserer X300 Handfeuerwaffen-Lampe bietet:<\/p>\n<ul>\n<li>66.000-Candela Spitzenstrahlintensit\u00e4t<\/li>\n<li>650 Lumen wei\u00dfes Licht<\/li>\n<li>Turbo-Strahlmuster f\u00fcr Zielidentifikation auf gro\u00dfe Entfernungen<\/li>\n<li>1,5 Stunden Laufzeit mit zwei mitgelieferten 123A Lithiumbatterien<\/li>\n<\/ul>\n<p>Die X300T-B verf\u00fcgt \u00fcber:<\/p>\n<ul>\n<li>T-Slot-Daumenschraubklemme zur Befestigung an Universal- und Picatinny-Schienen<\/li>\n<li>Beidseitige Schalter f\u00fcr sofortige Aktivierung<\/li>\n<li>Kompatibilit\u00e4t mit bestehenden X300U-B Holstern<\/li>\n<li>Geh\u00e4use aus Luft- und Raumfahrtaluminium mit hartanodisierter Oberfl\u00e4che nach Milit\u00e4rspezifikation<\/li>\n<li>IPX7 Wasserdichtigkeitsklasse (30 Minuten bei 1 Meter Tiefe)<\/li>\n<\/ul>\n<p>Technische Daten:<\/p>\n<ul>\n<li>L\u00e4nge: 9,55 cm<\/li>\n<li>Gewicht mit Batterien: 124,7 g<\/li>\n<li>Frontdurchmesser: 2,9 cm<\/li>\n<li>Effektive Reichweite: 514 Meter<\/li>\n<\/ul>\n<p>Die SureFire X300T-B WAFFENLAMPE bietet Leistung und Zuverl\u00e4ssigkeit in kritischen Situationen.<\/p>\n<\/div>\n","protected":false},"excerpt":{"rendered":"<p>Leistungsstarke 650-Lumen-Waffenleuchte mit einem 66.000-Candela-Strahl f\u00fcr Identifizierung auf extreme Entfernungen.<\/p>\n","protected":false},"featured_media":83169,"template":"","meta":{"_acf_changed":false},"product_brand":[11870],"product_cat":[12098,12064,12091],"product_tag":[],"class_list":{"0":"post-66359","1":"product","2":"type-product","3":"status-publish","4":"has-post-thumbnail","6":"product_brand-surefire","7":"product_cat-lampen","8":"product_cat-pistole","9":"product_cat-pistolenlampen","11":"first","12":"instock","13":"taxable","14":"shipping-taxable","15":"purchasable","16":"product-type-variable","17":"wvs-archive-product-wrapper"},"acf":[],"_links":{"self":[{"href":"https:\/\/staging.nbg.eu\/de\/wp-json\/wp\/v2\/product\/66359","targetHints":{"allow":["GET"]}}],"collection":[{"href":"https:\/\/staging.nbg.eu\/de\/wp-json\/wp\/v2\/product"}],"about":[{"href":"https:\/\/staging.nbg.eu\/de\/wp-json\/wp\/v2\/types\/product"}],"wp:featuredmedia":[{"embeddable":true,"href":"https:\/\/staging.nbg.eu\/de\/wp-json\/wp\/v2\/media\/83169"}],"wp:attachment":[{"href":"https:\/\/staging.nbg.eu\/de\/wp-json\/wp\/v2\/media?parent=66359"}],"wp:term":[{"taxonomy":"product_brand","embeddable":true,"href":"https:\/\/staging.nbg.eu\/de\/wp-json\/wp\/v2\/product_brand?post=66359"},{"taxonomy":"product_cat","embeddable":true,"href":"https:\/\/staging.nbg.eu\/de\/wp-json\/wp\/v2\/product_cat?post=66359"},{"taxonomy":"product_tag","embeddable":true,"href":"https:\/\/staging.nbg.eu\/de\/wp-json\/wp\/v2\/product_tag?post=66359"}],"curies":[{"name":"wp","href":"https:\/\/api.w.org\/{rel}","templated":true}]}}