{"id":66138,"date":"2024-01-19T18:29:10","date_gmt":"2024-09-20T11:44:51","guid":{"rendered":"https:\/\/staging.nbg.eu\/product\/surefire-sf18650-b\/"},"modified":"2024-09-20T11:45:38","modified_gmt":"2024-09-20T11:45:38","slug":"surefire-sf18650-b","status":"publish","type":"product","link":"https:\/\/staging.nbg.eu\/de\/produkt\/surefire-sf18650-b\/","title":{"rendered":"SureFire SF18650-B"},"content":{"rendered":"<div class=\"product-description\">\n<h2>SureFire SF18650-B Wiederaufladbare Batterie<\/h2>\n<p>Eine SF18650 wiederaufladbare Batterie, die 3,6 Volt und 3500 mAh f\u00fcr l\u00e4ngere Laufzeit liefert. Verf\u00fcgt \u00fcber MICRO-USB-Aufladung f\u00fcr bequemes Aufladen aus verschiedenen Quellen. Kompatibel mit ausgew\u00e4hlten SureFire-Produkten, einschlie\u00dflich FURY-DFT, EDC2-DFT und M600DF-Serie. Aufladbar \u00fcber USB oder externes 18650-Ladeger\u00e4t (nicht im Lieferumfang enthalten) f\u00fcr maximale Vielseitigkeit.<\/p>\n<\/div>\n","protected":false},"excerpt":{"rendered":"<p>Hochleistungs-Akku mit 3500mAh Kapazit\u00e4t, wiederaufladbar \u00fcber MICRO-USB-Anschluss.<\/p>\n","protected":false},"featured_media":4981,"template":"","meta":{"_acf_changed":false},"product_brand":[11870],"product_cat":[12046,12097,12066,12098],"product_tag":[],"class_list":{"0":"post-66138","1":"product","2":"type-product","3":"status-publish","4":"has-post-thumbnail","6":"product_brand-surefire","7":"product_cat-batterien","8":"product_cat-edc","9":"product_cat-edc-lampen","10":"product_cat-lampen","12":"first","13":"instock","14":"taxable","15":"shipping-taxable","16":"purchasable","17":"product-type-simple"},"acf":[],"_links":{"self":[{"href":"https:\/\/staging.nbg.eu\/de\/wp-json\/wp\/v2\/product\/66138","targetHints":{"allow":["GET"]}}],"collection":[{"href":"https:\/\/staging.nbg.eu\/de\/wp-json\/wp\/v2\/product"}],"about":[{"href":"https:\/\/staging.nbg.eu\/de\/wp-json\/wp\/v2\/types\/product"}],"wp:featuredmedia":[{"embeddable":true,"href":"https:\/\/staging.nbg.eu\/de\/wp-json\/wp\/v2\/media\/4981"}],"wp:attachment":[{"href":"https:\/\/staging.nbg.eu\/de\/wp-json\/wp\/v2\/media?parent=66138"}],"wp:term":[{"taxonomy":"product_brand","embeddable":true,"href":"https:\/\/staging.nbg.eu\/de\/wp-json\/wp\/v2\/product_brand?post=66138"},{"taxonomy":"product_cat","embeddable":true,"href":"https:\/\/staging.nbg.eu\/de\/wp-json\/wp\/v2\/product_cat?post=66138"},{"taxonomy":"product_tag","embeddable":true,"href":"https:\/\/staging.nbg.eu\/de\/wp-json\/wp\/v2\/product_tag?post=66138"}],"curies":[{"name":"wp","href":"https:\/\/api.w.org\/{rel}","templated":true}]}}