{"id":65634,"date":"2024-01-21T17:47:21","date_gmt":"2024-09-20T11:31:56","guid":{"rendered":"https:\/\/staging.nbg.eu\/product\/surefire-sflfp123-batteries\/"},"modified":"2024-09-20T11:32:44","modified_gmt":"2024-09-20T11:32:44","slug":"surefire-sflfp123-batterien","status":"publish","type":"product","link":"https:\/\/staging.nbg.eu\/de\/produkt\/surefire-sflfp123-batterien\/","title":{"rendered":"SureFire SFLFP123 Batterien"},"content":{"rendered":"<div class=\"product-description\">\n<h2>SureFire SFLFP123 Wiederaufladbare Batterien<\/h2>\n<p>Die SureFire SFLFP123 Lithium-Eisenphosphat (LiFePO4) wiederaufladbaren Batterien sind f\u00fcr LED-Beleuchtungsger\u00e4te geeignet. Diese 3,2V-Zellen haben eine Kapazit\u00e4t von 450mAh und 1,44Wh Energie.<\/p>\n<ul>\n<li>Interne Schaltung f\u00fcr sicheres Aufladen<\/li>\n<li>Schutz vor \u00dcberladung, Kurzschluss und Verpolung<\/li>\n<li>Ladezeit: 1,5 bis 3 Stunden<\/li>\n<li>Gewicht: 17 Gramm pro Batterie<\/li>\n<li>Erh\u00e4ltlich als Batterien-Set oder komplettes Set mit Ladeger\u00e4t<\/li>\n<\/ul>\n<p>Hinweis: Diese Batterien sind ausschlie\u00dflich f\u00fcr LED-Beleuchtungsprodukte konzipiert und sollten nicht mit Gl\u00fchlampen verwendet werden.<\/p>\n<\/div>\n","protected":false},"excerpt":{"rendered":"<p>SureFire SFLFP123: Wiederaufladbare 3,2V LiFePO4-Batterien f\u00fcr LED-Leuchten.<\/p>\n","protected":false},"featured_media":5117,"template":"","meta":{"_acf_changed":false},"product_brand":[11870],"product_cat":[],"product_tag":[],"class_list":{"0":"post-65634","1":"product","2":"type-product","3":"status-publish","4":"has-post-thumbnail","6":"product_brand-surefire","8":"first","9":"instock","10":"taxable","11":"shipping-taxable","12":"product-type-simple"},"acf":[],"_links":{"self":[{"href":"https:\/\/staging.nbg.eu\/de\/wp-json\/wp\/v2\/product\/65634","targetHints":{"allow":["GET"]}}],"collection":[{"href":"https:\/\/staging.nbg.eu\/de\/wp-json\/wp\/v2\/product"}],"about":[{"href":"https:\/\/staging.nbg.eu\/de\/wp-json\/wp\/v2\/types\/product"}],"wp:featuredmedia":[{"embeddable":true,"href":"https:\/\/staging.nbg.eu\/de\/wp-json\/wp\/v2\/media\/5117"}],"wp:attachment":[{"href":"https:\/\/staging.nbg.eu\/de\/wp-json\/wp\/v2\/media?parent=65634"}],"wp:term":[{"taxonomy":"product_brand","embeddable":true,"href":"https:\/\/staging.nbg.eu\/de\/wp-json\/wp\/v2\/product_brand?post=65634"},{"taxonomy":"product_cat","embeddable":true,"href":"https:\/\/staging.nbg.eu\/de\/wp-json\/wp\/v2\/product_cat?post=65634"},{"taxonomy":"product_tag","embeddable":true,"href":"https:\/\/staging.nbg.eu\/de\/wp-json\/wp\/v2\/product_tag?post=65634"}],"curies":[{"name":"wp","href":"https:\/\/api.w.org\/{rel}","templated":true}]}}