{"id":65578,"date":"2024-01-23T18:42:27","date_gmt":"2024-01-23T18:42:27","guid":{"rendered":"https:\/\/staging.nbg.eu\/product\/bore-cleaner-1-5-oz\/"},"modified":"2024-09-20T11:30:08","modified_gmt":"2024-09-20T11:30:08","slug":"laufreiniger-15-oz","status":"publish","type":"product","link":"https:\/\/staging.nbg.eu\/de\/produkt\/laufreiniger-15-oz\/","title":{"rendered":"Laufreiniger 1.5 oz"},"content":{"rendered":"<p>\nIosso Bohrreiniger: Eine Paste auf biologischer Basis zur Reinigung von Waffen. Entfernt Kupfer, Blei, Kohlenstoff, Verschmutzungen und Rost ohne Versch\u00fctten oder Besch\u00e4digungen. Nicht korrosiv, geruchlos und umweltfreundlich. Kann mit Eliminator-B\u00fcrsten und \u00d6ll\u00f6sung f\u00fcr gr\u00fcndliche Reinigung verwendet werden. Nutzt pflanzenbasierte Technologie f\u00fcr Schusswaffen.<\/p>\n","protected":false},"excerpt":{"rendered":"<p>Umweltfreundlicher Pastenreiniger f\u00fcr Waffen. Entfernt R\u00fcckst\u00e4nde und Verschmutzungen schnell.<\/p>\n","protected":false},"featured_media":101680,"template":"","meta":{"_acf_changed":false},"product_brand":[11483],"product_cat":[12102,12088],"product_tag":[],"class_list":{"0":"post-65578","1":"product","2":"type-product","3":"status-publish","4":"has-post-thumbnail","6":"product_brand-iosso","7":"product_cat-reiniger","8":"product_cat-waffenreinigung","10":"first","11":"instock","12":"taxable","13":"shipping-taxable","14":"purchasable","15":"product-type-simple"},"acf":[],"_links":{"self":[{"href":"https:\/\/staging.nbg.eu\/de\/wp-json\/wp\/v2\/product\/65578","targetHints":{"allow":["GET"]}}],"collection":[{"href":"https:\/\/staging.nbg.eu\/de\/wp-json\/wp\/v2\/product"}],"about":[{"href":"https:\/\/staging.nbg.eu\/de\/wp-json\/wp\/v2\/types\/product"}],"wp:featuredmedia":[{"embeddable":true,"href":"https:\/\/staging.nbg.eu\/de\/wp-json\/wp\/v2\/media\/101680"}],"wp:attachment":[{"href":"https:\/\/staging.nbg.eu\/de\/wp-json\/wp\/v2\/media?parent=65578"}],"wp:term":[{"taxonomy":"product_brand","embeddable":true,"href":"https:\/\/staging.nbg.eu\/de\/wp-json\/wp\/v2\/product_brand?post=65578"},{"taxonomy":"product_cat","embeddable":true,"href":"https:\/\/staging.nbg.eu\/de\/wp-json\/wp\/v2\/product_cat?post=65578"},{"taxonomy":"product_tag","embeddable":true,"href":"https:\/\/staging.nbg.eu\/de\/wp-json\/wp\/v2\/product_tag?post=65578"}],"curies":[{"name":"wp","href":"https:\/\/api.w.org\/{rel}","templated":true}]}}