{"id":63522,"date":"2024-01-23T18:50:53","date_gmt":"2024-09-16T13:21:07","guid":{"rendered":"https:\/\/staging.nbg.eu\/product\/iosso-case-polish\/"},"modified":"2024-09-16T13:21:57","modified_gmt":"2024-09-16T13:21:57","slug":"iosso-huelsen-politur","status":"publish","type":"product","link":"https:\/\/staging.nbg.eu\/de\/produkt\/iosso-huelsen-politur\/","title":{"rendered":"Iosso H\u00fclsen-Politur"},"content":{"rendered":"<p>\nIosso H\u00fclsenpolier: Eine L\u00f6sung f\u00fcr Messingh\u00fclsen<\/p>\n<ul>\n<li>Reinigt und poliert<\/li>\n<li>Entfernt Verschmutzungen, R\u00fcckst\u00e4nde und Oxidation<\/li>\n<li>Verk\u00fcrzt die Trommelzeit<\/li>\n<li>Sch\u00fctzt vor zuk\u00fcnftiger Oxidation<\/li>\n<li>Neue biobasierte Formel<\/li>\n<li>Sicher f\u00fcr Benutzer und Umwelt<\/li>\n<\/ul>\n<p>Erzielen Sie eine Oberfl\u00e4che wie neu auf Ihren Messingh\u00fclsen mit Iosso H\u00fclsenpolier. Geeignet f\u00fcr verschmutzte oder vorgereinigte H\u00fclsen.<\/p>\n","protected":false},"excerpt":{"rendered":"<p>Iosso H\u00fclsenpoliermittel: Bringt Messingh\u00fclsen wieder zu strahlendem Glanz.<\/p>\n","protected":false},"featured_media":102446,"template":"","meta":{"_acf_changed":false},"product_brand":[11483],"product_cat":[12101,12103],"product_tag":[],"class_list":{"0":"post-63522","1":"product","2":"type-product","3":"status-publish","4":"has-post-thumbnail","6":"product_brand-iosso","7":"product_cat-huelsenvorbereitung","8":"product_cat-wiederladen","10":"first","11":"instock","12":"taxable","13":"shipping-taxable","14":"purchasable","15":"product-type-variable","16":"wvs-archive-product-wrapper"},"acf":[],"_links":{"self":[{"href":"https:\/\/staging.nbg.eu\/de\/wp-json\/wp\/v2\/product\/63522","targetHints":{"allow":["GET"]}}],"collection":[{"href":"https:\/\/staging.nbg.eu\/de\/wp-json\/wp\/v2\/product"}],"about":[{"href":"https:\/\/staging.nbg.eu\/de\/wp-json\/wp\/v2\/types\/product"}],"wp:featuredmedia":[{"embeddable":true,"href":"https:\/\/staging.nbg.eu\/de\/wp-json\/wp\/v2\/media\/102446"}],"wp:attachment":[{"href":"https:\/\/staging.nbg.eu\/de\/wp-json\/wp\/v2\/media?parent=63522"}],"wp:term":[{"taxonomy":"product_brand","embeddable":true,"href":"https:\/\/staging.nbg.eu\/de\/wp-json\/wp\/v2\/product_brand?post=63522"},{"taxonomy":"product_cat","embeddable":true,"href":"https:\/\/staging.nbg.eu\/de\/wp-json\/wp\/v2\/product_cat?post=63522"},{"taxonomy":"product_tag","embeddable":true,"href":"https:\/\/staging.nbg.eu\/de\/wp-json\/wp\/v2\/product_tag?post=63522"}],"curies":[{"name":"wp","href":"https:\/\/api.w.org\/{rel}","templated":true}]}}