{"id":63414,"date":"2024-01-23T19:15:27","date_gmt":"2024-09-16T13:12:36","guid":{"rendered":"https:\/\/staging.nbg.eu\/product\/iosso-cotton-knit-cleaning-patches\/"},"modified":"2024-09-16T13:13:27","modified_gmt":"2024-09-16T13:13:27","slug":"iosso-baumwoll-reinigungsfilze","status":"publish","type":"product","link":"https:\/\/staging.nbg.eu\/de\/produkt\/iosso-baumwoll-reinigungsfilze\/","title":{"rendered":"Iosso Baumwoll-Reinigungsfilze"},"content":{"rendered":"<p>\nIosso Baumwoll-Strick-Reinigungspatches: 100% Baumwolle, fusselfrei und ausfranzresistent. Das gestrickte Gewebe erfasst Verschmutzungen besser als Flanell oder Acryl. Verf\u00fcgbare Gr\u00f6\u00dfen:<\/p>\n<ul>\n<li>1-1\/2&#8243;: .22 Gewehr bis .270<\/li>\n<li>2-1\/2&#8243;: .338 bis .357<\/li>\n<li>3&#8243;: Schrotflinten<\/li>\n<li>6&#8243;: 37-40mm<\/li>\n<\/ul>\n<p>Gestricktes Piqu\u00e9-Gewebe gew\u00e4hrleistet gute Reinigungsleistung.<\/p>\n","protected":false},"excerpt":{"rendered":"<p>Fusselfreie, gestrickte Baumwollt\u00fccher f\u00fcr \u00fcberlegene Waffenreinigung.<\/p>\n","protected":false},"featured_media":107561,"template":"","meta":{"_acf_changed":false},"product_brand":[11483],"product_cat":[12115,12088],"product_tag":[],"class_list":{"0":"post-63414","1":"product","2":"type-product","3":"status-publish","4":"has-post-thumbnail","6":"product_brand-iosso","7":"product_cat-buersten","8":"product_cat-waffenreinigung","10":"first","11":"instock","12":"taxable","13":"shipping-taxable","14":"purchasable","15":"product-type-variable","16":"wvs-archive-product-wrapper"},"acf":[],"_links":{"self":[{"href":"https:\/\/staging.nbg.eu\/de\/wp-json\/wp\/v2\/product\/63414","targetHints":{"allow":["GET"]}}],"collection":[{"href":"https:\/\/staging.nbg.eu\/de\/wp-json\/wp\/v2\/product"}],"about":[{"href":"https:\/\/staging.nbg.eu\/de\/wp-json\/wp\/v2\/types\/product"}],"wp:featuredmedia":[{"embeddable":true,"href":"https:\/\/staging.nbg.eu\/de\/wp-json\/wp\/v2\/media\/107561"}],"wp:attachment":[{"href":"https:\/\/staging.nbg.eu\/de\/wp-json\/wp\/v2\/media?parent=63414"}],"wp:term":[{"taxonomy":"product_brand","embeddable":true,"href":"https:\/\/staging.nbg.eu\/de\/wp-json\/wp\/v2\/product_brand?post=63414"},{"taxonomy":"product_cat","embeddable":true,"href":"https:\/\/staging.nbg.eu\/de\/wp-json\/wp\/v2\/product_cat?post=63414"},{"taxonomy":"product_tag","embeddable":true,"href":"https:\/\/staging.nbg.eu\/de\/wp-json\/wp\/v2\/product_tag?post=63414"}],"curies":[{"name":"wp","href":"https:\/\/api.w.org\/{rel}","templated":true}]}}