{"id":63348,"date":"2024-01-23T19:37:48","date_gmt":"2024-09-16T13:09:34","guid":{"rendered":"https:\/\/staging.nbg.eu\/product\/iosso-firearms-parts-cleaner-degreaser-37l\/"},"modified":"2024-09-16T13:10:23","modified_gmt":"2024-09-16T13:10:23","slug":"iosso-waffenteile-reiniger-entfetter-37l","status":"publish","type":"product","link":"https:\/\/staging.nbg.eu\/de\/produkt\/iosso-waffenteile-reiniger-entfetter-37l\/","title":{"rendered":"Iosso Waffenteile-Reiniger (Entfetter, 3,7L)"},"content":{"rendered":"<p>\nIosso Waffenteile-Reiniger: Ein Entfetter f\u00fcr Schusswaffen. Dieses biologisch abbaubare Reinigungsmittel entfernt Verschmutzungen, Kohlenstoff, Fett und R\u00fcckst\u00e4nde. Es ist f\u00fcr Ultraschallger\u00e4te geeignet, hat einen niedrigen VOC-Gehalt und besteht aus pflanzlichen Extrakten. Kann aufgespr\u00fcht, als Tauchbad verwendet oder aufgetragen werden, um Waffenteile zu reinigen.<\/p>\n","protected":false},"excerpt":{"rendered":"<p>Umweltfreundlicher, leistungsstarker Entfetter f\u00fcr gr\u00fcndliche Waffenteilereinigung.<\/p>\n","protected":false},"featured_media":102525,"template":"","meta":{"_acf_changed":false},"product_brand":[11483],"product_cat":[12102,12088],"product_tag":[],"class_list":{"0":"post-63348","1":"product","2":"type-product","3":"status-publish","4":"has-post-thumbnail","6":"product_brand-iosso","7":"product_cat-reiniger","8":"product_cat-waffenreinigung","10":"first","11":"instock","12":"taxable","13":"shipping-taxable","14":"purchasable","15":"product-type-simple"},"acf":[],"_links":{"self":[{"href":"https:\/\/staging.nbg.eu\/de\/wp-json\/wp\/v2\/product\/63348","targetHints":{"allow":["GET"]}}],"collection":[{"href":"https:\/\/staging.nbg.eu\/de\/wp-json\/wp\/v2\/product"}],"about":[{"href":"https:\/\/staging.nbg.eu\/de\/wp-json\/wp\/v2\/types\/product"}],"wp:featuredmedia":[{"embeddable":true,"href":"https:\/\/staging.nbg.eu\/de\/wp-json\/wp\/v2\/media\/102525"}],"wp:attachment":[{"href":"https:\/\/staging.nbg.eu\/de\/wp-json\/wp\/v2\/media?parent=63348"}],"wp:term":[{"taxonomy":"product_brand","embeddable":true,"href":"https:\/\/staging.nbg.eu\/de\/wp-json\/wp\/v2\/product_brand?post=63348"},{"taxonomy":"product_cat","embeddable":true,"href":"https:\/\/staging.nbg.eu\/de\/wp-json\/wp\/v2\/product_cat?post=63348"},{"taxonomy":"product_tag","embeddable":true,"href":"https:\/\/staging.nbg.eu\/de\/wp-json\/wp\/v2\/product_tag?post=63348"}],"curies":[{"name":"wp","href":"https:\/\/api.w.org\/{rel}","templated":true}]}}