{"id":63292,"date":"2024-01-23T19:46:33","date_gmt":"2024-09-16T13:04:35","guid":{"rendered":"https:\/\/staging.nbg.eu\/product\/iosso-gunbrite\/"},"modified":"2024-09-16T13:05:25","modified_gmt":"2024-09-16T13:05:25","slug":"iosso-gunbrite","status":"publish","type":"product","link":"https:\/\/staging.nbg.eu\/de\/produkt\/iosso-gunbrite\/","title":{"rendered":"Iosso GunBrite"},"content":{"rendered":"<p>\nIosso GunBrite: Reinigungsl\u00f6sung f\u00fcr Waffen<\/p>\n<ul>\n<li>Sicher f\u00fcr alle Waffenoberfl\u00e4chen<\/li>\n<li>Entfernt Ablagerungen, Rost, Anlaufspuren und Verf\u00e4rbungen<\/li>\n<li>Reinigt Zylinderringe<\/li>\n<li>Hinterl\u00e4sst eine sch\u00fctzende, nicht \u00f6lige Beschichtung<\/li>\n<li>Widersteht Fingerabdr\u00fccken und Feuchtigkeit<\/li>\n<\/ul>\n<p>Iosso GunBrite zur Reinigung von Schusswaffen<\/p>\n","protected":false},"excerpt":{"rendered":"<p>Iosso GunBrite: Reinigt, poliert und sch\u00fctzt Schusswaffen sicher.<\/p>\n","protected":false},"featured_media":102602,"template":"","meta":{"_acf_changed":false},"product_brand":[11483],"product_cat":[12102,12088],"product_tag":[],"class_list":{"0":"post-63292","1":"product","2":"type-product","3":"status-publish","4":"has-post-thumbnail","6":"product_brand-iosso","7":"product_cat-reiniger","8":"product_cat-waffenreinigung","10":"first","11":"instock","12":"taxable","13":"shipping-taxable","14":"purchasable","15":"product-type-variable","16":"wvs-archive-product-wrapper"},"acf":[],"_links":{"self":[{"href":"https:\/\/staging.nbg.eu\/de\/wp-json\/wp\/v2\/product\/63292","targetHints":{"allow":["GET"]}}],"collection":[{"href":"https:\/\/staging.nbg.eu\/de\/wp-json\/wp\/v2\/product"}],"about":[{"href":"https:\/\/staging.nbg.eu\/de\/wp-json\/wp\/v2\/types\/product"}],"wp:featuredmedia":[{"embeddable":true,"href":"https:\/\/staging.nbg.eu\/de\/wp-json\/wp\/v2\/media\/102602"}],"wp:attachment":[{"href":"https:\/\/staging.nbg.eu\/de\/wp-json\/wp\/v2\/media?parent=63292"}],"wp:term":[{"taxonomy":"product_brand","embeddable":true,"href":"https:\/\/staging.nbg.eu\/de\/wp-json\/wp\/v2\/product_brand?post=63292"},{"taxonomy":"product_cat","embeddable":true,"href":"https:\/\/staging.nbg.eu\/de\/wp-json\/wp\/v2\/product_cat?post=63292"},{"taxonomy":"product_tag","embeddable":true,"href":"https:\/\/staging.nbg.eu\/de\/wp-json\/wp\/v2\/product_tag?post=63292"}],"curies":[{"name":"wp","href":"https:\/\/api.w.org\/{rel}","templated":true}]}}