{"id":63228,"date":"2024-01-23T19:51:36","date_gmt":"2024-09-16T13:03:03","guid":{"rendered":"https:\/\/staging.nbg.eu\/product\/iosso-sizing-lubricant-and-cleaner\/"},"modified":"2024-09-16T13:03:54","modified_gmt":"2024-09-16T13:03:54","slug":"iosso-kalibrierungsmittel-und-reiniger","status":"publish","type":"product","link":"https:\/\/staging.nbg.eu\/de\/produkt\/iosso-kalibrierungsmittel-und-reiniger\/","title":{"rendered":"Iosso Kalibrierungsmittel und Reiniger"},"content":{"rendered":"<p>\nIosso Gr\u00f6\u00dfenbestimmungs-Schmiermittel und Reiniger: Eine biobasierte L\u00f6sung f\u00fcr die Gr\u00f6\u00dfenbestimmung von H\u00fclsen. Dieses 4 oz Produkt reinigt und schmiert, verhindert festsitzende H\u00fclsen und verl\u00e4ngert die Lebensdauer der Matrizen. Einfach anzuwenden, ohne R\u00fcckst\u00e4nde oder Geruch. Wasserl\u00f6slich, biologisch abbaubar und nicht entflammbar. Hemmt Korrosion und Rost. H\u00fclsen beschichten, Gr\u00f6\u00dfe bestimmen, dann vor dem Nachladen abwischen oder absp\u00fclen.<\/p>\n","protected":false},"excerpt":{"rendered":"<p>Biologisch abbaubarer Reiniger und Schmiermittel f\u00fcr reibungsloseres Kalibrieren und l\u00e4ngere Lebensdauer der Matrizen.<\/p>\n","protected":false},"featured_media":107659,"template":"","meta":{"_acf_changed":false},"product_brand":[11483],"product_cat":[12102,12103],"product_tag":[],"class_list":{"0":"post-63228","1":"product","2":"type-product","3":"status-publish","4":"has-post-thumbnail","6":"product_brand-iosso","7":"product_cat-reiniger","8":"product_cat-wiederladen","10":"first","11":"instock","12":"taxable","13":"shipping-taxable","14":"purchasable","15":"product-type-variable","16":"wvs-archive-product-wrapper"},"acf":[],"_links":{"self":[{"href":"https:\/\/staging.nbg.eu\/de\/wp-json\/wp\/v2\/product\/63228","targetHints":{"allow":["GET"]}}],"collection":[{"href":"https:\/\/staging.nbg.eu\/de\/wp-json\/wp\/v2\/product"}],"about":[{"href":"https:\/\/staging.nbg.eu\/de\/wp-json\/wp\/v2\/types\/product"}],"wp:featuredmedia":[{"embeddable":true,"href":"https:\/\/staging.nbg.eu\/de\/wp-json\/wp\/v2\/media\/107659"}],"wp:attachment":[{"href":"https:\/\/staging.nbg.eu\/de\/wp-json\/wp\/v2\/media?parent=63228"}],"wp:term":[{"taxonomy":"product_brand","embeddable":true,"href":"https:\/\/staging.nbg.eu\/de\/wp-json\/wp\/v2\/product_brand?post=63228"},{"taxonomy":"product_cat","embeddable":true,"href":"https:\/\/staging.nbg.eu\/de\/wp-json\/wp\/v2\/product_cat?post=63228"},{"taxonomy":"product_tag","embeddable":true,"href":"https:\/\/staging.nbg.eu\/de\/wp-json\/wp\/v2\/product_tag?post=63228"}],"curies":[{"name":"wp","href":"https:\/\/api.w.org\/{rel}","templated":true}]}}