{"id":63150,"date":"2024-01-24T09:44:05","date_gmt":"2024-09-16T13:00:38","guid":{"rendered":"https:\/\/staging.nbg.eu\/product\/iosso-triple-action-oil-solution\/"},"modified":"2024-09-16T13:01:28","modified_gmt":"2024-09-16T13:01:28","slug":"iosso-triple-action-oel-loesung","status":"publish","type":"product","link":"https:\/\/staging.nbg.eu\/de\/produkt\/iosso-triple-action-oel-loesung\/","title":{"rendered":"Iosso Triple Action \u00d6l-L\u00f6sung"},"content":{"rendered":"<p>\nIosso Triple Action \u00d6ll\u00f6sung: Reinigen, schmieren und sch\u00fctzen Sie Ihre Schusswaffen mit dieser biologisch abbaubaren Formel auf Pflanzenbasis. Dringt ein, um Pulver, Kohlenstoff und Kunststoffpfropfen zu l\u00f6sen. Schmiermittel f\u00fcr Teile und Korrosionsschutz. Funktioniert bei extremen Temperaturen bis zu -65\u00b0C. Umweltfreundlich und effektiv f\u00fcr Laufreinigung und Waffenwartung.<\/p>\n","protected":false},"excerpt":{"rendered":"<p>Umweltfreundliches \u00d6l reinigt, schmiert und sch\u00fctzt Schusswaffen effektiv.<\/p>\n","protected":false},"featured_media":107613,"template":"","meta":{"_acf_changed":false},"product_brand":[11483],"product_cat":[12102,12076,12088],"product_tag":[],"class_list":{"0":"post-63150","1":"product","2":"type-product","3":"status-publish","4":"has-post-thumbnail","6":"product_brand-iosso","7":"product_cat-reiniger","8":"product_cat-schmierstoffe","9":"product_cat-waffenreinigung","11":"first","12":"instock","13":"taxable","14":"shipping-taxable","15":"purchasable","16":"product-type-variable","17":"wvs-archive-product-wrapper"},"acf":[],"_links":{"self":[{"href":"https:\/\/staging.nbg.eu\/de\/wp-json\/wp\/v2\/product\/63150","targetHints":{"allow":["GET"]}}],"collection":[{"href":"https:\/\/staging.nbg.eu\/de\/wp-json\/wp\/v2\/product"}],"about":[{"href":"https:\/\/staging.nbg.eu\/de\/wp-json\/wp\/v2\/types\/product"}],"wp:featuredmedia":[{"embeddable":true,"href":"https:\/\/staging.nbg.eu\/de\/wp-json\/wp\/v2\/media\/107613"}],"wp:attachment":[{"href":"https:\/\/staging.nbg.eu\/de\/wp-json\/wp\/v2\/media?parent=63150"}],"wp:term":[{"taxonomy":"product_brand","embeddable":true,"href":"https:\/\/staging.nbg.eu\/de\/wp-json\/wp\/v2\/product_brand?post=63150"},{"taxonomy":"product_cat","embeddable":true,"href":"https:\/\/staging.nbg.eu\/de\/wp-json\/wp\/v2\/product_cat?post=63150"},{"taxonomy":"product_tag","embeddable":true,"href":"https:\/\/staging.nbg.eu\/de\/wp-json\/wp\/v2\/product_tag?post=63150"}],"curies":[{"name":"wp","href":"https:\/\/api.w.org\/{rel}","templated":true}]}}